{"id":5306,"date":"2021-02-11T08:32:03","date_gmt":"2021-02-11T06:32:03","guid":{"rendered":"https:\/\/www.vicpuntzero.cat\/producte\/vicpuntzero-entrada\/"},"modified":"2025-01-03T10:39:14","modified_gmt":"2025-01-03T09:39:14","slug":"vicpuntzero-entrada","status":"publish","type":"product","link":"https:\/\/www.vicpuntzero.cat\/fr\/producte\/vicpuntzero-entrada\/","title":{"rendered":"Billet Vicpuntzero"},"content":{"rendered":"<div><b>Exp\u00e9rience Vicpuntzero : <\/b> visite guid\u00e9e de toutes les zones du site, qui comprend le site arch\u00e9ologique, l&rsquo;ascension du clocher et l&rsquo;audiovisuel immersif.<\/div>\n<div><b> <\/b><\/div>\n<div><b>D\u00e9couvrez Vic :<\/b> visite guid\u00e9e de tous les espaces du Vicpuntzero, qui devient le point de d\u00e9part pour continuer la visite \u00e0 travers le noyau historique de la ville.<\/div>\n","protected":false},"excerpt":{"rendered":"<p>Exp\u00e9rience Vicpuntzero : visite guid\u00e9e de toutes les zones du site, qui comprend le site arch\u00e9ologique, l&rsquo;ascension du clocher et l&rsquo;audiovisuel immersif. D\u00e9couvrez Vic : visite guid\u00e9e de tous les espaces du Vicpuntzero, qui devient le point de d\u00e9part pour continuer la visite \u00e0 travers le noyau historique de la ville.<\/p>\n","protected":false},"featured_media":2542,"comment_status":"closed","ping_status":"closed","template":"","meta":[],"product_cat":[55],"product_tag":[],"class_list":{"0":"post-5306","1":"product","2":"type-product","3":"status-publish","4":"has-post-thumbnail","6":"product_cat-sense-categoria-fr","7":"bookacti-activity","9":"first","10":"instock","11":"shipping-taxable","12":"purchasable","13":"product-type-variable"},"yoast_head":"<!-- This site is optimized with the Yoast SEO plugin v23.9 - https:\/\/yoast.com\/wordpress\/plugins\/seo\/ -->\n<title>Billet Vicpuntzero | Vic<\/title>\n<meta name=\"robots\" content=\"index, follow, max-snippet:-1, max-image-preview:large, max-video-preview:-1\" \/>\n<link rel=\"canonical\" href=\"https:\/\/www.vicpuntzero.cat\/fr\/producte\/vicpuntzero-entrada\/\" \/>\n<meta property=\"og:locale\" content=\"fr_FR\" \/>\n<meta property=\"og:type\" content=\"article\" \/>\n<meta property=\"og:title\" content=\"Billet Vicpuntzero | Vic\" \/>\n<meta property=\"og:description\" content=\"Exp\u00e9rience Vicpuntzero : visite guid\u00e9e de toutes les zones du site, qui comprend le site arch\u00e9ologique, l&rsquo;ascension du clocher et l&rsquo;audiovisuel immersif. D\u00e9couvrez Vic : visite guid\u00e9e de tous les espaces du Vicpuntzero, qui devient le point de d\u00e9part pour continuer la visite \u00e0 travers le noyau historique de la ville.\" \/>\n<meta property=\"og:url\" content=\"https:\/\/www.vicpuntzero.cat\/fr\/producte\/vicpuntzero-entrada\/\" \/>\n<meta property=\"og:site_name\" content=\"Vic\" \/>\n<meta property=\"article:modified_time\" content=\"2025-01-03T09:39:14+00:00\" \/>\n<meta property=\"og:image\" content=\"https:\/\/www.vicpuntzero.cat\/wp-content\/uploads\/2021\/02\/admission-2974645_1920.jpg\" \/>\n\t<meta property=\"og:image:width\" content=\"1920\" \/>\n\t<meta property=\"og:image:height\" content=\"1280\" \/>\n\t<meta property=\"og:image:type\" content=\"image\/jpeg\" \/>\n<meta name=\"twitter:card\" content=\"summary_large_image\" \/>\n<meta name=\"twitter:label1\" content=\"Dur\u00e9e de lecture estim\u00e9e\" \/>\n\t<meta name=\"twitter:data1\" content=\"1 minute\" \/>\n<script type=\"application\/ld+json\" class=\"yoast-schema-graph\">{\"@context\":\"https:\/\/schema.org\",\"@graph\":[{\"@type\":\"WebPage\",\"@id\":\"https:\/\/www.vicpuntzero.cat\/fr\/producte\/vicpuntzero-entrada\/\",\"url\":\"https:\/\/www.vicpuntzero.cat\/fr\/producte\/vicpuntzero-entrada\/\",\"name\":\"Billet Vicpuntzero | Vic\",\"isPartOf\":{\"@id\":\"https:\/\/www.vicpuntzero.cat\/#website\"},\"primaryImageOfPage\":{\"@id\":\"https:\/\/www.vicpuntzero.cat\/fr\/producte\/vicpuntzero-entrada\/#primaryimage\"},\"image\":{\"@id\":\"https:\/\/www.vicpuntzero.cat\/fr\/producte\/vicpuntzero-entrada\/#primaryimage\"},\"thumbnailUrl\":\"https:\/\/www.vicpuntzero.cat\/wp-content\/uploads\/2021\/02\/admission-2974645_1920.jpg\",\"datePublished\":\"2021-02-11T06:32:03+00:00\",\"dateModified\":\"2025-01-03T09:39:14+00:00\",\"breadcrumb\":{\"@id\":\"https:\/\/www.vicpuntzero.cat\/fr\/producte\/vicpuntzero-entrada\/#breadcrumb\"},\"inLanguage\":\"fr-FR\",\"potentialAction\":[{\"@type\":\"ReadAction\",\"target\":[\"https:\/\/www.vicpuntzero.cat\/fr\/producte\/vicpuntzero-entrada\/\"]}]},{\"@type\":\"ImageObject\",\"inLanguage\":\"fr-FR\",\"@id\":\"https:\/\/www.vicpuntzero.cat\/fr\/producte\/vicpuntzero-entrada\/#primaryimage\",\"url\":\"https:\/\/www.vicpuntzero.cat\/wp-content\/uploads\/2021\/02\/admission-2974645_1920.jpg\",\"contentUrl\":\"https:\/\/www.vicpuntzero.cat\/wp-content\/uploads\/2021\/02\/admission-2974645_1920.jpg\",\"width\":1920,\"height\":1280},{\"@type\":\"BreadcrumbList\",\"@id\":\"https:\/\/www.vicpuntzero.cat\/fr\/producte\/vicpuntzero-entrada\/#breadcrumb\",\"itemListElement\":[{\"@type\":\"ListItem\",\"position\":1,\"name\":\"Inici\",\"item\":\"https:\/\/www.vicpuntzero.cat\/en\/\"},{\"@type\":\"ListItem\",\"position\":2,\"name\":\"Productes\",\"item\":\"https:\/\/www.vicpuntzero.cat\/entrades\/\"},{\"@type\":\"ListItem\",\"position\":3,\"name\":\"Billet Vicpuntzero\"}]},{\"@type\":\"WebSite\",\"@id\":\"https:\/\/www.vicpuntzero.cat\/#website\",\"url\":\"https:\/\/www.vicpuntzero.cat\/\",\"name\":\"Vic\",\"description\":\"L&#039;origen d&#039;una hist\u00f2ria\",\"publisher\":{\"@id\":\"https:\/\/www.vicpuntzero.cat\/#organization\"},\"potentialAction\":[{\"@type\":\"SearchAction\",\"target\":{\"@type\":\"EntryPoint\",\"urlTemplate\":\"https:\/\/www.vicpuntzero.cat\/?s={search_term_string}\"},\"query-input\":{\"@type\":\"PropertyValueSpecification\",\"valueRequired\":true,\"valueName\":\"search_term_string\"}}],\"inLanguage\":\"fr-FR\"},{\"@type\":\"Organization\",\"@id\":\"https:\/\/www.vicpuntzero.cat\/#organization\",\"name\":\"Vicpuntzero\",\"url\":\"https:\/\/www.vicpuntzero.cat\/\",\"logo\":{\"@type\":\"ImageObject\",\"inLanguage\":\"fr-FR\",\"@id\":\"https:\/\/www.vicpuntzero.cat\/#\/schema\/logo\/image\/\",\"url\":\"https:\/\/www.vicpuntzero.cat\/wp-content\/uploads\/2020\/12\/cropped-COLOR_POSITIU_HORITZONTAL.png\",\"contentUrl\":\"https:\/\/www.vicpuntzero.cat\/wp-content\/uploads\/2020\/12\/cropped-COLOR_POSITIU_HORITZONTAL.png\",\"width\":1920,\"height\":640,\"caption\":\"Vicpuntzero\"},\"image\":{\"@id\":\"https:\/\/www.vicpuntzero.cat\/#\/schema\/logo\/image\/\"}}]}<\/script>\n<!-- \/ Yoast SEO plugin. -->","yoast_head_json":{"title":"Billet Vicpuntzero | Vic","robots":{"index":"index","follow":"follow","max-snippet":"max-snippet:-1","max-image-preview":"max-image-preview:large","max-video-preview":"max-video-preview:-1"},"canonical":"https:\/\/www.vicpuntzero.cat\/fr\/producte\/vicpuntzero-entrada\/","og_locale":"fr_FR","og_type":"article","og_title":"Billet Vicpuntzero | Vic","og_description":"Exp\u00e9rience Vicpuntzero : visite guid\u00e9e de toutes les zones du site, qui comprend le site arch\u00e9ologique, l&rsquo;ascension du clocher et l&rsquo;audiovisuel immersif. D\u00e9couvrez Vic : visite guid\u00e9e de tous les espaces du Vicpuntzero, qui devient le point de d\u00e9part pour continuer la visite \u00e0 travers le noyau historique de la ville.","og_url":"https:\/\/www.vicpuntzero.cat\/fr\/producte\/vicpuntzero-entrada\/","og_site_name":"Vic","article_modified_time":"2025-01-03T09:39:14+00:00","og_image":[{"width":1920,"height":1280,"url":"https:\/\/www.vicpuntzero.cat\/wp-content\/uploads\/2021\/02\/admission-2974645_1920.jpg","type":"image\/jpeg"}],"twitter_card":"summary_large_image","twitter_misc":{"Dur\u00e9e de lecture estim\u00e9e":"1 minute"},"schema":{"@context":"https:\/\/schema.org","@graph":[{"@type":"WebPage","@id":"https:\/\/www.vicpuntzero.cat\/fr\/producte\/vicpuntzero-entrada\/","url":"https:\/\/www.vicpuntzero.cat\/fr\/producte\/vicpuntzero-entrada\/","name":"Billet Vicpuntzero | Vic","isPartOf":{"@id":"https:\/\/www.vicpuntzero.cat\/#website"},"primaryImageOfPage":{"@id":"https:\/\/www.vicpuntzero.cat\/fr\/producte\/vicpuntzero-entrada\/#primaryimage"},"image":{"@id":"https:\/\/www.vicpuntzero.cat\/fr\/producte\/vicpuntzero-entrada\/#primaryimage"},"thumbnailUrl":"https:\/\/www.vicpuntzero.cat\/wp-content\/uploads\/2021\/02\/admission-2974645_1920.jpg","datePublished":"2021-02-11T06:32:03+00:00","dateModified":"2025-01-03T09:39:14+00:00","breadcrumb":{"@id":"https:\/\/www.vicpuntzero.cat\/fr\/producte\/vicpuntzero-entrada\/#breadcrumb"},"inLanguage":"fr-FR","potentialAction":[{"@type":"ReadAction","target":["https:\/\/www.vicpuntzero.cat\/fr\/producte\/vicpuntzero-entrada\/"]}]},{"@type":"ImageObject","inLanguage":"fr-FR","@id":"https:\/\/www.vicpuntzero.cat\/fr\/producte\/vicpuntzero-entrada\/#primaryimage","url":"https:\/\/www.vicpuntzero.cat\/wp-content\/uploads\/2021\/02\/admission-2974645_1920.jpg","contentUrl":"https:\/\/www.vicpuntzero.cat\/wp-content\/uploads\/2021\/02\/admission-2974645_1920.jpg","width":1920,"height":1280},{"@type":"BreadcrumbList","@id":"https:\/\/www.vicpuntzero.cat\/fr\/producte\/vicpuntzero-entrada\/#breadcrumb","itemListElement":[{"@type":"ListItem","position":1,"name":"Inici","item":"https:\/\/www.vicpuntzero.cat\/en\/"},{"@type":"ListItem","position":2,"name":"Productes","item":"https:\/\/www.vicpuntzero.cat\/entrades\/"},{"@type":"ListItem","position":3,"name":"Billet Vicpuntzero"}]},{"@type":"WebSite","@id":"https:\/\/www.vicpuntzero.cat\/#website","url":"https:\/\/www.vicpuntzero.cat\/","name":"Vic","description":"L&#039;origen d&#039;una hist\u00f2ria","publisher":{"@id":"https:\/\/www.vicpuntzero.cat\/#organization"},"potentialAction":[{"@type":"SearchAction","target":{"@type":"EntryPoint","urlTemplate":"https:\/\/www.vicpuntzero.cat\/?s={search_term_string}"},"query-input":{"@type":"PropertyValueSpecification","valueRequired":true,"valueName":"search_term_string"}}],"inLanguage":"fr-FR"},{"@type":"Organization","@id":"https:\/\/www.vicpuntzero.cat\/#organization","name":"Vicpuntzero","url":"https:\/\/www.vicpuntzero.cat\/","logo":{"@type":"ImageObject","inLanguage":"fr-FR","@id":"https:\/\/www.vicpuntzero.cat\/#\/schema\/logo\/image\/","url":"https:\/\/www.vicpuntzero.cat\/wp-content\/uploads\/2020\/12\/cropped-COLOR_POSITIU_HORITZONTAL.png","contentUrl":"https:\/\/www.vicpuntzero.cat\/wp-content\/uploads\/2020\/12\/cropped-COLOR_POSITIU_HORITZONTAL.png","width":1920,"height":640,"caption":"Vicpuntzero"},"image":{"@id":"https:\/\/www.vicpuntzero.cat\/#\/schema\/logo\/image\/"}}]}},"_links":{"self":[{"href":"https:\/\/www.vicpuntzero.cat\/fr\/wp-json\/wp\/v2\/product\/5306","targetHints":{"allow":["GET"]}}],"collection":[{"href":"https:\/\/www.vicpuntzero.cat\/fr\/wp-json\/wp\/v2\/product"}],"about":[{"href":"https:\/\/www.vicpuntzero.cat\/fr\/wp-json\/wp\/v2\/types\/product"}],"replies":[{"embeddable":true,"href":"https:\/\/www.vicpuntzero.cat\/fr\/wp-json\/wp\/v2\/comments?post=5306"}],"wp:featuredmedia":[{"embeddable":true,"href":"https:\/\/www.vicpuntzero.cat\/fr\/wp-json\/wp\/v2\/media\/2542"}],"wp:attachment":[{"href":"https:\/\/www.vicpuntzero.cat\/fr\/wp-json\/wp\/v2\/media?parent=5306"}],"wp:term":[{"taxonomy":"product_cat","embeddable":true,"href":"https:\/\/www.vicpuntzero.cat\/fr\/wp-json\/wp\/v2\/product_cat?post=5306"},{"taxonomy":"product_tag","embeddable":true,"href":"https:\/\/www.vicpuntzero.cat\/fr\/wp-json\/wp\/v2\/product_tag?post=5306"}],"curies":[{"name":"wp","href":"https:\/\/api.w.org\/{rel}","templated":true}]}}