{"id":540,"date":"2020-11-30T10:05:08","date_gmt":"2020-11-30T10:05:08","guid":{"rendered":"https:\/\/www.vicpuntzero.cat\/contingut-loc-audiovisual\/"},"modified":"2021-03-26T09:44:17","modified_gmt":"2021-03-26T07:44:17","slug":"contenu-loc6","status":"publish","type":"page","link":"https:\/\/www.vicpuntzero.cat\/fr\/contenu-loc6\/","title":{"rendered":"Contenu LOC AUDIO-VISUEL"},"content":{"rendered":"<p align=\"left\"><span style=\"font-size: medium;\"><b>SC\u00c9NARIO DE L\u2019EXPOSITION ET DU SPECTACLE AUDIOVISUEL \u00ab&nbsp;ILLA DE LA PIETAT&nbsp;\u00bb<\/b><\/span><\/p>\n<p align=\"left\"><span style=\"font-size: medium;\"><u>VIC&nbsp;: UN VOYAGE \u00c0 TRAVERS LE TEMPS ET L\u2019ART<\/u><\/span><\/p>\n<p align=\"left\"><span style=\"font-size: medium;\">Nous sommes l\u00e0&#8230;<br \/>\n\u00c0 Vic, le poumon de la r\u00e9gion d\u2019Osona&nbsp;:<br \/>\nSur le point le plus \u00e9lev\u00e9 du centre historique&#8230;<br \/>\nL\u00e0 o\u00f9 la cit\u00e9 a commenc\u00e9.<br \/>\nC\u2019est en ce point bien pr\u00e9cis que convergent toutes les \u00e9poques&#8230; Cette ville est le lieu de rencontre de toutes les histoires&#8230;<br \/>\nNous recherchons leurs empreintes dans l\u2019art&#8230;<br \/>\nChaque style nous donne des indices sur un moment de l\u2019histoire.<br \/>\nL\u2019art nous servira de guide tout au long de ce voyage&#8230;<br \/>\nNous nous appr\u00eatons \u00e0 voyager 2&nbsp;000&nbsp;ans en arri\u00e8re&#8230;<br \/>\n<\/span><\/p>\n<p align=\"left\"><span style=\"font-size: medium;\"><u>AUSO, CIT\u00c9 TRIBUTAIRE DE ROME \u2013 ART CLASSIQUE<\/u><\/span><\/p>\n<p align=\"left\"><span style=\"font-size: medium;\">Nous sommes au Ier&nbsp;si\u00e8cle apr\u00e8s. J.-C&#8230;.<br \/>\nQui habite cet endroit?<br \/>\nDepuis des si\u00e8cles, le peuple ib\u00e8re des Aus\u00e9tans occupe ces territoires.<br \/>\nPlus tard, c\u2019est au tour de la civilisation romaine de s\u2019y installer&nbsp;: commer\u00e7ants, soldats et citoyens qui v\u00e9n\u00e8rent leurs dieux.<br \/>\nC\u2019est ici, sur le point culminant de la ville, qu\u2019a \u00e9t\u00e9 fond\u00e9e la cit\u00e9 d\u2019Auso.<br \/>\nEt c\u2019est ici m\u00eame que le temple est \u00e9rig\u00e9&#8230;<br \/>\nIl s\u2019agit d\u2019une ville importante dans la juridiction romaine.<br \/>\nIl y passe l\u2019une des voies qui relie la Gaule \u00e0 Barcino (Barcelone)<br \/>\nDu pass\u00e9 ib\u00e8re\u2026<br \/>\n&#8230; et du pass\u00e9 romain, la r\u00e9gion d\u2019Osona en conserve des secrets qui perdurent encore aujourd\u2019hui.<br \/>\nMais des p\u00e9riodes difficiles approchent. L\u2019Empire p\u00e9riclite et les si\u00e8cles voient d\u00e9filer les cultures: Carolingiens, Wisigoths, Sarrasins&#8230; Tous les peuples veulent s\u2019y faire une place.<br \/>\n<\/span><\/p>\n<p align=\"left\"><span style=\"font-size: medium;\">LA VILLE DE VIC EN L\u2019AN 1000 \u2013 ENTRE LES MONTCADA ET L\u2019\u00c9V\u00caQUE OLIVA \u2013 ART ROMAN LOMBARD<\/span><\/p>\n<p align=\"left\"><span style=\"font-size: medium;\">Nous voil\u00e0 au IXe&nbsp;si\u00e8cle.<br \/>\nRegardez! C\u2019est le comte Guifred \/ C\u2019est le comte Guifr\u00e9.<br \/>\nIl descend des Pyr\u00e9n\u00e9es et s\u2019appr\u00eate \u00e0 d\u00e9cider du site de construction de son ch\u00e2teau pour repeupler la plaine&#8230;<br \/>\nJuste ici.<br \/>\nO\u00f9 se trouvait le temple romain&#8230; \u00c9videmment&#8230;<br \/>\nC\u2019est \u00e0 cet endroit m\u00eame que le ch\u00e2teau est dress\u00e9.<br \/>\nLa ville m\u00e9di\u00e9vale de Vic est d\u00e9coup\u00e9e en deux juridictions.<br \/>\nL\u2019une gouvern\u00e9e par le comte, et l\u2019autre par l&rsquo;\u00e9v\u00eaque.<br \/>\nLe comte domine la partie haute de la ville, et la partie basse est utilis\u00e9e pour y jeter les bases du si\u00e8ge \u00e9piscopal.<br \/>\nEt l\u2019ancienne cit\u00e9 d\u2019Auso devient un Vic divis\u00e9:<br \/>\nIl y a des dames, des chevaliers&#8230; et des comtes dans le ch\u00e2teau de Montcada.<br \/>\nIl y a des clercs et des chanoines autour du si\u00e8ge \u00e9piscopal.<br \/>\nEt au milieu de tout ce monde, tensions et conflits.<br \/>\nDepuis son origine et tout au long de l\u2019histoire, l\u2019\u00e9v\u00each\u00e9 tiendra un r\u00f4le majeur dans la vie culturelle de Vic.<br \/>\nDes figures comme Gerbert d\u2019Aurillac, l\u2019\u00e9tudiant qui devint pape sous le nom de Sylvestre&nbsp;II, ou les \u00e9v\u00eaques At\u00f3 et Oliva, auront une influence importante \u00e0 cette \u00e9poque.<br \/>\nLa cath\u00e9drale est agrandie et le Scriptorium est cr\u00e9\u00e9, ce qui est \u00e0 l\u2019origine des futures \u00e9tudes sup\u00e9rieures.<br \/>\nPens\u00e9e, science et art investissent la ville sous l\u2019\u00e9gide de l\u2019\u00c9glise et ne l\u2019abandonneront plus jamais.<br \/>\nVic se transformera en un centre de pouvoir et de culture, et deviendra l\u2019une des villes les plus importantes de Catalogne.<br \/>\nL\u2019art roman lombard se propage dans tout le comt\u00e9 d\u2019Osona ainsi que dans la Vieille Catalogne.<br \/>\nAujourd\u2019hui encore, il est possible de voyager \u00e0 travers la richesse artistique m\u00e9di\u00e9vale dans la plupart des paroisses de la r\u00e9gion.<br \/>\nMais aussi faire une visite passionnante des rues \u00e9troites du centre historique de Vic.<br \/>\nLes si\u00e8cles qui suivirent ne seront que croissance. Et Vic recevra le titre de ville.<br \/>\nLes tours et les murailles prot\u00e9geront le ch\u00e2teau et la cath\u00e9drale, et parmi eux une grande esplanade s\u00e9parant ces deux b\u00e2timents et devenant au fil du temps toute une ic\u00f4ne&nbsp;: la place Mercadal.<br \/>\nEt les rues se remplissent d\u2019artisans, de marchands, mais \u00e9galement de cambistes et d\u2019usuriers&#8230; Et pendant pr\u00e8s de deux si\u00e8cles, un petit quartier juif et sa synagogue vont jusqu\u2019\u00e0 y \u00eatre am\u00e9nag\u00e9s.<br \/>\nMais des p\u00e9riodes sombres sont \u00e9galement travers\u00e9es, avec des luttes entre seigneurs f\u00e9odaux&#8230; Et la peste noire laisse place \u00e0 la d\u00e9solation.<\/span><\/p>\n<p align=\"left\"><span style=\"font-size: medium;\"><u>L\u2019UNIFICATION DE LA VILLE \u2013 ART GOTHIQUE<\/u><\/span><\/p>\n<p align=\"left\"><span style=\"font-size: medium;\">Nous sommes au XVe&nbsp;si\u00e8cle.<br \/>\nUn roi nous re\u00e7oit&nbsp;: Alphonse&nbsp;V le Magnanime.<br \/>\nIl ratifie le privil\u00e8ge qui unifie la ville en un seul conseil municipal.<br \/>\nLes habitants forment d\u00e9sormais un seul peuple.<br \/>\nLes vieux conflits s\u2019apaisent et la splendeur de Vic ne cesse de cro\u00eetre.<br \/>\nLa ville r\u00e9nove des espaces \u00e0 l\u2019int\u00e9rieur des murailles sous l\u2019influence du style gothique.<br \/>\nLes fen\u00eatres s\u2019ouvrent vers le ciel, aussi bien dans l\u2019architecture eccl\u00e9siastique que dans l\u2019architecture civile.<br \/>\nLes murailles tombent et les anciens faubourgs s\u2019\u00e9tendent.<br \/>\nCela fait un si\u00e8cle qu\u2019un nouveau pont a ouvert un nouvel acc\u00e8s \u00e0 la ville.<br \/>\nL\u2019art gothique des formes sveltes marque encore aujourd\u2019hui la ville de ses empreintes&#8230; Il suffit de savoir les trouver.<br \/>\nNous touchons le ciel, et nous nous laissons porter vers l\u2019avant.<\/span><\/p>\n<p align=\"left\"><span style=\"font-size: medium;\"><u>DYNAMISME URBAIN ET ECCL\u00c9SIASTIQUE \u2013 ART BAROQUE<\/u><\/span><\/p>\n<p align=\"left\"><span style=\"font-size: medium;\">Le changement de la ville baroque d\u00e9butera par une d\u00e9molition.<br \/>\nNous atterrissons dans une nouvelle \u00e9poque, apr\u00e8s une Renaissance ayant laiss\u00e9 un pauvre h\u00e9ritage.<br \/>\nPendant une longue p\u00e9riode, diff\u00e9rentes g\u00e9n\u00e9rations de ma\u00eetres d\u2019\u0153uvre et de sculpteurs de la famille des Morat\u00f3, en collaboration avec des ateliers d\u2019artisans hautement qualifi\u00e9s, se mettent au service de l\u2019art civil et eccl\u00e9siastique.<br \/>\n\u00c9tudiants et artistes se m\u00ealent aux artisans et commer\u00e7ants.<br \/>\nEt pour quelle raison la d\u00e9molition&nbsp;?<br \/>\nAu XVIIE&nbsp;si\u00e8cle, une grande partie des faubourgs de la ville est d\u00e9mantel\u00e9e en raison d\u2019un plan de fortification qui ne parvient pas \u00e0 se concr\u00e9tiser.<br \/>\nDe nombreux vestiges de l\u2019art roman et gothique sont perdus.<br \/>\nMais l\u2019initiative donne lieu \u00e0 un nouvel am\u00e9nagement urbain.<br \/>\nDe nouveaux couvents sont \u00e9rig\u00e9s autour du centre de la ville m\u00e9di\u00e9vale.<br \/>\nLes ordres religieux font partie de la vie culturelle moderne de Vic.<br \/>\nLa silhouette de la ville change par la construction d\u2019une nouvelle voie qui la ceinture et par l\u2019am\u00e9nagement du premier quartier de trac\u00e9 lin\u00e9aire&nbsp;: l\u2019Eixample Morat\u00f3.<br \/>\nNous vivons une \u00e9poque de prosp\u00e9rit\u00e9 et de splendeur.<br \/>\nLa place Mercadal reste encore et toujours le poumon \u00e9conomique de la ville. Mais l\u2019esplanade s\u2019anoblit d\u00e9sormais.<br \/>\nLes maisons d\u2019hiver des grands propri\u00e9taires terriens de la r\u00e9gion se dressent autour de cette place et dans toute la ville.<br \/>\nDes demeures qui leur servent \u00e0 faire parade de leur patrimoine et des balcons du haut desquels ils peuvent se montrer et observer la vie depuis leur position privil\u00e9gi\u00e9e.<br \/>\nL\u2019art baroque de Vic est un style propre dont il est fait \u00e9talage dans toute la ville. Derri\u00e8re les fa\u00e7ades aust\u00e8res, les int\u00e9rieurs sont pleins de th\u00e9\u00e2tralit\u00e9, d\u2019art, de lumi\u00e8re et de dynamisme.<br \/>\nLe symbole d\u2019une ville en expansion, qui gagne du poids culturel dans tout le territoire.<br \/>\nNe vous laissez pas envo\u00fbter, l\u2019heure est venue de quitter le baroque et d\u2019avancer.<\/span><\/p>\n<p align=\"left\"><span style=\"font-size: medium;\"><u>L\u2019ART SP\u00c9CIFIQUE DE VIC, \u00c0 CHEVAL ENTRE LES XIXE ET XXE&nbsp;SI\u00c8CLES \u2013 L\u2019ART DU MODERNISME AUX AVANT-GARDES<\/u><\/span><\/p>\n<p align=\"left\"><span style=\"font-size: medium;\">Psst&#8230;<br \/>\nPour comprendre cette nouvelle \u00e9tape du voyage, il nous faut tout d\u2019abord aller faire un tour \u00e0 la biblioth\u00e8que \u00e9piscopale&#8230;<br \/>\nCe fil qui a commenc\u00e9 par le Scriptorium est rest\u00e9 vivant au cours du temps gr\u00e2ce \u00e0 l\u2019Universit\u00e9 litt\u00e9raire des XVIe et XVIIe&nbsp;si\u00e8cles, et maintenant avec le S\u00e9minaire et cette biblioth\u00e8que cr\u00e9\u00e9e par l\u2019\u00e9v\u00eaque Francesc de Veyan&#8230;<br \/>\nDes g\u00e9n\u00e9rations d\u2019intellectuels, d\u2019eccl\u00e9siastiques et d\u2019importants professionnels des XIXe et XXe&nbsp;si\u00e8cles se sont form\u00e9s au milieu de ces livres.<br \/>\nL\u2019un d\u2019eux fut le penseur et homme politique Jaume Balmes&#8230;<br \/>\n&#8230; un autre, le po\u00e8te Jacint Verdaguer&#8230;<br \/>\nDes ann\u00e9es plus tard, ce fut au tour de l\u2019\u00e9v\u00eaque et penseur Josep Torras i Bages&#8230;<br \/>\n&#8230; Et cette biblioth\u00e8que jouera un r\u00f4le phare pour un artiste r\u00e9put\u00e9 \u00e0 l\u2019\u00e9chelle internationale tel que le peintre Josep Maria Sert.<br \/>\nImaginez-vous la vie culturelle de la ville avec toutes ces c\u00e9l\u00e9brit\u00e9s et de nombreux autres personnages.<br \/>\nEntre la fin du XIXe et le d\u00e9but du XXe&nbsp;si\u00e8cle, l\u2019\u00e9lan artistique positionne Vic au premier plan de la sc\u00e8ne culturelle catalane.<br \/>\nDes courants comme l\u2019art sp\u00e9cifique de Vic, la Renaissance et le modernisme se succ\u00e8dent pour laisser de superbes vestiges dans la ville.<br \/>\nL\u2019influence des institutions religieuses a marqu\u00e9 la soci\u00e9t\u00e9&nbsp;: \u00e9tudiants, s\u00e9minaristes, nouvelles congr\u00e9gations&#8230; Le portrait d\u2019une atmosph\u00e8re qui identifiera Vic comme la ville des Saints.<br \/>\nNous pouvons d\u00e9couvrir tout un nouveau paysage urbain d\u2019architecture civile\u2026<br \/>\n&#8230;et industrielle, avec deux secteurs en expansion: l\u2019industrie du cuir et celle de l\u2019\u00e9laboration de charcuteries.<br \/>\n<\/span><\/p>\n<p align=\"left\"><span style=\"font-size: medium;\"><u>VIC AUJOURD\u2019HUI \u2013 VILLE D\u2019ART<\/u><\/span><\/p>\n<p align=\"left\"><span style=\"font-size: medium;\">Et nous y revoil\u00e0.<br \/>\nNous sommes de retour ici m\u00eame.<br \/>\nDans la ville de Vic du pr\u00e9sent&#8230;<br \/>\nQui peut-on y trouver&nbsp;?<br \/>\nDes artistes&#8230;<br \/>\nDes commer\u00e7ants&#8230;<br \/>\nDes \u00e9tudiants&#8230;<br \/>\nLa vie&nbsp;!<br \/>\nLaissons-nous s\u00e9duire par l\u2019art et la culture&#8230;<br \/>\nVic pr\u00e9serve le patrimoine pour nous expliquer tout cela&#8230;<br \/>\nLa ville diffuse et produit des connaissances&#8230;<br \/>\nElle encourage l\u2019expression artistique&#8230;<br \/>\nLe c\u0153ur de Vic attire.<br \/>\nLa place est une ic\u00f4ne et une force.<br \/>\nLes march\u00e9s et salons y sont arpent\u00e9s toute l\u2019ann\u00e9e.<br \/>\nL\u2019\u00e9nergie de la place d\u00e9ferle dans toutes les rues.<br \/>\nVic, c\u2019est le commerce de proximit\u00e9 et de qualit\u00e9.<br \/>\nL\u2019art, la culture, la vie&#8230;<br \/>\nNous avons parcouru Vic au fil des si\u00e8cles.<br \/>\nMais tout reste \u00e0 port\u00e9e de main&#8230;<br \/>\nSortons d\u00e9couvrir tout \u00e7a&nbsp;?<br \/>\nSortons en profiter.<\/span><\/p>\n<p align=\"center\"><span style=\"font-size: medium;\">***********************<\/span><\/p>\n","protected":false},"excerpt":{"rendered":"<p>SC\u00c9NARIO DE L\u2019EXPOSITION ET DU SPECTACLE AUDIOVISUEL \u00ab&nbsp;ILLA DE LA PIETAT&nbsp;\u00bb VIC&nbsp;: UN VOYAGE \u00c0 TRAVERS LE TEMPS ET L\u2019ART Nous sommes l\u00e0&#8230; \u00c0 Vic, le poumon de la r\u00e9gion d\u2019Osona&nbsp;: Sur le point le plus \u00e9lev\u00e9 du centre historique&#8230; L\u00e0 o\u00f9 la cit\u00e9 a commenc\u00e9. C\u2019est en ce point bien pr\u00e9cis que convergent toutes [&hellip;]<\/p>\n","protected":false},"author":1,"featured_media":0,"parent":0,"menu_order":0,"comment_status":"closed","ping_status":"closed","template":"","meta":{"footnotes":""},"class_list":["post-540","page","type-page","status-publish","hentry"],"yoast_head":"<!-- This site is optimized with the Yoast SEO plugin v23.9 - https:\/\/yoast.com\/wordpress\/plugins\/seo\/ -->\n<title>Contenu LOC AUDIO-VISUEL | Vic<\/title>\n<meta name=\"robots\" content=\"index, follow, max-snippet:-1, max-image-preview:large, max-video-preview:-1\" \/>\n<link rel=\"canonical\" href=\"https:\/\/www.vicpuntzero.cat\/fr\/contenu-loc6\/\" \/>\n<meta property=\"og:locale\" content=\"fr_FR\" \/>\n<meta property=\"og:type\" content=\"article\" \/>\n<meta property=\"og:title\" content=\"Contenu LOC AUDIO-VISUEL | Vic\" \/>\n<meta property=\"og:description\" content=\"SC\u00c9NARIO DE L\u2019EXPOSITION ET DU SPECTACLE AUDIOVISUEL \u00ab&nbsp;ILLA DE LA PIETAT&nbsp;\u00bb VIC&nbsp;: UN VOYAGE \u00c0 TRAVERS LE TEMPS ET L\u2019ART Nous sommes l\u00e0&#8230; \u00c0 Vic, le poumon de la r\u00e9gion d\u2019Osona&nbsp;: Sur le point le plus \u00e9lev\u00e9 du centre historique&#8230; L\u00e0 o\u00f9 la cit\u00e9 a commenc\u00e9. C\u2019est en ce point bien pr\u00e9cis que convergent toutes [&hellip;]\" \/>\n<meta property=\"og:url\" content=\"https:\/\/www.vicpuntzero.cat\/fr\/contenu-loc6\/\" \/>\n<meta property=\"og:site_name\" content=\"Vic\" \/>\n<meta property=\"article:modified_time\" content=\"2021-03-26T07:44:17+00:00\" \/>\n<meta name=\"twitter:card\" content=\"summary_large_image\" \/>\n<meta name=\"twitter:label1\" content=\"Dur\u00e9e de lecture estim\u00e9e\" \/>\n\t<meta name=\"twitter:data1\" content=\"9 minutes\" \/>\n<script type=\"application\/ld+json\" class=\"yoast-schema-graph\">{\"@context\":\"https:\/\/schema.org\",\"@graph\":[{\"@type\":\"WebPage\",\"@id\":\"https:\/\/www.vicpuntzero.cat\/fr\/contenu-loc6\/\",\"url\":\"https:\/\/www.vicpuntzero.cat\/fr\/contenu-loc6\/\",\"name\":\"Contenu LOC AUDIO-VISUEL | Vic\",\"isPartOf\":{\"@id\":\"https:\/\/www.vicpuntzero.cat\/#website\"},\"datePublished\":\"2020-11-30T10:05:08+00:00\",\"dateModified\":\"2021-03-26T07:44:17+00:00\",\"breadcrumb\":{\"@id\":\"https:\/\/www.vicpuntzero.cat\/fr\/contenu-loc6\/#breadcrumb\"},\"inLanguage\":\"fr-FR\",\"potentialAction\":[{\"@type\":\"ReadAction\",\"target\":[\"https:\/\/www.vicpuntzero.cat\/fr\/contenu-loc6\/\"]}]},{\"@type\":\"BreadcrumbList\",\"@id\":\"https:\/\/www.vicpuntzero.cat\/fr\/contenu-loc6\/#breadcrumb\",\"itemListElement\":[{\"@type\":\"ListItem\",\"position\":1,\"name\":\"Inici\",\"item\":\"https:\/\/www.vicpuntzero.cat\/en\/\"},{\"@type\":\"ListItem\",\"position\":2,\"name\":\"Contenu LOC AUDIO-VISUEL\"}]},{\"@type\":\"WebSite\",\"@id\":\"https:\/\/www.vicpuntzero.cat\/#website\",\"url\":\"https:\/\/www.vicpuntzero.cat\/\",\"name\":\"Vic\",\"description\":\"L&#039;origen d&#039;una hist\u00f2ria\",\"publisher\":{\"@id\":\"https:\/\/www.vicpuntzero.cat\/#organization\"},\"potentialAction\":[{\"@type\":\"SearchAction\",\"target\":{\"@type\":\"EntryPoint\",\"urlTemplate\":\"https:\/\/www.vicpuntzero.cat\/?s={search_term_string}\"},\"query-input\":{\"@type\":\"PropertyValueSpecification\",\"valueRequired\":true,\"valueName\":\"search_term_string\"}}],\"inLanguage\":\"fr-FR\"},{\"@type\":\"Organization\",\"@id\":\"https:\/\/www.vicpuntzero.cat\/#organization\",\"name\":\"Vicpuntzero\",\"url\":\"https:\/\/www.vicpuntzero.cat\/\",\"logo\":{\"@type\":\"ImageObject\",\"inLanguage\":\"fr-FR\",\"@id\":\"https:\/\/www.vicpuntzero.cat\/#\/schema\/logo\/image\/\",\"url\":\"https:\/\/www.vicpuntzero.cat\/wp-content\/uploads\/2020\/12\/cropped-COLOR_POSITIU_HORITZONTAL.png\",\"contentUrl\":\"https:\/\/www.vicpuntzero.cat\/wp-content\/uploads\/2020\/12\/cropped-COLOR_POSITIU_HORITZONTAL.png\",\"width\":1920,\"height\":640,\"caption\":\"Vicpuntzero\"},\"image\":{\"@id\":\"https:\/\/www.vicpuntzero.cat\/#\/schema\/logo\/image\/\"}}]}<\/script>\n<!-- \/ Yoast SEO plugin. -->","yoast_head_json":{"title":"Contenu LOC AUDIO-VISUEL | Vic","robots":{"index":"index","follow":"follow","max-snippet":"max-snippet:-1","max-image-preview":"max-image-preview:large","max-video-preview":"max-video-preview:-1"},"canonical":"https:\/\/www.vicpuntzero.cat\/fr\/contenu-loc6\/","og_locale":"fr_FR","og_type":"article","og_title":"Contenu LOC AUDIO-VISUEL | Vic","og_description":"SC\u00c9NARIO DE L\u2019EXPOSITION ET DU SPECTACLE AUDIOVISUEL \u00ab&nbsp;ILLA DE LA PIETAT&nbsp;\u00bb VIC&nbsp;: UN VOYAGE \u00c0 TRAVERS LE TEMPS ET L\u2019ART Nous sommes l\u00e0&#8230; \u00c0 Vic, le poumon de la r\u00e9gion d\u2019Osona&nbsp;: Sur le point le plus \u00e9lev\u00e9 du centre historique&#8230; L\u00e0 o\u00f9 la cit\u00e9 a commenc\u00e9. C\u2019est en ce point bien pr\u00e9cis que convergent toutes [&hellip;]","og_url":"https:\/\/www.vicpuntzero.cat\/fr\/contenu-loc6\/","og_site_name":"Vic","article_modified_time":"2021-03-26T07:44:17+00:00","twitter_card":"summary_large_image","twitter_misc":{"Dur\u00e9e de lecture estim\u00e9e":"9 minutes"},"schema":{"@context":"https:\/\/schema.org","@graph":[{"@type":"WebPage","@id":"https:\/\/www.vicpuntzero.cat\/fr\/contenu-loc6\/","url":"https:\/\/www.vicpuntzero.cat\/fr\/contenu-loc6\/","name":"Contenu LOC AUDIO-VISUEL | Vic","isPartOf":{"@id":"https:\/\/www.vicpuntzero.cat\/#website"},"datePublished":"2020-11-30T10:05:08+00:00","dateModified":"2021-03-26T07:44:17+00:00","breadcrumb":{"@id":"https:\/\/www.vicpuntzero.cat\/fr\/contenu-loc6\/#breadcrumb"},"inLanguage":"fr-FR","potentialAction":[{"@type":"ReadAction","target":["https:\/\/www.vicpuntzero.cat\/fr\/contenu-loc6\/"]}]},{"@type":"BreadcrumbList","@id":"https:\/\/www.vicpuntzero.cat\/fr\/contenu-loc6\/#breadcrumb","itemListElement":[{"@type":"ListItem","position":1,"name":"Inici","item":"https:\/\/www.vicpuntzero.cat\/en\/"},{"@type":"ListItem","position":2,"name":"Contenu LOC AUDIO-VISUEL"}]},{"@type":"WebSite","@id":"https:\/\/www.vicpuntzero.cat\/#website","url":"https:\/\/www.vicpuntzero.cat\/","name":"Vic","description":"L&#039;origen d&#039;una hist\u00f2ria","publisher":{"@id":"https:\/\/www.vicpuntzero.cat\/#organization"},"potentialAction":[{"@type":"SearchAction","target":{"@type":"EntryPoint","urlTemplate":"https:\/\/www.vicpuntzero.cat\/?s={search_term_string}"},"query-input":{"@type":"PropertyValueSpecification","valueRequired":true,"valueName":"search_term_string"}}],"inLanguage":"fr-FR"},{"@type":"Organization","@id":"https:\/\/www.vicpuntzero.cat\/#organization","name":"Vicpuntzero","url":"https:\/\/www.vicpuntzero.cat\/","logo":{"@type":"ImageObject","inLanguage":"fr-FR","@id":"https:\/\/www.vicpuntzero.cat\/#\/schema\/logo\/image\/","url":"https:\/\/www.vicpuntzero.cat\/wp-content\/uploads\/2020\/12\/cropped-COLOR_POSITIU_HORITZONTAL.png","contentUrl":"https:\/\/www.vicpuntzero.cat\/wp-content\/uploads\/2020\/12\/cropped-COLOR_POSITIU_HORITZONTAL.png","width":1920,"height":640,"caption":"Vicpuntzero"},"image":{"@id":"https:\/\/www.vicpuntzero.cat\/#\/schema\/logo\/image\/"}}]}},"_links":{"self":[{"href":"https:\/\/www.vicpuntzero.cat\/fr\/wp-json\/wp\/v2\/pages\/540","targetHints":{"allow":["GET"]}}],"collection":[{"href":"https:\/\/www.vicpuntzero.cat\/fr\/wp-json\/wp\/v2\/pages"}],"about":[{"href":"https:\/\/www.vicpuntzero.cat\/fr\/wp-json\/wp\/v2\/types\/page"}],"author":[{"embeddable":true,"href":"https:\/\/www.vicpuntzero.cat\/fr\/wp-json\/wp\/v2\/users\/1"}],"replies":[{"embeddable":true,"href":"https:\/\/www.vicpuntzero.cat\/fr\/wp-json\/wp\/v2\/comments?post=540"}],"version-history":[{"count":5,"href":"https:\/\/www.vicpuntzero.cat\/fr\/wp-json\/wp\/v2\/pages\/540\/revisions"}],"predecessor-version":[{"id":4653,"href":"https:\/\/www.vicpuntzero.cat\/fr\/wp-json\/wp\/v2\/pages\/540\/revisions\/4653"}],"wp:attachment":[{"href":"https:\/\/www.vicpuntzero.cat\/fr\/wp-json\/wp\/v2\/media?parent=540"}],"curies":[{"name":"wp","href":"https:\/\/api.w.org\/{rel}","templated":true}]}}