{"id":4840,"date":"2021-03-24T12:32:59","date_gmt":"2021-03-24T10:32:59","guid":{"rendered":"https:\/\/www.vicpuntzero.cat\/activitats-blog\/"},"modified":"2021-03-29T13:10:03","modified_gmt":"2021-03-29T11:10:03","slug":"activites-blog","status":"publish","type":"page","link":"https:\/\/www.vicpuntzero.cat\/fr\/activites-blog\/","title":{"rendered":"Activitats"},"content":{"rendered":"\t\t<div data-elementor-type=\"wp-page\" data-elementor-id=\"4840\" class=\"elementor elementor-4840 elementor-4363\" data-elementor-post-type=\"page\">\n\t\t\t\t\t\t<section class=\"elementor-section elementor-top-section elementor-element elementor-element-5d7fb98 elementor-section-boxed elementor-section-height-default elementor-section-height-default\" data-id=\"5d7fb98\" data-element_type=\"section\" data-e-type=\"section\">\n\t\t\t\t\t\t<div class=\"elementor-container elementor-column-gap-default\">\n\t\t\t\t\t<div class=\"elementor-column elementor-col-100 elementor-top-column elementor-element elementor-element-377cb4f\" data-id=\"377cb4f\" data-element_type=\"column\" data-e-type=\"column\">\n\t\t\t<div class=\"elementor-widget-wrap elementor-element-populated\">\n\t\t\t\t\t\t<div class=\"elementor-element elementor-element-5cde6c6 elementor-grid-3 elementor-grid-tablet-2 elementor-grid-mobile-1 elementor-posts--thumbnail-top elementor-widget elementor-widget-posts\" data-id=\"5cde6c6\" data-element_type=\"widget\" data-e-type=\"widget\" data-settings=\"{&quot;classic_columns&quot;:&quot;3&quot;,&quot;classic_columns_tablet&quot;:&quot;2&quot;,&quot;classic_columns_mobile&quot;:&quot;1&quot;,&quot;classic_row_gap&quot;:{&quot;unit&quot;:&quot;px&quot;,&quot;size&quot;:35,&quot;sizes&quot;:[]},&quot;classic_row_gap_tablet&quot;:{&quot;unit&quot;:&quot;px&quot;,&quot;size&quot;:&quot;&quot;,&quot;sizes&quot;:[]},&quot;classic_row_gap_mobile&quot;:{&quot;unit&quot;:&quot;px&quot;,&quot;size&quot;:&quot;&quot;,&quot;sizes&quot;:[]}}\" data-widget_type=\"posts.classic\">\n\t\t\t\t<div class=\"elementor-widget-container\">\n\t\t\t\t\t\t\t<div class=\"elementor-posts-container elementor-posts elementor-posts--skin-classic elementor-grid\">\n\t\t\t\t<article class=\"elementor-post elementor-grid-item post-12113 post type-post status-publish format-standard has-post-thumbnail hentry category-actual-2\">\n\t\t\t\t<a class=\"elementor-post__thumbnail__link\" href=\"https:\/\/www.vicpuntzero.cat\/fr\/mapping-dans-le-temple-romain\/\" tabindex=\"-1\" >\n\t\t\t<div class=\"elementor-post__thumbnail\"><img fetchpriority=\"high\" decoding=\"async\" width=\"300\" height=\"169\" src=\"https:\/\/www.vicpuntzero.cat\/wp-content\/uploads\/2023\/07\/activitats_mapping-300x169.webp\" class=\"attachment-medium size-medium wp-image-12218\" alt=\"activitats_mapping\" srcset=\"https:\/\/www.vicpuntzero.cat\/wp-content\/uploads\/2023\/07\/activitats_mapping-300x169.webp 300w, https:\/\/www.vicpuntzero.cat\/wp-content\/uploads\/2023\/07\/activitats_mapping-1024x576.webp 1024w, https:\/\/www.vicpuntzero.cat\/wp-content\/uploads\/2023\/07\/activitats_mapping-768x432.webp 768w, https:\/\/www.vicpuntzero.cat\/wp-content\/uploads\/2023\/07\/activitats_mapping-1536x864.webp 1536w, https:\/\/www.vicpuntzero.cat\/wp-content\/uploads\/2023\/07\/activitats_mapping-2048x1153.webp 2048w, https:\/\/www.vicpuntzero.cat\/wp-content\/uploads\/2023\/07\/activitats_mapping-600x338.webp 600w\" sizes=\"(max-width: 300px) 100vw, 300px\" \/><\/div>\n\t\t<\/a>\n\t\t\t\t<div class=\"elementor-post__text\">\n\t\t\t\t<h3 class=\"elementor-post__title\">\n\t\t\t<a href=\"https:\/\/www.vicpuntzero.cat\/fr\/mapping-dans-le-temple-romain\/\" >\n\t\t\t\tMapping dans le temple romain\t\t\t<\/a>\n\t\t<\/h3>\n\t\t\t\t<div class=\"elementor-post__meta-data\">\n\t\t\t\t\t<span class=\"elementor-post-date\">\n\t\t\t4 juillet 2023\t\t<\/span>\n\t\t\t\t<\/div>\n\t\t\t\t<div class=\"elementor-post__excerpt\">\n\t\t\t<p>Un espace, deux mille ans d&rsquo;histoire. Nous vous expliquons l&rsquo;histoire de l&rsquo;enceinte du temple romain avec des techniques vid\u00e9o cartographiques. Au point le plus haut<\/p>\n\t\t<\/div>\n\t\t\n\t\t<a class=\"elementor-post__read-more\" href=\"https:\/\/www.vicpuntzero.cat\/fr\/mapping-dans-le-temple-romain\/\" aria-label=\"En savoir plus sur Mapping dans le temple romain\" tabindex=\"-1\" >\n\t\t\t Llegir m\u00e9s \u00bb\t\t<\/a>\n\n\t\t\t\t<\/div>\n\t\t\t\t<\/article>\n\t\t\t\t<article class=\"elementor-post elementor-grid-item post-12098 post type-post status-publish format-standard has-post-thumbnail hentry category-actual-2\">\n\t\t\t\t<a class=\"elementor-post__thumbnail__link\" href=\"https:\/\/www.vicpuntzero.cat\/fr\/vicpuntzero-de-nuit\/\" tabindex=\"-1\" >\n\t\t\t<div class=\"elementor-post__thumbnail\"><img decoding=\"async\" width=\"300\" height=\"169\" src=\"https:\/\/www.vicpuntzero.cat\/wp-content\/uploads\/2024\/06\/nocturna_baixa_resol_2-300x169.jpg\" class=\"attachment-medium size-medium wp-image-26907\" alt=\"\" srcset=\"https:\/\/www.vicpuntzero.cat\/wp-content\/uploads\/2024\/06\/nocturna_baixa_resol_2-300x169.jpg 300w, https:\/\/www.vicpuntzero.cat\/wp-content\/uploads\/2024\/06\/nocturna_baixa_resol_2.jpg 425w\" sizes=\"(max-width: 300px) 100vw, 300px\" \/><\/div>\n\t\t<\/a>\n\t\t\t\t<div class=\"elementor-post__text\">\n\t\t\t\t<h3 class=\"elementor-post__title\">\n\t\t\t<a href=\"https:\/\/www.vicpuntzero.cat\/fr\/vicpuntzero-de-nuit\/\" >\n\t\t\t\tVicpuntzero de nuit\t\t\t<\/a>\n\t\t<\/h3>\n\t\t\t\t<div class=\"elementor-post__meta-data\">\n\t\t\t\t\t<span class=\"elementor-post-date\">\n\t\t\t4 juillet 2023\t\t<\/span>\n\t\t\t\t<\/div>\n\t\t\t\t<div class=\"elementor-post__excerpt\">\n\t\t\t<p>Estiu 2023 \u2013 Visite nocturne dans l&rsquo;espace Vicpuntzero jouissant d&rsquo;un parcours \u00e0 l&rsquo;endroit o\u00f9 commen\u00e7a la ville de Vic. Il d\u00e9bute sur la place de<\/p>\n\t\t<\/div>\n\t\t\n\t\t<a class=\"elementor-post__read-more\" href=\"https:\/\/www.vicpuntzero.cat\/fr\/vicpuntzero-de-nuit\/\" aria-label=\"En savoir plus sur Vicpuntzero de nuit\" tabindex=\"-1\" >\n\t\t\t Llegir m\u00e9s \u00bb\t\t<\/a>\n\n\t\t\t\t<\/div>\n\t\t\t\t<\/article>\n\t\t\t\t<article class=\"elementor-post elementor-grid-item post-12088 post type-post status-publish format-standard has-post-thumbnail hentry category-actual-2\">\n\t\t\t\t<a class=\"elementor-post__thumbnail__link\" href=\"https:\/\/www.vicpuntzero.cat\/fr\/visites-quotidiennes-dans-vicpuntzero\/\" tabindex=\"-1\" >\n\t\t\t<div class=\"elementor-post__thumbnail\"><img decoding=\"async\" width=\"300\" height=\"225\" src=\"https:\/\/www.vicpuntzero.cat\/wp-content\/uploads\/2023\/07\/activitats_-cada-dia-a-les-12-300x225.webp\" class=\"attachment-medium size-medium wp-image-12222\" alt=\"activitats_-cada-dia-a-les-12\" srcset=\"https:\/\/www.vicpuntzero.cat\/wp-content\/uploads\/2023\/07\/activitats_-cada-dia-a-les-12-300x225.webp 300w, https:\/\/www.vicpuntzero.cat\/wp-content\/uploads\/2023\/07\/activitats_-cada-dia-a-les-12-1024x768.webp 1024w, https:\/\/www.vicpuntzero.cat\/wp-content\/uploads\/2023\/07\/activitats_-cada-dia-a-les-12-768x576.webp 768w, https:\/\/www.vicpuntzero.cat\/wp-content\/uploads\/2023\/07\/activitats_-cada-dia-a-les-12-1536x1152.webp 1536w, https:\/\/www.vicpuntzero.cat\/wp-content\/uploads\/2023\/07\/activitats_-cada-dia-a-les-12-2048x1536.webp 2048w, https:\/\/www.vicpuntzero.cat\/wp-content\/uploads\/2023\/07\/activitats_-cada-dia-a-les-12-600x450.webp 600w\" sizes=\"(max-width: 300px) 100vw, 300px\" \/><\/div>\n\t\t<\/a>\n\t\t\t\t<div class=\"elementor-post__text\">\n\t\t\t\t<h3 class=\"elementor-post__title\">\n\t\t\t<a href=\"https:\/\/www.vicpuntzero.cat\/fr\/visites-quotidiennes-dans-vicpuntzero\/\" >\n\t\t\t\tVisites quotidiennes dans Vicpuntzero\t\t\t<\/a>\n\t\t<\/h3>\n\t\t\t\t<div class=\"elementor-post__meta-data\">\n\t\t\t\t\t<span class=\"elementor-post-date\">\n\t\t\t4 juillet 2023\t\t<\/span>\n\t\t\t\t<\/div>\n\t\t\t\t<div class=\"elementor-post__excerpt\">\n\t\t\t<p>En 2023, les visites habituelles prolongent leur horaire pendant l&rsquo;\u00e9t\u00e9. L&rsquo;Exp\u00e9rience Vicpuntzero se fera chaque jour avec une visite guid\u00e9e par tous les espaces de<\/p>\n\t\t<\/div>\n\t\t\n\t\t<a class=\"elementor-post__read-more\" href=\"https:\/\/www.vicpuntzero.cat\/fr\/visites-quotidiennes-dans-vicpuntzero\/\" aria-label=\"En savoir plus sur Visites quotidiennes dans Vicpuntzero\" tabindex=\"-1\" >\n\t\t\t Llegir m\u00e9s \u00bb\t\t<\/a>\n\n\t\t\t\t<\/div>\n\t\t\t\t<\/article>\n\t\t\t\t<\/div>\n\t\t\n\t\t\t\t\t\t<\/div>\n\t\t\t\t<\/div>\n\t\t\t\t\t<\/div>\n\t\t<\/div>\n\t\t\t\t\t<\/div>\n\t\t<\/section>\n\t\t\t\t<\/div>\n\t\t","protected":false},"excerpt":{"rendered":"","protected":false},"author":1,"featured_media":27272,"parent":0,"menu_order":0,"comment_status":"closed","ping_status":"closed","template":"","meta":{"footnotes":""},"class_list":["post-4840","page","type-page","status-publish","has-post-thumbnail","hentry"],"yoast_head":"<!-- This site is optimized with the Yoast SEO plugin v23.9 - https:\/\/yoast.com\/wordpress\/plugins\/seo\/ -->\n<title>Activitats | Vic<\/title>\n<meta name=\"robots\" content=\"index, follow, max-snippet:-1, max-image-preview:large, max-video-preview:-1\" \/>\n<link rel=\"canonical\" href=\"https:\/\/www.vicpuntzero.cat\/fr\/activites-blog\/\" \/>\n<meta property=\"og:locale\" content=\"fr_FR\" \/>\n<meta property=\"og:type\" content=\"article\" \/>\n<meta property=\"og:title\" content=\"Activitats | Vic\" \/>\n<meta property=\"og:url\" content=\"https:\/\/www.vicpuntzero.cat\/fr\/activites-blog\/\" \/>\n<meta property=\"og:site_name\" content=\"Vic\" \/>\n<meta property=\"article:modified_time\" content=\"2021-03-29T11:10:03+00:00\" \/>\n<meta property=\"og:image\" content=\"https:\/\/www.vicpuntzero.cat\/wp-content\/uploads\/2021\/04\/AU8A1892.jpg\" \/>\n\t<meta property=\"og:image:width\" content=\"1920\" \/>\n\t<meta property=\"og:image:height\" content=\"1280\" \/>\n\t<meta property=\"og:image:type\" content=\"image\/jpeg\" \/>\n<meta name=\"twitter:card\" content=\"summary_large_image\" \/>\n<script type=\"application\/ld+json\" class=\"yoast-schema-graph\">{\"@context\":\"https:\/\/schema.org\",\"@graph\":[{\"@type\":\"WebPage\",\"@id\":\"https:\/\/www.vicpuntzero.cat\/fr\/activites-blog\/\",\"url\":\"https:\/\/www.vicpuntzero.cat\/fr\/activites-blog\/\",\"name\":\"Activitats | Vic\",\"isPartOf\":{\"@id\":\"https:\/\/www.vicpuntzero.cat\/#website\"},\"primaryImageOfPage\":{\"@id\":\"https:\/\/www.vicpuntzero.cat\/fr\/activites-blog\/#primaryimage\"},\"image\":{\"@id\":\"https:\/\/www.vicpuntzero.cat\/fr\/activites-blog\/#primaryimage\"},\"thumbnailUrl\":\"https:\/\/www.vicpuntzero.cat\/wp-content\/uploads\/2024\/10\/capella_fonda_baixa_resol.jpg\",\"datePublished\":\"2021-03-24T10:32:59+00:00\",\"dateModified\":\"2021-03-29T11:10:03+00:00\",\"breadcrumb\":{\"@id\":\"https:\/\/www.vicpuntzero.cat\/fr\/activites-blog\/#breadcrumb\"},\"inLanguage\":\"fr-FR\",\"potentialAction\":[{\"@type\":\"ReadAction\",\"target\":[\"https:\/\/www.vicpuntzero.cat\/fr\/activites-blog\/\"]}]},{\"@type\":\"ImageObject\",\"inLanguage\":\"fr-FR\",\"@id\":\"https:\/\/www.vicpuntzero.cat\/fr\/activites-blog\/#primaryimage\",\"url\":\"https:\/\/www.vicpuntzero.cat\/wp-content\/uploads\/2024\/10\/capella_fonda_baixa_resol.jpg\",\"contentUrl\":\"https:\/\/www.vicpuntzero.cat\/wp-content\/uploads\/2024\/10\/capella_fonda_baixa_resol.jpg\",\"width\":975,\"height\":1299},{\"@type\":\"BreadcrumbList\",\"@id\":\"https:\/\/www.vicpuntzero.cat\/fr\/activites-blog\/#breadcrumb\",\"itemListElement\":[{\"@type\":\"ListItem\",\"position\":1,\"name\":\"Inici\",\"item\":\"https:\/\/www.vicpuntzero.cat\/en\/\"},{\"@type\":\"ListItem\",\"position\":2,\"name\":\"Activitats\"}]},{\"@type\":\"WebSite\",\"@id\":\"https:\/\/www.vicpuntzero.cat\/#website\",\"url\":\"https:\/\/www.vicpuntzero.cat\/\",\"name\":\"Vic\",\"description\":\"L&#039;origen d&#039;una hist\u00f2ria\",\"publisher\":{\"@id\":\"https:\/\/www.vicpuntzero.cat\/#organization\"},\"potentialAction\":[{\"@type\":\"SearchAction\",\"target\":{\"@type\":\"EntryPoint\",\"urlTemplate\":\"https:\/\/www.vicpuntzero.cat\/?s={search_term_string}\"},\"query-input\":{\"@type\":\"PropertyValueSpecification\",\"valueRequired\":true,\"valueName\":\"search_term_string\"}}],\"inLanguage\":\"fr-FR\"},{\"@type\":\"Organization\",\"@id\":\"https:\/\/www.vicpuntzero.cat\/#organization\",\"name\":\"Vicpuntzero\",\"url\":\"https:\/\/www.vicpuntzero.cat\/\",\"logo\":{\"@type\":\"ImageObject\",\"inLanguage\":\"fr-FR\",\"@id\":\"https:\/\/www.vicpuntzero.cat\/#\/schema\/logo\/image\/\",\"url\":\"https:\/\/www.vicpuntzero.cat\/wp-content\/uploads\/2020\/12\/cropped-COLOR_POSITIU_HORITZONTAL.png\",\"contentUrl\":\"https:\/\/www.vicpuntzero.cat\/wp-content\/uploads\/2020\/12\/cropped-COLOR_POSITIU_HORITZONTAL.png\",\"width\":1920,\"height\":640,\"caption\":\"Vicpuntzero\"},\"image\":{\"@id\":\"https:\/\/www.vicpuntzero.cat\/#\/schema\/logo\/image\/\"}}]}<\/script>\n<!-- \/ Yoast SEO plugin. -->","yoast_head_json":{"title":"Activitats | Vic","robots":{"index":"index","follow":"follow","max-snippet":"max-snippet:-1","max-image-preview":"max-image-preview:large","max-video-preview":"max-video-preview:-1"},"canonical":"https:\/\/www.vicpuntzero.cat\/fr\/activites-blog\/","og_locale":"fr_FR","og_type":"article","og_title":"Activitats | Vic","og_url":"https:\/\/www.vicpuntzero.cat\/fr\/activites-blog\/","og_site_name":"Vic","article_modified_time":"2021-03-29T11:10:03+00:00","og_image":[{"width":1920,"height":1280,"url":"https:\/\/www.vicpuntzero.cat\/wp-content\/uploads\/2021\/04\/AU8A1892.jpg","type":"image\/jpeg"}],"twitter_card":"summary_large_image","schema":{"@context":"https:\/\/schema.org","@graph":[{"@type":"WebPage","@id":"https:\/\/www.vicpuntzero.cat\/fr\/activites-blog\/","url":"https:\/\/www.vicpuntzero.cat\/fr\/activites-blog\/","name":"Activitats | Vic","isPartOf":{"@id":"https:\/\/www.vicpuntzero.cat\/#website"},"primaryImageOfPage":{"@id":"https:\/\/www.vicpuntzero.cat\/fr\/activites-blog\/#primaryimage"},"image":{"@id":"https:\/\/www.vicpuntzero.cat\/fr\/activites-blog\/#primaryimage"},"thumbnailUrl":"https:\/\/www.vicpuntzero.cat\/wp-content\/uploads\/2024\/10\/capella_fonda_baixa_resol.jpg","datePublished":"2021-03-24T10:32:59+00:00","dateModified":"2021-03-29T11:10:03+00:00","breadcrumb":{"@id":"https:\/\/www.vicpuntzero.cat\/fr\/activites-blog\/#breadcrumb"},"inLanguage":"fr-FR","potentialAction":[{"@type":"ReadAction","target":["https:\/\/www.vicpuntzero.cat\/fr\/activites-blog\/"]}]},{"@type":"ImageObject","inLanguage":"fr-FR","@id":"https:\/\/www.vicpuntzero.cat\/fr\/activites-blog\/#primaryimage","url":"https:\/\/www.vicpuntzero.cat\/wp-content\/uploads\/2024\/10\/capella_fonda_baixa_resol.jpg","contentUrl":"https:\/\/www.vicpuntzero.cat\/wp-content\/uploads\/2024\/10\/capella_fonda_baixa_resol.jpg","width":975,"height":1299},{"@type":"BreadcrumbList","@id":"https:\/\/www.vicpuntzero.cat\/fr\/activites-blog\/#breadcrumb","itemListElement":[{"@type":"ListItem","position":1,"name":"Inici","item":"https:\/\/www.vicpuntzero.cat\/en\/"},{"@type":"ListItem","position":2,"name":"Activitats"}]},{"@type":"WebSite","@id":"https:\/\/www.vicpuntzero.cat\/#website","url":"https:\/\/www.vicpuntzero.cat\/","name":"Vic","description":"L&#039;origen d&#039;una hist\u00f2ria","publisher":{"@id":"https:\/\/www.vicpuntzero.cat\/#organization"},"potentialAction":[{"@type":"SearchAction","target":{"@type":"EntryPoint","urlTemplate":"https:\/\/www.vicpuntzero.cat\/?s={search_term_string}"},"query-input":{"@type":"PropertyValueSpecification","valueRequired":true,"valueName":"search_term_string"}}],"inLanguage":"fr-FR"},{"@type":"Organization","@id":"https:\/\/www.vicpuntzero.cat\/#organization","name":"Vicpuntzero","url":"https:\/\/www.vicpuntzero.cat\/","logo":{"@type":"ImageObject","inLanguage":"fr-FR","@id":"https:\/\/www.vicpuntzero.cat\/#\/schema\/logo\/image\/","url":"https:\/\/www.vicpuntzero.cat\/wp-content\/uploads\/2020\/12\/cropped-COLOR_POSITIU_HORITZONTAL.png","contentUrl":"https:\/\/www.vicpuntzero.cat\/wp-content\/uploads\/2020\/12\/cropped-COLOR_POSITIU_HORITZONTAL.png","width":1920,"height":640,"caption":"Vicpuntzero"},"image":{"@id":"https:\/\/www.vicpuntzero.cat\/#\/schema\/logo\/image\/"}}]}},"_links":{"self":[{"href":"https:\/\/www.vicpuntzero.cat\/fr\/wp-json\/wp\/v2\/pages\/4840","targetHints":{"allow":["GET"]}}],"collection":[{"href":"https:\/\/www.vicpuntzero.cat\/fr\/wp-json\/wp\/v2\/pages"}],"about":[{"href":"https:\/\/www.vicpuntzero.cat\/fr\/wp-json\/wp\/v2\/types\/page"}],"author":[{"embeddable":true,"href":"https:\/\/www.vicpuntzero.cat\/fr\/wp-json\/wp\/v2\/users\/1"}],"replies":[{"embeddable":true,"href":"https:\/\/www.vicpuntzero.cat\/fr\/wp-json\/wp\/v2\/comments?post=4840"}],"version-history":[{"count":1,"href":"https:\/\/www.vicpuntzero.cat\/fr\/wp-json\/wp\/v2\/pages\/4840\/revisions"}],"predecessor-version":[{"id":4845,"href":"https:\/\/www.vicpuntzero.cat\/fr\/wp-json\/wp\/v2\/pages\/4840\/revisions\/4845"}],"wp:featuredmedia":[{"embeddable":true,"href":"https:\/\/www.vicpuntzero.cat\/fr\/wp-json\/wp\/v2\/media\/27272"}],"wp:attachment":[{"href":"https:\/\/www.vicpuntzero.cat\/fr\/wp-json\/wp\/v2\/media?parent=4840"}],"curies":[{"name":"wp","href":"https:\/\/api.w.org\/{rel}","templated":true}]}}