{"id":436,"date":"2020-11-30T09:10:02","date_gmt":"2020-11-30T09:10:02","guid":{"rendered":"https:\/\/www.vicpuntzero.cat\/?page_id=436"},"modified":"2021-03-19T11:59:04","modified_gmt":"2021-03-19T09:59:04","slug":"contenu-loc5","status":"publish","type":"page","link":"https:\/\/www.vicpuntzero.cat\/fr\/contenu-loc5\/","title":{"rendered":"Sacristie"},"content":{"rendered":"<div class=\"wp-block-buttons is-layout-flex wp-block-buttons-is-layout-flex\"><div class=\"wp-block-button backButton\"><a class=\"wp-block-button__link has-background no-border-radius\" href=\"\/fr\/carte\" style=\"background-color:#af1585\" rel=\"\/mapa\">Retourner en arri\u00e8re<\/a><\/div><\/div><div style=\"height:39px\" aria-hidden=\"true\" class=\"wp-block-spacer\"><\/div><!--[if lt IE 9]><script>document.createElement('audio');<\/script><![endif]-->\n<audio class=\"wp-audio-shortcode\" id=\"audio-436-1\" preload=\"none\" style=\"width: 100%;\" controls=\"controls\"><source type=\"audio\/mpeg\" src=\"https:\/\/www.vicpuntzero.cat\/wp-content\/uploads\/2020\/11\/05-Sacristie.mp3?_=1\" \/><a href=\"https:\/\/www.vicpuntzero.cat\/wp-content\/uploads\/2020\/11\/05-Sacristie.mp3\">https:\/\/www.vicpuntzero.cat\/wp-content\/uploads\/2020\/11\/05-Sacristie.mp3<\/a><\/audio>\n<table width=\"623\" cellspacing=\"0\" cellpadding=\"7\">\n<tbody>\n<tr>\n<td id=\"td-cloc5\" valign=\"top\" width=\"607\">\n<p lang=\"fr\" align=\"left\"><span style=\"font-family: Times, serif;\"><span style=\"font-size: large;\">Nous nous trouvons dans la sacristie de l\u2019\u00e9glise de la Pietat, une salle \u00e0 vo\u00fbte d\u2019ar\u00eates construite \u00e0 la fin du XVIIe si\u00e8cle.<\/span><\/span><\/p>\n<p lang=\"ca-ES\" align=\"left\"><span style=\"font-family: Times, serif;\"><span style=\"font-size: large;\"><br \/>Un meuble impressionnant du XVIIIe si\u00e8cle pr\u00e9side les lieux. Il a \u00e9t\u00e9 fabriqu\u00e9 sur mesure pour les besoins sp\u00e9cifiques de la sacristie tels que le rangement des v\u00eatements, des calices et d\u2019autres objets liturgiques. La sacristie \u00e9tait \u00e9galement le lieu o\u00f9 le sacerdoce et le sacristain s\u2019habillaient et se pr\u00e9paraient pour l\u2019office religieux.<\/span><\/span><\/p>\n<\/td>\n<\/tr>\n<\/tbody>\n<\/table>","protected":false},"excerpt":{"rendered":"<p>Nous nous trouvons dans la sacristie de l\u2019\u00e9glise de la Pietat, une salle \u00e0 vo\u00fbte d\u2019ar\u00eates construite \u00e0 la fin du XVIIe si\u00e8cle. Un meuble impressionnant du XVIIIe si\u00e8cle pr\u00e9side les lieux. Il a \u00e9t\u00e9 fabriqu\u00e9 sur mesure pour les besoins sp\u00e9cifiques de la sacristie tels que le rangement des v\u00eatements, des calices et d\u2019autres [&hellip;]<\/p>\n","protected":false},"author":1,"featured_media":0,"parent":0,"menu_order":0,"comment_status":"closed","ping_status":"closed","template":"","meta":{"footnotes":""},"class_list":["post-436","page","type-page","status-publish","hentry"],"yoast_head":"<!-- This site is optimized with the Yoast SEO plugin v23.9 - https:\/\/yoast.com\/wordpress\/plugins\/seo\/ -->\n<title>Sacristie | Vic<\/title>\n<meta name=\"robots\" content=\"index, follow, max-snippet:-1, max-image-preview:large, max-video-preview:-1\" \/>\n<link rel=\"canonical\" href=\"https:\/\/www.vicpuntzero.cat\/fr\/contenu-loc5\/\" \/>\n<meta property=\"og:locale\" content=\"fr_FR\" \/>\n<meta property=\"og:type\" content=\"article\" \/>\n<meta property=\"og:title\" content=\"Sacristie | Vic\" \/>\n<meta property=\"og:description\" content=\"Nous nous trouvons dans la sacristie de l\u2019\u00e9glise de la Pietat, une salle \u00e0 vo\u00fbte d\u2019ar\u00eates construite \u00e0 la fin du XVIIe si\u00e8cle. Un meuble impressionnant du XVIIIe si\u00e8cle pr\u00e9side les lieux. Il a \u00e9t\u00e9 fabriqu\u00e9 sur mesure pour les besoins sp\u00e9cifiques de la sacristie tels que le rangement des v\u00eatements, des calices et d\u2019autres [&hellip;]\" \/>\n<meta property=\"og:url\" content=\"https:\/\/www.vicpuntzero.cat\/fr\/contenu-loc5\/\" \/>\n<meta property=\"og:site_name\" content=\"Vic\" \/>\n<meta property=\"article:modified_time\" content=\"2021-03-19T09:59:04+00:00\" \/>\n<meta name=\"twitter:card\" content=\"summary_large_image\" \/>\n<meta name=\"twitter:label1\" content=\"Dur\u00e9e de lecture estim\u00e9e\" \/>\n\t<meta name=\"twitter:data1\" content=\"1 minute\" \/>\n<script type=\"application\/ld+json\" class=\"yoast-schema-graph\">{\"@context\":\"https:\/\/schema.org\",\"@graph\":[{\"@type\":\"WebPage\",\"@id\":\"https:\/\/www.vicpuntzero.cat\/fr\/contenu-loc5\/\",\"url\":\"https:\/\/www.vicpuntzero.cat\/fr\/contenu-loc5\/\",\"name\":\"Sacristie | Vic\",\"isPartOf\":{\"@id\":\"https:\/\/www.vicpuntzero.cat\/#website\"},\"datePublished\":\"2020-11-30T09:10:02+00:00\",\"dateModified\":\"2021-03-19T09:59:04+00:00\",\"breadcrumb\":{\"@id\":\"https:\/\/www.vicpuntzero.cat\/fr\/contenu-loc5\/#breadcrumb\"},\"inLanguage\":\"fr-FR\",\"potentialAction\":[{\"@type\":\"ReadAction\",\"target\":[\"https:\/\/www.vicpuntzero.cat\/fr\/contenu-loc5\/\"]}]},{\"@type\":\"BreadcrumbList\",\"@id\":\"https:\/\/www.vicpuntzero.cat\/fr\/contenu-loc5\/#breadcrumb\",\"itemListElement\":[{\"@type\":\"ListItem\",\"position\":1,\"name\":\"Inici\",\"item\":\"https:\/\/www.vicpuntzero.cat\/en\/\"},{\"@type\":\"ListItem\",\"position\":2,\"name\":\"Sacristie\"}]},{\"@type\":\"WebSite\",\"@id\":\"https:\/\/www.vicpuntzero.cat\/#website\",\"url\":\"https:\/\/www.vicpuntzero.cat\/\",\"name\":\"Vic\",\"description\":\"L&#039;origen d&#039;una hist\u00f2ria\",\"publisher\":{\"@id\":\"https:\/\/www.vicpuntzero.cat\/#organization\"},\"potentialAction\":[{\"@type\":\"SearchAction\",\"target\":{\"@type\":\"EntryPoint\",\"urlTemplate\":\"https:\/\/www.vicpuntzero.cat\/?s={search_term_string}\"},\"query-input\":{\"@type\":\"PropertyValueSpecification\",\"valueRequired\":true,\"valueName\":\"search_term_string\"}}],\"inLanguage\":\"fr-FR\"},{\"@type\":\"Organization\",\"@id\":\"https:\/\/www.vicpuntzero.cat\/#organization\",\"name\":\"Vicpuntzero\",\"url\":\"https:\/\/www.vicpuntzero.cat\/\",\"logo\":{\"@type\":\"ImageObject\",\"inLanguage\":\"fr-FR\",\"@id\":\"https:\/\/www.vicpuntzero.cat\/#\/schema\/logo\/image\/\",\"url\":\"https:\/\/www.vicpuntzero.cat\/wp-content\/uploads\/2020\/12\/cropped-COLOR_POSITIU_HORITZONTAL.png\",\"contentUrl\":\"https:\/\/www.vicpuntzero.cat\/wp-content\/uploads\/2020\/12\/cropped-COLOR_POSITIU_HORITZONTAL.png\",\"width\":1920,\"height\":640,\"caption\":\"Vicpuntzero\"},\"image\":{\"@id\":\"https:\/\/www.vicpuntzero.cat\/#\/schema\/logo\/image\/\"}}]}<\/script>\n<!-- \/ Yoast SEO plugin. -->","yoast_head_json":{"title":"Sacristie | Vic","robots":{"index":"index","follow":"follow","max-snippet":"max-snippet:-1","max-image-preview":"max-image-preview:large","max-video-preview":"max-video-preview:-1"},"canonical":"https:\/\/www.vicpuntzero.cat\/fr\/contenu-loc5\/","og_locale":"fr_FR","og_type":"article","og_title":"Sacristie | Vic","og_description":"Nous nous trouvons dans la sacristie de l\u2019\u00e9glise de la Pietat, une salle \u00e0 vo\u00fbte d\u2019ar\u00eates construite \u00e0 la fin du XVIIe si\u00e8cle. Un meuble impressionnant du XVIIIe si\u00e8cle pr\u00e9side les lieux. Il a \u00e9t\u00e9 fabriqu\u00e9 sur mesure pour les besoins sp\u00e9cifiques de la sacristie tels que le rangement des v\u00eatements, des calices et d\u2019autres [&hellip;]","og_url":"https:\/\/www.vicpuntzero.cat\/fr\/contenu-loc5\/","og_site_name":"Vic","article_modified_time":"2021-03-19T09:59:04+00:00","twitter_card":"summary_large_image","twitter_misc":{"Dur\u00e9e de lecture estim\u00e9e":"1 minute"},"schema":{"@context":"https:\/\/schema.org","@graph":[{"@type":"WebPage","@id":"https:\/\/www.vicpuntzero.cat\/fr\/contenu-loc5\/","url":"https:\/\/www.vicpuntzero.cat\/fr\/contenu-loc5\/","name":"Sacristie | Vic","isPartOf":{"@id":"https:\/\/www.vicpuntzero.cat\/#website"},"datePublished":"2020-11-30T09:10:02+00:00","dateModified":"2021-03-19T09:59:04+00:00","breadcrumb":{"@id":"https:\/\/www.vicpuntzero.cat\/fr\/contenu-loc5\/#breadcrumb"},"inLanguage":"fr-FR","potentialAction":[{"@type":"ReadAction","target":["https:\/\/www.vicpuntzero.cat\/fr\/contenu-loc5\/"]}]},{"@type":"BreadcrumbList","@id":"https:\/\/www.vicpuntzero.cat\/fr\/contenu-loc5\/#breadcrumb","itemListElement":[{"@type":"ListItem","position":1,"name":"Inici","item":"https:\/\/www.vicpuntzero.cat\/en\/"},{"@type":"ListItem","position":2,"name":"Sacristie"}]},{"@type":"WebSite","@id":"https:\/\/www.vicpuntzero.cat\/#website","url":"https:\/\/www.vicpuntzero.cat\/","name":"Vic","description":"L&#039;origen d&#039;una hist\u00f2ria","publisher":{"@id":"https:\/\/www.vicpuntzero.cat\/#organization"},"potentialAction":[{"@type":"SearchAction","target":{"@type":"EntryPoint","urlTemplate":"https:\/\/www.vicpuntzero.cat\/?s={search_term_string}"},"query-input":{"@type":"PropertyValueSpecification","valueRequired":true,"valueName":"search_term_string"}}],"inLanguage":"fr-FR"},{"@type":"Organization","@id":"https:\/\/www.vicpuntzero.cat\/#organization","name":"Vicpuntzero","url":"https:\/\/www.vicpuntzero.cat\/","logo":{"@type":"ImageObject","inLanguage":"fr-FR","@id":"https:\/\/www.vicpuntzero.cat\/#\/schema\/logo\/image\/","url":"https:\/\/www.vicpuntzero.cat\/wp-content\/uploads\/2020\/12\/cropped-COLOR_POSITIU_HORITZONTAL.png","contentUrl":"https:\/\/www.vicpuntzero.cat\/wp-content\/uploads\/2020\/12\/cropped-COLOR_POSITIU_HORITZONTAL.png","width":1920,"height":640,"caption":"Vicpuntzero"},"image":{"@id":"https:\/\/www.vicpuntzero.cat\/#\/schema\/logo\/image\/"}}]}},"_links":{"self":[{"href":"https:\/\/www.vicpuntzero.cat\/fr\/wp-json\/wp\/v2\/pages\/436","targetHints":{"allow":["GET"]}}],"collection":[{"href":"https:\/\/www.vicpuntzero.cat\/fr\/wp-json\/wp\/v2\/pages"}],"about":[{"href":"https:\/\/www.vicpuntzero.cat\/fr\/wp-json\/wp\/v2\/types\/page"}],"author":[{"embeddable":true,"href":"https:\/\/www.vicpuntzero.cat\/fr\/wp-json\/wp\/v2\/users\/1"}],"replies":[{"embeddable":true,"href":"https:\/\/www.vicpuntzero.cat\/fr\/wp-json\/wp\/v2\/comments?post=436"}],"version-history":[{"count":6,"href":"https:\/\/www.vicpuntzero.cat\/fr\/wp-json\/wp\/v2\/pages\/436\/revisions"}],"predecessor-version":[{"id":4042,"href":"https:\/\/www.vicpuntzero.cat\/fr\/wp-json\/wp\/v2\/pages\/436\/revisions\/4042"}],"wp:attachment":[{"href":"https:\/\/www.vicpuntzero.cat\/fr\/wp-json\/wp\/v2\/media?parent=436"}],"curies":[{"name":"wp","href":"https:\/\/api.w.org\/{rel}","templated":true}]}}