{"id":423,"date":"2020-11-30T09:04:44","date_gmt":"2020-11-30T09:04:44","guid":{"rendered":"https:\/\/www.vicpuntzero.cat\/?page_id=423"},"modified":"2021-03-19T11:59:29","modified_gmt":"2021-03-19T09:59:29","slug":"contenu-loc4","status":"publish","type":"page","link":"https:\/\/www.vicpuntzero.cat\/fr\/contenu-loc4\/","title":{"rendered":"Clocher"},"content":{"rendered":"<div class=\"wp-block-buttons is-layout-flex wp-block-buttons-is-layout-flex\"><div class=\"wp-block-button backButton\"><a class=\"wp-block-button__link has-background no-border-radius\" href=\"\/fr\/carte\" style=\"background-color:#af1585\" rel=\"\/mapa\">Retourner en arri\u00e8re<\/a><\/div><\/div><div style=\"height:39px\" aria-hidden=\"true\" class=\"wp-block-spacer\"><\/div><!--[if lt IE 9]><script>document.createElement('audio');<\/script><![endif]-->\n<audio class=\"wp-audio-shortcode\" id=\"audio-423-1\" preload=\"none\" style=\"width: 100%;\" controls=\"controls\"><source type=\"audio\/mpeg\" src=\"https:\/\/www.vicpuntzero.cat\/wp-content\/uploads\/2020\/11\/04-Clocher.mp3?_=1\" \/><a href=\"https:\/\/www.vicpuntzero.cat\/wp-content\/uploads\/2020\/11\/04-Clocher.mp3\">https:\/\/www.vicpuntzero.cat\/wp-content\/uploads\/2020\/11\/04-Clocher.mp3<\/a><\/audio>\n<table width=\"623\" cellspacing=\"0\" cellpadding=\"7\">\n<tbody>\n<tr>\n<td id=\"td-cloc4\" valign=\"top\" width=\"607\">\n<p lang=\"fr\" align=\"left\"><span style=\"font-family: Times, serif;\"><span style=\"font-size: large;\">Faites une pause et contemplez : vous vous trouvez \u00e0 l\u2019endroit le plus \u00e9lev\u00e9 du centre historique de Vic.<\/span><\/span><\/p>\n<p lang=\"fr\" align=\"left\"><span style=\"font-family: Times, serif;\"><span style=\"font-size: large;\">Le clocher de l\u2019\u00e9glise de la Pietat, de style baroque, a \u00e9t\u00e9 inaugur\u00e9 en 1695. La coupole d\u2019origine a \u00e9t\u00e9 d\u00e9truite pendant la deuxi\u00e8me guerre carliste, au XIXe si\u00e8cle, et, apr\u00e8s diff\u00e9rentes restructurations, elle est remise en \u00e9tat en 2009 dans le cadre des travaux de consolidation et de revalorisation du monument.<\/span><\/span><\/p>\n<p lang=\"fr\" align=\"left\"><span style=\"font-family: Times, serif;\"><span style=\"font-size: large;\">Le clocher de la Pietat est un grand phare d\u2019observation de la ville et des environs.<\/span><\/span><\/p>\n<p lang=\"fr\" align=\"left\"><span style=\"font-family: Times, serif;\"><span style=\"font-size: large;\">On y aper\u00e7oit au premier plan la cath\u00e9drale, les toits-terrasses des maisons et les \u00e9glises du centre historique. Au second plan s\u2019\u00e9tend, au nord, l\u2019Eixample Morat\u00f3, le premier quartier b\u00e2ti en dehors des murailles. Les autres ouvertures permettent \u00e9galement d\u2019observer l\u2019ensemble du trac\u00e9 urbain d\u2019une ville qui se noie dans la plaine. Un paysage tapiss\u00e9 de villages et, en arri\u00e8re-plan, des espaces naturels \u00e9blouissants : le massif du Montseny, les Serres de Bellmunt, le massif des Guilleries et, par temps d\u00e9gag\u00e9, les Pyr\u00e9n\u00e9es.<\/span><\/span><\/p>\n<\/td>\n<\/tr>\n<\/tbody>\n<\/table>","protected":false},"excerpt":{"rendered":"<p>Faites une pause et contemplez : vous vous trouvez \u00e0 l\u2019endroit le plus \u00e9lev\u00e9 du centre historique de Vic. Le clocher de l\u2019\u00e9glise de la Pietat, de style baroque, a \u00e9t\u00e9 inaugur\u00e9 en 1695. La coupole d\u2019origine a \u00e9t\u00e9 d\u00e9truite pendant la deuxi\u00e8me guerre carliste, au XIXe si\u00e8cle, et, apr\u00e8s diff\u00e9rentes restructurations, elle est remise [&hellip;]<\/p>\n","protected":false},"author":1,"featured_media":0,"parent":0,"menu_order":0,"comment_status":"closed","ping_status":"closed","template":"","meta":{"footnotes":""},"class_list":["post-423","page","type-page","status-publish","hentry"],"yoast_head":"<!-- This site is optimized with the Yoast SEO plugin v23.9 - https:\/\/yoast.com\/wordpress\/plugins\/seo\/ -->\n<title>Clocher | Vic<\/title>\n<meta name=\"robots\" content=\"index, follow, max-snippet:-1, max-image-preview:large, max-video-preview:-1\" \/>\n<link rel=\"canonical\" href=\"https:\/\/www.vicpuntzero.cat\/fr\/contenu-loc4\/\" \/>\n<meta property=\"og:locale\" content=\"fr_FR\" \/>\n<meta property=\"og:type\" content=\"article\" \/>\n<meta property=\"og:title\" content=\"Clocher | Vic\" \/>\n<meta property=\"og:description\" content=\"Faites une pause et contemplez : vous vous trouvez \u00e0 l\u2019endroit le plus \u00e9lev\u00e9 du centre historique de Vic. Le clocher de l\u2019\u00e9glise de la Pietat, de style baroque, a \u00e9t\u00e9 inaugur\u00e9 en 1695. La coupole d\u2019origine a \u00e9t\u00e9 d\u00e9truite pendant la deuxi\u00e8me guerre carliste, au XIXe si\u00e8cle, et, apr\u00e8s diff\u00e9rentes restructurations, elle est remise [&hellip;]\" \/>\n<meta property=\"og:url\" content=\"https:\/\/www.vicpuntzero.cat\/fr\/contenu-loc4\/\" \/>\n<meta property=\"og:site_name\" content=\"Vic\" \/>\n<meta property=\"article:modified_time\" content=\"2021-03-19T09:59:29+00:00\" \/>\n<meta name=\"twitter:card\" content=\"summary_large_image\" \/>\n<meta name=\"twitter:label1\" content=\"Dur\u00e9e de lecture estim\u00e9e\" \/>\n\t<meta name=\"twitter:data1\" content=\"1 minute\" \/>\n<script type=\"application\/ld+json\" class=\"yoast-schema-graph\">{\"@context\":\"https:\/\/schema.org\",\"@graph\":[{\"@type\":\"WebPage\",\"@id\":\"https:\/\/www.vicpuntzero.cat\/fr\/contenu-loc4\/\",\"url\":\"https:\/\/www.vicpuntzero.cat\/fr\/contenu-loc4\/\",\"name\":\"Clocher | Vic\",\"isPartOf\":{\"@id\":\"https:\/\/www.vicpuntzero.cat\/#website\"},\"datePublished\":\"2020-11-30T09:04:44+00:00\",\"dateModified\":\"2021-03-19T09:59:29+00:00\",\"breadcrumb\":{\"@id\":\"https:\/\/www.vicpuntzero.cat\/fr\/contenu-loc4\/#breadcrumb\"},\"inLanguage\":\"fr-FR\",\"potentialAction\":[{\"@type\":\"ReadAction\",\"target\":[\"https:\/\/www.vicpuntzero.cat\/fr\/contenu-loc4\/\"]}]},{\"@type\":\"BreadcrumbList\",\"@id\":\"https:\/\/www.vicpuntzero.cat\/fr\/contenu-loc4\/#breadcrumb\",\"itemListElement\":[{\"@type\":\"ListItem\",\"position\":1,\"name\":\"Inici\",\"item\":\"https:\/\/www.vicpuntzero.cat\/en\/\"},{\"@type\":\"ListItem\",\"position\":2,\"name\":\"Clocher\"}]},{\"@type\":\"WebSite\",\"@id\":\"https:\/\/www.vicpuntzero.cat\/#website\",\"url\":\"https:\/\/www.vicpuntzero.cat\/\",\"name\":\"Vic\",\"description\":\"L&#039;origen d&#039;una hist\u00f2ria\",\"publisher\":{\"@id\":\"https:\/\/www.vicpuntzero.cat\/#organization\"},\"potentialAction\":[{\"@type\":\"SearchAction\",\"target\":{\"@type\":\"EntryPoint\",\"urlTemplate\":\"https:\/\/www.vicpuntzero.cat\/?s={search_term_string}\"},\"query-input\":{\"@type\":\"PropertyValueSpecification\",\"valueRequired\":true,\"valueName\":\"search_term_string\"}}],\"inLanguage\":\"fr-FR\"},{\"@type\":\"Organization\",\"@id\":\"https:\/\/www.vicpuntzero.cat\/#organization\",\"name\":\"Vicpuntzero\",\"url\":\"https:\/\/www.vicpuntzero.cat\/\",\"logo\":{\"@type\":\"ImageObject\",\"inLanguage\":\"fr-FR\",\"@id\":\"https:\/\/www.vicpuntzero.cat\/#\/schema\/logo\/image\/\",\"url\":\"https:\/\/www.vicpuntzero.cat\/wp-content\/uploads\/2020\/12\/cropped-COLOR_POSITIU_HORITZONTAL.png\",\"contentUrl\":\"https:\/\/www.vicpuntzero.cat\/wp-content\/uploads\/2020\/12\/cropped-COLOR_POSITIU_HORITZONTAL.png\",\"width\":1920,\"height\":640,\"caption\":\"Vicpuntzero\"},\"image\":{\"@id\":\"https:\/\/www.vicpuntzero.cat\/#\/schema\/logo\/image\/\"}}]}<\/script>\n<!-- \/ Yoast SEO plugin. -->","yoast_head_json":{"title":"Clocher | Vic","robots":{"index":"index","follow":"follow","max-snippet":"max-snippet:-1","max-image-preview":"max-image-preview:large","max-video-preview":"max-video-preview:-1"},"canonical":"https:\/\/www.vicpuntzero.cat\/fr\/contenu-loc4\/","og_locale":"fr_FR","og_type":"article","og_title":"Clocher | Vic","og_description":"Faites une pause et contemplez : vous vous trouvez \u00e0 l\u2019endroit le plus \u00e9lev\u00e9 du centre historique de Vic. Le clocher de l\u2019\u00e9glise de la Pietat, de style baroque, a \u00e9t\u00e9 inaugur\u00e9 en 1695. La coupole d\u2019origine a \u00e9t\u00e9 d\u00e9truite pendant la deuxi\u00e8me guerre carliste, au XIXe si\u00e8cle, et, apr\u00e8s diff\u00e9rentes restructurations, elle est remise [&hellip;]","og_url":"https:\/\/www.vicpuntzero.cat\/fr\/contenu-loc4\/","og_site_name":"Vic","article_modified_time":"2021-03-19T09:59:29+00:00","twitter_card":"summary_large_image","twitter_misc":{"Dur\u00e9e de lecture estim\u00e9e":"1 minute"},"schema":{"@context":"https:\/\/schema.org","@graph":[{"@type":"WebPage","@id":"https:\/\/www.vicpuntzero.cat\/fr\/contenu-loc4\/","url":"https:\/\/www.vicpuntzero.cat\/fr\/contenu-loc4\/","name":"Clocher | Vic","isPartOf":{"@id":"https:\/\/www.vicpuntzero.cat\/#website"},"datePublished":"2020-11-30T09:04:44+00:00","dateModified":"2021-03-19T09:59:29+00:00","breadcrumb":{"@id":"https:\/\/www.vicpuntzero.cat\/fr\/contenu-loc4\/#breadcrumb"},"inLanguage":"fr-FR","potentialAction":[{"@type":"ReadAction","target":["https:\/\/www.vicpuntzero.cat\/fr\/contenu-loc4\/"]}]},{"@type":"BreadcrumbList","@id":"https:\/\/www.vicpuntzero.cat\/fr\/contenu-loc4\/#breadcrumb","itemListElement":[{"@type":"ListItem","position":1,"name":"Inici","item":"https:\/\/www.vicpuntzero.cat\/en\/"},{"@type":"ListItem","position":2,"name":"Clocher"}]},{"@type":"WebSite","@id":"https:\/\/www.vicpuntzero.cat\/#website","url":"https:\/\/www.vicpuntzero.cat\/","name":"Vic","description":"L&#039;origen d&#039;una hist\u00f2ria","publisher":{"@id":"https:\/\/www.vicpuntzero.cat\/#organization"},"potentialAction":[{"@type":"SearchAction","target":{"@type":"EntryPoint","urlTemplate":"https:\/\/www.vicpuntzero.cat\/?s={search_term_string}"},"query-input":{"@type":"PropertyValueSpecification","valueRequired":true,"valueName":"search_term_string"}}],"inLanguage":"fr-FR"},{"@type":"Organization","@id":"https:\/\/www.vicpuntzero.cat\/#organization","name":"Vicpuntzero","url":"https:\/\/www.vicpuntzero.cat\/","logo":{"@type":"ImageObject","inLanguage":"fr-FR","@id":"https:\/\/www.vicpuntzero.cat\/#\/schema\/logo\/image\/","url":"https:\/\/www.vicpuntzero.cat\/wp-content\/uploads\/2020\/12\/cropped-COLOR_POSITIU_HORITZONTAL.png","contentUrl":"https:\/\/www.vicpuntzero.cat\/wp-content\/uploads\/2020\/12\/cropped-COLOR_POSITIU_HORITZONTAL.png","width":1920,"height":640,"caption":"Vicpuntzero"},"image":{"@id":"https:\/\/www.vicpuntzero.cat\/#\/schema\/logo\/image\/"}}]}},"_links":{"self":[{"href":"https:\/\/www.vicpuntzero.cat\/fr\/wp-json\/wp\/v2\/pages\/423","targetHints":{"allow":["GET"]}}],"collection":[{"href":"https:\/\/www.vicpuntzero.cat\/fr\/wp-json\/wp\/v2\/pages"}],"about":[{"href":"https:\/\/www.vicpuntzero.cat\/fr\/wp-json\/wp\/v2\/types\/page"}],"author":[{"embeddable":true,"href":"https:\/\/www.vicpuntzero.cat\/fr\/wp-json\/wp\/v2\/users\/1"}],"replies":[{"embeddable":true,"href":"https:\/\/www.vicpuntzero.cat\/fr\/wp-json\/wp\/v2\/comments?post=423"}],"version-history":[{"count":7,"href":"https:\/\/www.vicpuntzero.cat\/fr\/wp-json\/wp\/v2\/pages\/423\/revisions"}],"predecessor-version":[{"id":4043,"href":"https:\/\/www.vicpuntzero.cat\/fr\/wp-json\/wp\/v2\/pages\/423\/revisions\/4043"}],"wp:attachment":[{"href":"https:\/\/www.vicpuntzero.cat\/fr\/wp-json\/wp\/v2\/media?parent=423"}],"curies":[{"name":"wp","href":"https:\/\/api.w.org\/{rel}","templated":true}]}}