{"id":384,"date":"2020-11-30T08:58:29","date_gmt":"2020-11-30T08:58:29","guid":{"rendered":"https:\/\/www.vicpuntzero.cat\/?page_id=384"},"modified":"2025-04-08T13:49:39","modified_gmt":"2025-04-08T11:49:39","slug":"contenu-loc3","status":"publish","type":"page","link":"https:\/\/www.vicpuntzero.cat\/fr\/contenu-loc3\/","title":{"rendered":"Chapelle des Saints Martyrs"},"content":{"rendered":"<div class=\"wp-block-buttons is-layout-flex wp-block-buttons-is-layout-flex\"><div class=\"wp-block-button backButton\"><a class=\"wp-block-button__link has-background wp-element-button\" href=\"\/fr\/carte\" style=\"background-color:#af1585\" rel=\"\/mapa\">Tornar endarrera<\/a><\/div><\/div><div style=\"height:39px\" aria-hidden=\"true\" class=\"wp-block-spacer\"><\/div><!--[if lt IE 9]><script>document.createElement('audio');<\/script><![endif]-->\n<audio class=\"wp-audio-shortcode\" id=\"audio-384-1\" preload=\"none\" style=\"width: 100%;\" controls=\"controls\"><source type=\"audio\/mpeg\" src=\"https:\/\/www.vicpuntzero.cat\/wp-content\/uploads\/2020\/11\/03-Chapelle-des-Saints-Martyrs.mp3?_=1\" \/><a href=\"https:\/\/www.vicpuntzero.cat\/wp-content\/uploads\/2020\/11\/03-Chapelle-des-Saints-Martyrs.mp3\">https:\/\/www.vicpuntzero.cat\/wp-content\/uploads\/2020\/11\/03-Chapelle-des-Saints-Martyrs.mp3<\/a><\/audio>\n<table width=\"623\" cellspacing=\"0\" cellpadding=\"7\">\n<tbody>\n<tr>\n<td id=\"td-cloc3\" valign=\"top\" width=\"607\">\n<p lang=\"fr\" align=\"left\"><span style=\"font-family: Times, serif;\"><span style=\"font-size: large;\"><br \/>Cette chapelle est d\u00e9di\u00e9e aux Saints Martyrs. Et c\u2019est ici m\u00eame que les fonctions sp\u00e9cifiques au culte y sont actuellement exerc\u00e9es. La chapelle a \u00e9t\u00e9 \u00e9rig\u00e9e au XVIIIe si\u00e8cle, une fois les travaux de construction de l\u2019\u00e9glise de la Pietat termin\u00e9s.<\/span><\/span><\/p>\n<p lang=\"fr\" align=\"left\"><span style=\"font-family: Times, serif;\"><span style=\"font-size: large;\">La sculpture des deux saints martyrs Lucien et Marcien pr\u00e9side la chapelle. Toutes les peintures qui la d\u00e9corent sont l\u2019\u0153uvre de l\u2019artiste local Mari\u00e0 Colomer. R\u00e9alis\u00e9es au XVIIIe si\u00e8cle, elles traitent du patronage des deux saints sur la ville de Vic.<\/span><\/span><\/p>\n<p lang=\"fr\" align=\"left\"><span style=\"font-family: Times, serif;\"><span style=\"font-size: large;\">\u00c0 Vic, la d\u00e9votion pour les saints martyrs tient son origine d\u2019une l\u00e9gende selon laquelle une partie de leurs reliques fut d\u00e9couverte dans l\u2019ancienne \u00e9glise romane de Sant Sadurn\u00ed \u00e0 la p\u00e9riode du Moyen \u00c2ge.<\/span><\/span><\/p>\n<p lang=\"fr\" align=\"left\"><span style=\"font-family: Times, serif;\"><span style=\"font-size: large;\">Le culte des deux saints a perdur\u00e9 au point que la propre tradition selon laquelle ils \u00e9taient n\u00e9s \u00e0 Vic fut v\u00e9hicul\u00e9e et qu\u2019ils furent d\u00e9sign\u00e9s patrons de la ville. Ils furent consid\u00e9r\u00e9s comme tels de 1551 \u00e0 1862, ann\u00e9e o\u00f9 le saint patron actuel de la ville, Saint Michel des Saints, vient les remplacer.<\/span><\/span><\/p>\n<\/td>\n<\/tr>\n<\/tbody>\n<\/table>","protected":false},"excerpt":{"rendered":"<p>Cette chapelle est d\u00e9di\u00e9e aux Saints Martyrs. Et c\u2019est ici m\u00eame que les fonctions sp\u00e9cifiques au culte y sont actuellement exerc\u00e9es. La chapelle a \u00e9t\u00e9 \u00e9rig\u00e9e au XVIIIe si\u00e8cle, une fois les travaux de construction de l\u2019\u00e9glise de la Pietat termin\u00e9s. La sculpture des deux saints martyrs Lucien et Marcien pr\u00e9side la chapelle. Toutes les [&hellip;]<\/p>\n","protected":false},"author":1,"featured_media":0,"parent":0,"menu_order":0,"comment_status":"closed","ping_status":"closed","template":"","meta":{"footnotes":""},"class_list":["post-384","page","type-page","status-publish","hentry"],"yoast_head":"<!-- This site is optimized with the Yoast SEO plugin v23.9 - https:\/\/yoast.com\/wordpress\/plugins\/seo\/ -->\n<title>Chapelle des Saints Martyrs | Vic<\/title>\n<meta name=\"robots\" content=\"index, follow, max-snippet:-1, max-image-preview:large, max-video-preview:-1\" \/>\n<link rel=\"canonical\" href=\"https:\/\/www.vicpuntzero.cat\/fr\/contenu-loc3\/\" \/>\n<meta property=\"og:locale\" content=\"fr_FR\" \/>\n<meta property=\"og:type\" content=\"article\" \/>\n<meta property=\"og:title\" content=\"Chapelle des Saints Martyrs | Vic\" \/>\n<meta property=\"og:description\" content=\"Cette chapelle est d\u00e9di\u00e9e aux Saints Martyrs. Et c\u2019est ici m\u00eame que les fonctions sp\u00e9cifiques au culte y sont actuellement exerc\u00e9es. La chapelle a \u00e9t\u00e9 \u00e9rig\u00e9e au XVIIIe si\u00e8cle, une fois les travaux de construction de l\u2019\u00e9glise de la Pietat termin\u00e9s. La sculpture des deux saints martyrs Lucien et Marcien pr\u00e9side la chapelle. Toutes les [&hellip;]\" \/>\n<meta property=\"og:url\" content=\"https:\/\/www.vicpuntzero.cat\/fr\/contenu-loc3\/\" \/>\n<meta property=\"og:site_name\" content=\"Vic\" \/>\n<meta property=\"article:modified_time\" content=\"2025-04-08T11:49:39+00:00\" \/>\n<meta name=\"twitter:card\" content=\"summary_large_image\" \/>\n<meta name=\"twitter:label1\" content=\"Dur\u00e9e de lecture estim\u00e9e\" \/>\n\t<meta name=\"twitter:data1\" content=\"1 minute\" \/>\n<script type=\"application\/ld+json\" class=\"yoast-schema-graph\">{\"@context\":\"https:\/\/schema.org\",\"@graph\":[{\"@type\":\"WebPage\",\"@id\":\"https:\/\/www.vicpuntzero.cat\/fr\/contenu-loc3\/\",\"url\":\"https:\/\/www.vicpuntzero.cat\/fr\/contenu-loc3\/\",\"name\":\"Chapelle des Saints Martyrs | Vic\",\"isPartOf\":{\"@id\":\"https:\/\/www.vicpuntzero.cat\/#website\"},\"datePublished\":\"2020-11-30T08:58:29+00:00\",\"dateModified\":\"2025-04-08T11:49:39+00:00\",\"breadcrumb\":{\"@id\":\"https:\/\/www.vicpuntzero.cat\/fr\/contenu-loc3\/#breadcrumb\"},\"inLanguage\":\"fr-FR\",\"potentialAction\":[{\"@type\":\"ReadAction\",\"target\":[\"https:\/\/www.vicpuntzero.cat\/fr\/contenu-loc3\/\"]}]},{\"@type\":\"BreadcrumbList\",\"@id\":\"https:\/\/www.vicpuntzero.cat\/fr\/contenu-loc3\/#breadcrumb\",\"itemListElement\":[{\"@type\":\"ListItem\",\"position\":1,\"name\":\"Inici\",\"item\":\"https:\/\/www.vicpuntzero.cat\/en\/\"},{\"@type\":\"ListItem\",\"position\":2,\"name\":\"Chapelle des Saints Martyrs\"}]},{\"@type\":\"WebSite\",\"@id\":\"https:\/\/www.vicpuntzero.cat\/#website\",\"url\":\"https:\/\/www.vicpuntzero.cat\/\",\"name\":\"Vic\",\"description\":\"L&#039;origen d&#039;una hist\u00f2ria\",\"publisher\":{\"@id\":\"https:\/\/www.vicpuntzero.cat\/#organization\"},\"potentialAction\":[{\"@type\":\"SearchAction\",\"target\":{\"@type\":\"EntryPoint\",\"urlTemplate\":\"https:\/\/www.vicpuntzero.cat\/?s={search_term_string}\"},\"query-input\":{\"@type\":\"PropertyValueSpecification\",\"valueRequired\":true,\"valueName\":\"search_term_string\"}}],\"inLanguage\":\"fr-FR\"},{\"@type\":\"Organization\",\"@id\":\"https:\/\/www.vicpuntzero.cat\/#organization\",\"name\":\"Vicpuntzero\",\"url\":\"https:\/\/www.vicpuntzero.cat\/\",\"logo\":{\"@type\":\"ImageObject\",\"inLanguage\":\"fr-FR\",\"@id\":\"https:\/\/www.vicpuntzero.cat\/#\/schema\/logo\/image\/\",\"url\":\"https:\/\/www.vicpuntzero.cat\/wp-content\/uploads\/2020\/12\/cropped-COLOR_POSITIU_HORITZONTAL.png\",\"contentUrl\":\"https:\/\/www.vicpuntzero.cat\/wp-content\/uploads\/2020\/12\/cropped-COLOR_POSITIU_HORITZONTAL.png\",\"width\":1920,\"height\":640,\"caption\":\"Vicpuntzero\"},\"image\":{\"@id\":\"https:\/\/www.vicpuntzero.cat\/#\/schema\/logo\/image\/\"}}]}<\/script>\n<!-- \/ Yoast SEO plugin. -->","yoast_head_json":{"title":"Chapelle des Saints Martyrs | Vic","robots":{"index":"index","follow":"follow","max-snippet":"max-snippet:-1","max-image-preview":"max-image-preview:large","max-video-preview":"max-video-preview:-1"},"canonical":"https:\/\/www.vicpuntzero.cat\/fr\/contenu-loc3\/","og_locale":"fr_FR","og_type":"article","og_title":"Chapelle des Saints Martyrs | Vic","og_description":"Cette chapelle est d\u00e9di\u00e9e aux Saints Martyrs. Et c\u2019est ici m\u00eame que les fonctions sp\u00e9cifiques au culte y sont actuellement exerc\u00e9es. La chapelle a \u00e9t\u00e9 \u00e9rig\u00e9e au XVIIIe si\u00e8cle, une fois les travaux de construction de l\u2019\u00e9glise de la Pietat termin\u00e9s. La sculpture des deux saints martyrs Lucien et Marcien pr\u00e9side la chapelle. Toutes les [&hellip;]","og_url":"https:\/\/www.vicpuntzero.cat\/fr\/contenu-loc3\/","og_site_name":"Vic","article_modified_time":"2025-04-08T11:49:39+00:00","twitter_card":"summary_large_image","twitter_misc":{"Dur\u00e9e de lecture estim\u00e9e":"1 minute"},"schema":{"@context":"https:\/\/schema.org","@graph":[{"@type":"WebPage","@id":"https:\/\/www.vicpuntzero.cat\/fr\/contenu-loc3\/","url":"https:\/\/www.vicpuntzero.cat\/fr\/contenu-loc3\/","name":"Chapelle des Saints Martyrs | Vic","isPartOf":{"@id":"https:\/\/www.vicpuntzero.cat\/#website"},"datePublished":"2020-11-30T08:58:29+00:00","dateModified":"2025-04-08T11:49:39+00:00","breadcrumb":{"@id":"https:\/\/www.vicpuntzero.cat\/fr\/contenu-loc3\/#breadcrumb"},"inLanguage":"fr-FR","potentialAction":[{"@type":"ReadAction","target":["https:\/\/www.vicpuntzero.cat\/fr\/contenu-loc3\/"]}]},{"@type":"BreadcrumbList","@id":"https:\/\/www.vicpuntzero.cat\/fr\/contenu-loc3\/#breadcrumb","itemListElement":[{"@type":"ListItem","position":1,"name":"Inici","item":"https:\/\/www.vicpuntzero.cat\/en\/"},{"@type":"ListItem","position":2,"name":"Chapelle des Saints Martyrs"}]},{"@type":"WebSite","@id":"https:\/\/www.vicpuntzero.cat\/#website","url":"https:\/\/www.vicpuntzero.cat\/","name":"Vic","description":"L&#039;origen d&#039;una hist\u00f2ria","publisher":{"@id":"https:\/\/www.vicpuntzero.cat\/#organization"},"potentialAction":[{"@type":"SearchAction","target":{"@type":"EntryPoint","urlTemplate":"https:\/\/www.vicpuntzero.cat\/?s={search_term_string}"},"query-input":{"@type":"PropertyValueSpecification","valueRequired":true,"valueName":"search_term_string"}}],"inLanguage":"fr-FR"},{"@type":"Organization","@id":"https:\/\/www.vicpuntzero.cat\/#organization","name":"Vicpuntzero","url":"https:\/\/www.vicpuntzero.cat\/","logo":{"@type":"ImageObject","inLanguage":"fr-FR","@id":"https:\/\/www.vicpuntzero.cat\/#\/schema\/logo\/image\/","url":"https:\/\/www.vicpuntzero.cat\/wp-content\/uploads\/2020\/12\/cropped-COLOR_POSITIU_HORITZONTAL.png","contentUrl":"https:\/\/www.vicpuntzero.cat\/wp-content\/uploads\/2020\/12\/cropped-COLOR_POSITIU_HORITZONTAL.png","width":1920,"height":640,"caption":"Vicpuntzero"},"image":{"@id":"https:\/\/www.vicpuntzero.cat\/#\/schema\/logo\/image\/"}}]}},"_links":{"self":[{"href":"https:\/\/www.vicpuntzero.cat\/fr\/wp-json\/wp\/v2\/pages\/384","targetHints":{"allow":["GET"]}}],"collection":[{"href":"https:\/\/www.vicpuntzero.cat\/fr\/wp-json\/wp\/v2\/pages"}],"about":[{"href":"https:\/\/www.vicpuntzero.cat\/fr\/wp-json\/wp\/v2\/types\/page"}],"author":[{"embeddable":true,"href":"https:\/\/www.vicpuntzero.cat\/fr\/wp-json\/wp\/v2\/users\/1"}],"replies":[{"embeddable":true,"href":"https:\/\/www.vicpuntzero.cat\/fr\/wp-json\/wp\/v2\/comments?post=384"}],"version-history":[{"count":8,"href":"https:\/\/www.vicpuntzero.cat\/fr\/wp-json\/wp\/v2\/pages\/384\/revisions"}],"predecessor-version":[{"id":27718,"href":"https:\/\/www.vicpuntzero.cat\/fr\/wp-json\/wp\/v2\/pages\/384\/revisions\/27718"}],"wp:attachment":[{"href":"https:\/\/www.vicpuntzero.cat\/fr\/wp-json\/wp\/v2\/media?parent=384"}],"curies":[{"name":"wp","href":"https:\/\/api.w.org\/{rel}","templated":true}]}}