{"id":371,"date":"2020-11-30T08:54:05","date_gmt":"2020-11-30T08:54:05","guid":{"rendered":"https:\/\/www.vicpuntzero.cat\/?page_id=371"},"modified":"2021-03-19T11:56:50","modified_gmt":"2021-03-19T09:56:50","slug":"contenu-loc2","status":"publish","type":"page","link":"https:\/\/www.vicpuntzero.cat\/fr\/contenu-loc2\/","title":{"rendered":"Nef Centrale"},"content":{"rendered":"<div class=\"wp-block-buttons is-layout-flex wp-block-buttons-is-layout-flex\"><div class=\"wp-block-button backButton\"><a class=\"wp-block-button__link has-background no-border-radius\" href=\"\/fr\/carte\" style=\"background-color:#af1585\" rel=\"\/mapa\">Retourner en arri\u00e8re<\/a><\/div><\/div><div style=\"height:39px\" aria-hidden=\"true\" class=\"wp-block-spacer\"><\/div><!--[if lt IE 9]><script>document.createElement('audio');<\/script><![endif]-->\n<audio class=\"wp-audio-shortcode\" id=\"audio-371-1\" preload=\"none\" style=\"width: 100%;\" controls=\"controls\"><source type=\"audio\/mpeg\" src=\"https:\/\/www.vicpuntzero.cat\/wp-content\/uploads\/2020\/11\/02-Nef-Centrale.mp3?_=1\" \/><a href=\"https:\/\/www.vicpuntzero.cat\/wp-content\/uploads\/2020\/11\/02-Nef-Centrale.mp3\">https:\/\/www.vicpuntzero.cat\/wp-content\/uploads\/2020\/11\/02-Nef-Centrale.mp3<\/a><\/audio>\n<table width=\"623\" cellspacing=\"0\" cellpadding=\"7\">\n<tbody>\n<tr>\n<td id=\"td-cloc2\" valign=\"top\" width=\"607\">\n<p lang=\"fr\" align=\"left\"><span style=\"font-family: Times, serif;\"><span style=\"font-size: large;\">Nous nous trouvons dans la nef centrale de l\u2019\u00e9glise baroque de la Pietat. Le temple jouit d&rsquo;une forte popularit\u00e9. Il nous faut nous l\u2019imaginer regorgeant de monde s\u2019y rendant par d\u00e9votion aux saints martyrs Lucien et Marcien, puisque c\u2019est ici, selon la tradition, que leurs reliques \u00e9taient conserv\u00e9es.<\/span><\/span><\/p>\n<p lang=\"fr\" align=\"left\"><span style=\"font-family: Times, serif;\"><span style=\"font-size: large;\">La construction de la Pietat a d\u00e9but\u00e9 au cours de la premi\u00e8re moiti\u00e9 du XVIIe si\u00e8cle, sur l\u2019ancienne \u00e9glise romane de Sant Sadurn\u00ed. De l\u2019ext\u00e9rieur, un pan de sa fa\u00e7ade est encore visible sur un c\u00f4t\u00e9 du b\u00e2timent.<\/span><\/span><\/p>\n<p lang=\"fr\" align=\"left\"><span style=\"font-family: Times, serif;\"><span style=\"font-size: large;\">S\u2019\u00e9tant d\u00e9roul\u00e9s sur de nombreuses ann\u00e9es, les travaux ont \u00e9t\u00e9 financ\u00e9s par les aum\u00f4nes et avec le soutien de diff\u00e9rents secteurs et corps de m\u00e9tier de la ville.<\/span><\/span><\/p>\n<p lang=\"fr\" align=\"left\"><span style=\"font-family: Times, serif;\"><span style=\"font-size: large;\">Il s\u2019agit de la premi\u00e8re \u00e9glise construite par la lign\u00e9e des Morat\u00f3, une famille de Vic couvrant jusqu\u2019\u00e0 5 g\u00e9n\u00e9rations de ma\u00eetres d\u2019\u0153uvre et sculpteurs. La majorit\u00e9 des demeures seigneuriales, \u00e9glises et retables de Vic sont \u00e0 mettre \u00e0 leur compte. Leur travail, \u00e9galement pr\u00e9sent \u00e7\u00e0 et l\u00e0 dans d\u2019autres villes, comprend certains ouvrages majeurs du baroque catalan.<\/span><\/span><\/p>\n<p lang=\"fr\" align=\"left\"><span style=\"font-family: Times, serif;\"><span style=\"font-size: large;\">Cette partie de l\u2019\u00e9glise de la Pietat est actuellement utilis\u00e9e comme salle d\u2019exposition et espace culturel.<\/span><\/span><\/p>\n<\/td>\n<\/tr>\n<\/tbody>\n<\/table>\n<p lang=\"fr\">\u00a0<\/p>","protected":false},"excerpt":{"rendered":"<p>Nous nous trouvons dans la nef centrale de l\u2019\u00e9glise baroque de la Pietat. Le temple jouit d&rsquo;une forte popularit\u00e9. Il nous faut nous l\u2019imaginer regorgeant de monde s\u2019y rendant par d\u00e9votion aux saints martyrs Lucien et Marcien, puisque c\u2019est ici, selon la tradition, que leurs reliques \u00e9taient conserv\u00e9es. La construction de la Pietat a d\u00e9but\u00e9 [&hellip;]<\/p>\n","protected":false},"author":1,"featured_media":0,"parent":0,"menu_order":0,"comment_status":"closed","ping_status":"closed","template":"","meta":{"footnotes":""},"class_list":["post-371","page","type-page","status-publish","hentry"],"yoast_head":"<!-- This site is optimized with the Yoast SEO plugin v23.9 - https:\/\/yoast.com\/wordpress\/plugins\/seo\/ -->\n<title>Nef Centrale | Vic<\/title>\n<meta name=\"robots\" content=\"index, follow, max-snippet:-1, max-image-preview:large, max-video-preview:-1\" \/>\n<link rel=\"canonical\" href=\"https:\/\/www.vicpuntzero.cat\/fr\/contenu-loc2\/\" \/>\n<meta property=\"og:locale\" content=\"fr_FR\" \/>\n<meta property=\"og:type\" content=\"article\" \/>\n<meta property=\"og:title\" content=\"Nef Centrale | Vic\" \/>\n<meta property=\"og:description\" content=\"Nous nous trouvons dans la nef centrale de l\u2019\u00e9glise baroque de la Pietat. Le temple jouit d&rsquo;une forte popularit\u00e9. Il nous faut nous l\u2019imaginer regorgeant de monde s\u2019y rendant par d\u00e9votion aux saints martyrs Lucien et Marcien, puisque c\u2019est ici, selon la tradition, que leurs reliques \u00e9taient conserv\u00e9es. La construction de la Pietat a d\u00e9but\u00e9 [&hellip;]\" \/>\n<meta property=\"og:url\" content=\"https:\/\/www.vicpuntzero.cat\/fr\/contenu-loc2\/\" \/>\n<meta property=\"og:site_name\" content=\"Vic\" \/>\n<meta property=\"article:modified_time\" content=\"2021-03-19T09:56:50+00:00\" \/>\n<meta name=\"twitter:card\" content=\"summary_large_image\" \/>\n<meta name=\"twitter:label1\" content=\"Dur\u00e9e de lecture estim\u00e9e\" \/>\n\t<meta name=\"twitter:data1\" content=\"1 minute\" \/>\n<script type=\"application\/ld+json\" class=\"yoast-schema-graph\">{\"@context\":\"https:\/\/schema.org\",\"@graph\":[{\"@type\":\"WebPage\",\"@id\":\"https:\/\/www.vicpuntzero.cat\/fr\/contenu-loc2\/\",\"url\":\"https:\/\/www.vicpuntzero.cat\/fr\/contenu-loc2\/\",\"name\":\"Nef Centrale | Vic\",\"isPartOf\":{\"@id\":\"https:\/\/www.vicpuntzero.cat\/#website\"},\"datePublished\":\"2020-11-30T08:54:05+00:00\",\"dateModified\":\"2021-03-19T09:56:50+00:00\",\"breadcrumb\":{\"@id\":\"https:\/\/www.vicpuntzero.cat\/fr\/contenu-loc2\/#breadcrumb\"},\"inLanguage\":\"fr-FR\",\"potentialAction\":[{\"@type\":\"ReadAction\",\"target\":[\"https:\/\/www.vicpuntzero.cat\/fr\/contenu-loc2\/\"]}]},{\"@type\":\"BreadcrumbList\",\"@id\":\"https:\/\/www.vicpuntzero.cat\/fr\/contenu-loc2\/#breadcrumb\",\"itemListElement\":[{\"@type\":\"ListItem\",\"position\":1,\"name\":\"Inici\",\"item\":\"https:\/\/www.vicpuntzero.cat\/en\/\"},{\"@type\":\"ListItem\",\"position\":2,\"name\":\"Nef Centrale\"}]},{\"@type\":\"WebSite\",\"@id\":\"https:\/\/www.vicpuntzero.cat\/#website\",\"url\":\"https:\/\/www.vicpuntzero.cat\/\",\"name\":\"Vic\",\"description\":\"L&#039;origen d&#039;una hist\u00f2ria\",\"publisher\":{\"@id\":\"https:\/\/www.vicpuntzero.cat\/#organization\"},\"potentialAction\":[{\"@type\":\"SearchAction\",\"target\":{\"@type\":\"EntryPoint\",\"urlTemplate\":\"https:\/\/www.vicpuntzero.cat\/?s={search_term_string}\"},\"query-input\":{\"@type\":\"PropertyValueSpecification\",\"valueRequired\":true,\"valueName\":\"search_term_string\"}}],\"inLanguage\":\"fr-FR\"},{\"@type\":\"Organization\",\"@id\":\"https:\/\/www.vicpuntzero.cat\/#organization\",\"name\":\"Vicpuntzero\",\"url\":\"https:\/\/www.vicpuntzero.cat\/\",\"logo\":{\"@type\":\"ImageObject\",\"inLanguage\":\"fr-FR\",\"@id\":\"https:\/\/www.vicpuntzero.cat\/#\/schema\/logo\/image\/\",\"url\":\"https:\/\/www.vicpuntzero.cat\/wp-content\/uploads\/2020\/12\/cropped-COLOR_POSITIU_HORITZONTAL.png\",\"contentUrl\":\"https:\/\/www.vicpuntzero.cat\/wp-content\/uploads\/2020\/12\/cropped-COLOR_POSITIU_HORITZONTAL.png\",\"width\":1920,\"height\":640,\"caption\":\"Vicpuntzero\"},\"image\":{\"@id\":\"https:\/\/www.vicpuntzero.cat\/#\/schema\/logo\/image\/\"}}]}<\/script>\n<!-- \/ Yoast SEO plugin. -->","yoast_head_json":{"title":"Nef Centrale | Vic","robots":{"index":"index","follow":"follow","max-snippet":"max-snippet:-1","max-image-preview":"max-image-preview:large","max-video-preview":"max-video-preview:-1"},"canonical":"https:\/\/www.vicpuntzero.cat\/fr\/contenu-loc2\/","og_locale":"fr_FR","og_type":"article","og_title":"Nef Centrale | Vic","og_description":"Nous nous trouvons dans la nef centrale de l\u2019\u00e9glise baroque de la Pietat. Le temple jouit d&rsquo;une forte popularit\u00e9. Il nous faut nous l\u2019imaginer regorgeant de monde s\u2019y rendant par d\u00e9votion aux saints martyrs Lucien et Marcien, puisque c\u2019est ici, selon la tradition, que leurs reliques \u00e9taient conserv\u00e9es. La construction de la Pietat a d\u00e9but\u00e9 [&hellip;]","og_url":"https:\/\/www.vicpuntzero.cat\/fr\/contenu-loc2\/","og_site_name":"Vic","article_modified_time":"2021-03-19T09:56:50+00:00","twitter_card":"summary_large_image","twitter_misc":{"Dur\u00e9e de lecture estim\u00e9e":"1 minute"},"schema":{"@context":"https:\/\/schema.org","@graph":[{"@type":"WebPage","@id":"https:\/\/www.vicpuntzero.cat\/fr\/contenu-loc2\/","url":"https:\/\/www.vicpuntzero.cat\/fr\/contenu-loc2\/","name":"Nef Centrale | Vic","isPartOf":{"@id":"https:\/\/www.vicpuntzero.cat\/#website"},"datePublished":"2020-11-30T08:54:05+00:00","dateModified":"2021-03-19T09:56:50+00:00","breadcrumb":{"@id":"https:\/\/www.vicpuntzero.cat\/fr\/contenu-loc2\/#breadcrumb"},"inLanguage":"fr-FR","potentialAction":[{"@type":"ReadAction","target":["https:\/\/www.vicpuntzero.cat\/fr\/contenu-loc2\/"]}]},{"@type":"BreadcrumbList","@id":"https:\/\/www.vicpuntzero.cat\/fr\/contenu-loc2\/#breadcrumb","itemListElement":[{"@type":"ListItem","position":1,"name":"Inici","item":"https:\/\/www.vicpuntzero.cat\/en\/"},{"@type":"ListItem","position":2,"name":"Nef Centrale"}]},{"@type":"WebSite","@id":"https:\/\/www.vicpuntzero.cat\/#website","url":"https:\/\/www.vicpuntzero.cat\/","name":"Vic","description":"L&#039;origen d&#039;una hist\u00f2ria","publisher":{"@id":"https:\/\/www.vicpuntzero.cat\/#organization"},"potentialAction":[{"@type":"SearchAction","target":{"@type":"EntryPoint","urlTemplate":"https:\/\/www.vicpuntzero.cat\/?s={search_term_string}"},"query-input":{"@type":"PropertyValueSpecification","valueRequired":true,"valueName":"search_term_string"}}],"inLanguage":"fr-FR"},{"@type":"Organization","@id":"https:\/\/www.vicpuntzero.cat\/#organization","name":"Vicpuntzero","url":"https:\/\/www.vicpuntzero.cat\/","logo":{"@type":"ImageObject","inLanguage":"fr-FR","@id":"https:\/\/www.vicpuntzero.cat\/#\/schema\/logo\/image\/","url":"https:\/\/www.vicpuntzero.cat\/wp-content\/uploads\/2020\/12\/cropped-COLOR_POSITIU_HORITZONTAL.png","contentUrl":"https:\/\/www.vicpuntzero.cat\/wp-content\/uploads\/2020\/12\/cropped-COLOR_POSITIU_HORITZONTAL.png","width":1920,"height":640,"caption":"Vicpuntzero"},"image":{"@id":"https:\/\/www.vicpuntzero.cat\/#\/schema\/logo\/image\/"}}]}},"_links":{"self":[{"href":"https:\/\/www.vicpuntzero.cat\/fr\/wp-json\/wp\/v2\/pages\/371","targetHints":{"allow":["GET"]}}],"collection":[{"href":"https:\/\/www.vicpuntzero.cat\/fr\/wp-json\/wp\/v2\/pages"}],"about":[{"href":"https:\/\/www.vicpuntzero.cat\/fr\/wp-json\/wp\/v2\/types\/page"}],"author":[{"embeddable":true,"href":"https:\/\/www.vicpuntzero.cat\/fr\/wp-json\/wp\/v2\/users\/1"}],"replies":[{"embeddable":true,"href":"https:\/\/www.vicpuntzero.cat\/fr\/wp-json\/wp\/v2\/comments?post=371"}],"version-history":[{"count":7,"href":"https:\/\/www.vicpuntzero.cat\/fr\/wp-json\/wp\/v2\/pages\/371\/revisions"}],"predecessor-version":[{"id":4040,"href":"https:\/\/www.vicpuntzero.cat\/fr\/wp-json\/wp\/v2\/pages\/371\/revisions\/4040"}],"wp:attachment":[{"href":"https:\/\/www.vicpuntzero.cat\/fr\/wp-json\/wp\/v2\/media?parent=371"}],"curies":[{"name":"wp","href":"https:\/\/api.w.org\/{rel}","templated":true}]}}