{"id":355,"date":"2020-11-30T08:49:25","date_gmt":"2020-11-30T08:49:25","guid":{"rendered":"https:\/\/www.vicpuntzero.cat\/?page_id=355"},"modified":"2025-04-08T13:47:58","modified_gmt":"2025-04-08T11:47:58","slug":"contenu-loc1","status":"publish","type":"page","link":"https:\/\/www.vicpuntzero.cat\/fr\/contenu-loc1\/","title":{"rendered":"Chapelle Fonda"},"content":{"rendered":"<div class=\"wp-block-buttons is-layout-flex wp-block-buttons-is-layout-flex\"><div class=\"wp-block-button backButton\"><a class=\"wp-block-button__link has-background wp-element-button\" href=\"\/fr\/carte\" style=\"background-color:#af1585\" rel=\"\/mapa\">Retourner en arri\u00e8re<\/a><\/div><\/div><div style=\"height:39px\" aria-hidden=\"true\" class=\"wp-block-spacer\"><\/div><!--[if lt IE 9]><script>document.createElement('audio');<\/script><![endif]-->\n<audio class=\"wp-audio-shortcode\" id=\"audio-355-1\" preload=\"none\" style=\"width: 100%;\" controls=\"controls\"><source type=\"audio\/mpeg\" src=\"https:\/\/www.vicpuntzero.cat\/wp-content\/uploads\/2020\/11\/01-Le-Battement-de-Coeur-des-Pierress.mp3?_=1\" \/><a href=\"https:\/\/www.vicpuntzero.cat\/wp-content\/uploads\/2020\/11\/01-Le-Battement-de-Coeur-des-Pierress.mp3\">https:\/\/www.vicpuntzero.cat\/wp-content\/uploads\/2020\/11\/01-Le-Battement-de-Coeur-des-Pierress.mp3<\/a><\/audio>\n<p><span style=\"font-family: Times, serif;\"><span style=\"font-size: large;\"><span lang=\"fr\">LE BATTEMENT DE C \u0152UR DES PIERRES<\/span><\/span><\/span><\/p>\n<table id=\"table-cloc1\" width=\"623\" cellspacing=\"0\" cellpadding=\"7\">\n<tbody>\n<tr>\n<td id=\"td-cloc1\" valign=\"top\" width=\"607\">\n<p lang=\"fr\" align=\"left\"><span style=\"font-family: Times, serif;\"><span style=\"font-size: large;\">Bienvenue \u00e0 toutes et \u00e0 tous<\/span><\/span><\/p>\n<p lang=\"fr\" align=\"left\"><span style=\"font-family: Times, serif;\"><span style=\"font-size: large;\">Nous nous trouvons au point z\u00e9ro de Vic, l\u00e0 o\u00f9 la ville a vu le jour&#8230;<br \/>En ce point, l\u2019histoire veut se faire entendre&#8230;<br \/>Sous des couches empil\u00e9es les unes sur les autres au fil des si\u00e8cles&#8230;<br \/>&#8230; \u00e0 pr\u00e9sent, toutes les \u00e9poques veulent refaire surface. <\/span><\/span><\/p>\n<\/td>\n<\/tr>\n<tr>\n<td id=\"td-cloc1\" valign=\"top\" width=\"607\">\n<p lang=\"fr\" align=\"left\"><span style=\"font-family: Times, serif;\"><span style=\"font-size: large;\">&#8230; et nous pouvons les d\u00e9couvrir ici m\u00eame, sur le point le plus \u00e9lev\u00e9 du centre historique, se dressant entrem\u00eal\u00e9es les unes aux autres, formant un tout dans l\u2019espace : le temple romain, le ch\u00e2teau m\u00e9di\u00e9val des Montcada et l\u2019\u00e9glise baroque de la Pietat.<br \/>Les vestiges arch\u00e9ologiques qui nous entourent nous permettent d\u2019aller plus loin et de dessiner la ville de Vic comme elle \u00e9tait autrefois.<\/span><\/span><\/p>\n<\/td>\n<\/tr>\n<tr>\n<td id=\"td-cloc1\" valign=\"top\" width=\"607\">\n<p lang=\"fr\" align=\"left\"><span style=\"font-family: Times, serif;\"><span style=\"font-size: large;\">La premi\u00e8re couche nous d\u00e9voile Auso, la cit\u00e9 romaine.<br \/>Les vestiges laissent deviner la d\u00e9limitation des diff\u00e9rentes pi\u00e8ces ainsi que la pr\u00e9sence de silos utilis\u00e9s pour la conservation de c\u00e9r\u00e9ales ou d\u2019autres exc\u00e9dents de r\u00e9colte.<br \/>Et ils nous r\u00e9v\u00e8lent une cit\u00e9 importante, fond\u00e9e pour devenir le centre administratif d\u2019une communaut\u00e9 qui peuplait toute la plaine&#8230;<\/span><\/span><\/p>\n<\/td>\n<\/tr>\n<tr>\n<td id=\"td-cloc1\" valign=\"top\" width=\"607\">\n<p lang=\"fr\" align=\"left\"><span style=\"font-family: Times, serif;\"><span style=\"font-size: large;\">En avan\u00e7ant dans le temps, un autre ensemble de silos de la p\u00e9riode de l\u2019Antiquit\u00e9 tardive, du Ve au VIIe si\u00e8cle, nous permet d\u2019en d\u00e9duire que la cit\u00e9 n\u2019a pas subi le d\u00e9clin provoqu\u00e9 par la chute de l\u2019Empire romain. Au contraire, elle n&rsquo;a cess\u00e9 de cro\u00eetre, allant jusqu&rsquo;\u00e0 \u00eatre choisie pour devenir le si\u00e8ge du dioc\u00e8se.<\/span><\/span><\/p>\n<\/td>\n<\/tr>\n<tr>\n<td id=\"td-cloc1\" style=\"background: transparent;\" valign=\"top\" width=\"607\">\n<p lang=\"fr\" align=\"left\"><span style=\"font-family: Times, serif;\"><span style=\"font-size: large;\">L\u2019eau a d\u00fb jaillir pendant des si\u00e8cles du puits d\u00e9couvert dans le coin gauche.<br \/>Une source qui rev\u00eatait une certaine importance pour les habitants, \u00e0 en croire son emplacement, qui devait \u00eatre un point d\u2019approvisionnement essentiel.<br \/>Un puits qui est rest\u00e9 au niveau des fortifications, \u00e0 l\u2019int\u00e9rieur du domaine du ch\u00e2teau des seigneurs de Montcada. Certains murs de ce ch\u00e2teau sont encore debout.<br \/><\/span><\/span><\/p>\n<\/td>\n<\/tr>\n<tr>\n<td id=\"td-cloc1\" style=\"background: transparent;\" valign=\"top\" width=\"607\">\n<p lang=\"fr\" align=\"left\"><span style=\"font-family: Times, serif;\"><span style=\"font-size: large;\">Abstraction faite des vestiges m\u00e9di\u00e9vaux, nous avan\u00e7ons dans le temps sans changer de place, car ce point g\u00e9ographique nous fait \u00e9galement d\u00e9couvrir la splendeur du baroque de la chapelle de l\u2019\u00e9glise de la Pietat.<\/span><\/span><\/p>\n<\/td>\n<\/tr>\n<tr>\n<td id=\"td-cloc1\" style=\"background: transparent;\" valign=\"top\" width=\"607\">\n<p lang=\"fr\" align=\"left\"><span style=\"font-family: Times, serif;\"><span style=\"font-size: large;\">Ici, au point z\u00e9ro de Vic, toutes les \u00e9poques nous sont r\u00e9v\u00e9l\u00e9es afin que nous puissions les explorer.<\/span><\/span><\/p>\n<p lang=\"fr\" align=\"left\"><span style=\"font-family: Times, serif;\"><span style=\"font-size: large;\">Un voyage \u00e0 travers l\u2019histoire qui vient tout juste de commencer.<\/span><\/span><\/p>\n<\/td>\n<\/tr>\n<\/tbody>\n<\/table>","protected":false},"excerpt":{"rendered":"<p>LE BATTEMENT DE C \u0152UR DES PIERRES Bienvenue \u00e0 toutes et \u00e0 tous Nous nous trouvons au point z\u00e9ro de Vic, l\u00e0 o\u00f9 la ville a vu le jour&#8230;En ce point, l\u2019histoire veut se faire entendre&#8230;Sous des couches empil\u00e9es les unes sur les autres au fil des si\u00e8cles&#8230;&#8230; \u00e0 pr\u00e9sent, toutes les \u00e9poques veulent refaire [&hellip;]<\/p>\n","protected":false},"author":1,"featured_media":0,"parent":0,"menu_order":0,"comment_status":"closed","ping_status":"closed","template":"","meta":{"footnotes":""},"class_list":["post-355","page","type-page","status-publish","hentry"],"yoast_head":"<!-- This site is optimized with the Yoast SEO plugin v23.9 - https:\/\/yoast.com\/wordpress\/plugins\/seo\/ -->\n<title>Chapelle Fonda | Vic<\/title>\n<meta name=\"robots\" content=\"index, follow, max-snippet:-1, max-image-preview:large, max-video-preview:-1\" \/>\n<link rel=\"canonical\" href=\"https:\/\/www.vicpuntzero.cat\/fr\/contenu-loc1\/\" \/>\n<meta property=\"og:locale\" content=\"fr_FR\" \/>\n<meta property=\"og:type\" content=\"article\" \/>\n<meta property=\"og:title\" content=\"Chapelle Fonda | Vic\" \/>\n<meta property=\"og:description\" content=\"LE BATTEMENT DE C \u0152UR DES PIERRES Bienvenue \u00e0 toutes et \u00e0 tous Nous nous trouvons au point z\u00e9ro de Vic, l\u00e0 o\u00f9 la ville a vu le jour&#8230;En ce point, l\u2019histoire veut se faire entendre&#8230;Sous des couches empil\u00e9es les unes sur les autres au fil des si\u00e8cles&#8230;&#8230; \u00e0 pr\u00e9sent, toutes les \u00e9poques veulent refaire [&hellip;]\" \/>\n<meta property=\"og:url\" content=\"https:\/\/www.vicpuntzero.cat\/fr\/contenu-loc1\/\" \/>\n<meta property=\"og:site_name\" content=\"Vic\" \/>\n<meta property=\"article:modified_time\" content=\"2025-04-08T11:47:58+00:00\" \/>\n<meta name=\"twitter:card\" content=\"summary_large_image\" \/>\n<meta name=\"twitter:label1\" content=\"Dur\u00e9e de lecture estim\u00e9e\" \/>\n\t<meta name=\"twitter:data1\" content=\"2 minutes\" \/>\n<script type=\"application\/ld+json\" class=\"yoast-schema-graph\">{\"@context\":\"https:\/\/schema.org\",\"@graph\":[{\"@type\":\"WebPage\",\"@id\":\"https:\/\/www.vicpuntzero.cat\/fr\/contenu-loc1\/\",\"url\":\"https:\/\/www.vicpuntzero.cat\/fr\/contenu-loc1\/\",\"name\":\"Chapelle Fonda | Vic\",\"isPartOf\":{\"@id\":\"https:\/\/www.vicpuntzero.cat\/#website\"},\"datePublished\":\"2020-11-30T08:49:25+00:00\",\"dateModified\":\"2025-04-08T11:47:58+00:00\",\"breadcrumb\":{\"@id\":\"https:\/\/www.vicpuntzero.cat\/fr\/contenu-loc1\/#breadcrumb\"},\"inLanguage\":\"fr-FR\",\"potentialAction\":[{\"@type\":\"ReadAction\",\"target\":[\"https:\/\/www.vicpuntzero.cat\/fr\/contenu-loc1\/\"]}]},{\"@type\":\"BreadcrumbList\",\"@id\":\"https:\/\/www.vicpuntzero.cat\/fr\/contenu-loc1\/#breadcrumb\",\"itemListElement\":[{\"@type\":\"ListItem\",\"position\":1,\"name\":\"Inici\",\"item\":\"https:\/\/www.vicpuntzero.cat\/en\/\"},{\"@type\":\"ListItem\",\"position\":2,\"name\":\"Chapelle Fonda\"}]},{\"@type\":\"WebSite\",\"@id\":\"https:\/\/www.vicpuntzero.cat\/#website\",\"url\":\"https:\/\/www.vicpuntzero.cat\/\",\"name\":\"Vic\",\"description\":\"L&#039;origen d&#039;una hist\u00f2ria\",\"publisher\":{\"@id\":\"https:\/\/www.vicpuntzero.cat\/#organization\"},\"potentialAction\":[{\"@type\":\"SearchAction\",\"target\":{\"@type\":\"EntryPoint\",\"urlTemplate\":\"https:\/\/www.vicpuntzero.cat\/?s={search_term_string}\"},\"query-input\":{\"@type\":\"PropertyValueSpecification\",\"valueRequired\":true,\"valueName\":\"search_term_string\"}}],\"inLanguage\":\"fr-FR\"},{\"@type\":\"Organization\",\"@id\":\"https:\/\/www.vicpuntzero.cat\/#organization\",\"name\":\"Vicpuntzero\",\"url\":\"https:\/\/www.vicpuntzero.cat\/\",\"logo\":{\"@type\":\"ImageObject\",\"inLanguage\":\"fr-FR\",\"@id\":\"https:\/\/www.vicpuntzero.cat\/#\/schema\/logo\/image\/\",\"url\":\"https:\/\/www.vicpuntzero.cat\/wp-content\/uploads\/2020\/12\/cropped-COLOR_POSITIU_HORITZONTAL.png\",\"contentUrl\":\"https:\/\/www.vicpuntzero.cat\/wp-content\/uploads\/2020\/12\/cropped-COLOR_POSITIU_HORITZONTAL.png\",\"width\":1920,\"height\":640,\"caption\":\"Vicpuntzero\"},\"image\":{\"@id\":\"https:\/\/www.vicpuntzero.cat\/#\/schema\/logo\/image\/\"}}]}<\/script>\n<!-- \/ Yoast SEO plugin. -->","yoast_head_json":{"title":"Chapelle Fonda | Vic","robots":{"index":"index","follow":"follow","max-snippet":"max-snippet:-1","max-image-preview":"max-image-preview:large","max-video-preview":"max-video-preview:-1"},"canonical":"https:\/\/www.vicpuntzero.cat\/fr\/contenu-loc1\/","og_locale":"fr_FR","og_type":"article","og_title":"Chapelle Fonda | Vic","og_description":"LE BATTEMENT DE C \u0152UR DES PIERRES Bienvenue \u00e0 toutes et \u00e0 tous Nous nous trouvons au point z\u00e9ro de Vic, l\u00e0 o\u00f9 la ville a vu le jour&#8230;En ce point, l\u2019histoire veut se faire entendre&#8230;Sous des couches empil\u00e9es les unes sur les autres au fil des si\u00e8cles&#8230;&#8230; \u00e0 pr\u00e9sent, toutes les \u00e9poques veulent refaire [&hellip;]","og_url":"https:\/\/www.vicpuntzero.cat\/fr\/contenu-loc1\/","og_site_name":"Vic","article_modified_time":"2025-04-08T11:47:58+00:00","twitter_card":"summary_large_image","twitter_misc":{"Dur\u00e9e de lecture estim\u00e9e":"2 minutes"},"schema":{"@context":"https:\/\/schema.org","@graph":[{"@type":"WebPage","@id":"https:\/\/www.vicpuntzero.cat\/fr\/contenu-loc1\/","url":"https:\/\/www.vicpuntzero.cat\/fr\/contenu-loc1\/","name":"Chapelle Fonda | Vic","isPartOf":{"@id":"https:\/\/www.vicpuntzero.cat\/#website"},"datePublished":"2020-11-30T08:49:25+00:00","dateModified":"2025-04-08T11:47:58+00:00","breadcrumb":{"@id":"https:\/\/www.vicpuntzero.cat\/fr\/contenu-loc1\/#breadcrumb"},"inLanguage":"fr-FR","potentialAction":[{"@type":"ReadAction","target":["https:\/\/www.vicpuntzero.cat\/fr\/contenu-loc1\/"]}]},{"@type":"BreadcrumbList","@id":"https:\/\/www.vicpuntzero.cat\/fr\/contenu-loc1\/#breadcrumb","itemListElement":[{"@type":"ListItem","position":1,"name":"Inici","item":"https:\/\/www.vicpuntzero.cat\/en\/"},{"@type":"ListItem","position":2,"name":"Chapelle Fonda"}]},{"@type":"WebSite","@id":"https:\/\/www.vicpuntzero.cat\/#website","url":"https:\/\/www.vicpuntzero.cat\/","name":"Vic","description":"L&#039;origen d&#039;una hist\u00f2ria","publisher":{"@id":"https:\/\/www.vicpuntzero.cat\/#organization"},"potentialAction":[{"@type":"SearchAction","target":{"@type":"EntryPoint","urlTemplate":"https:\/\/www.vicpuntzero.cat\/?s={search_term_string}"},"query-input":{"@type":"PropertyValueSpecification","valueRequired":true,"valueName":"search_term_string"}}],"inLanguage":"fr-FR"},{"@type":"Organization","@id":"https:\/\/www.vicpuntzero.cat\/#organization","name":"Vicpuntzero","url":"https:\/\/www.vicpuntzero.cat\/","logo":{"@type":"ImageObject","inLanguage":"fr-FR","@id":"https:\/\/www.vicpuntzero.cat\/#\/schema\/logo\/image\/","url":"https:\/\/www.vicpuntzero.cat\/wp-content\/uploads\/2020\/12\/cropped-COLOR_POSITIU_HORITZONTAL.png","contentUrl":"https:\/\/www.vicpuntzero.cat\/wp-content\/uploads\/2020\/12\/cropped-COLOR_POSITIU_HORITZONTAL.png","width":1920,"height":640,"caption":"Vicpuntzero"},"image":{"@id":"https:\/\/www.vicpuntzero.cat\/#\/schema\/logo\/image\/"}}]}},"_links":{"self":[{"href":"https:\/\/www.vicpuntzero.cat\/fr\/wp-json\/wp\/v2\/pages\/355","targetHints":{"allow":["GET"]}}],"collection":[{"href":"https:\/\/www.vicpuntzero.cat\/fr\/wp-json\/wp\/v2\/pages"}],"about":[{"href":"https:\/\/www.vicpuntzero.cat\/fr\/wp-json\/wp\/v2\/types\/page"}],"author":[{"embeddable":true,"href":"https:\/\/www.vicpuntzero.cat\/fr\/wp-json\/wp\/v2\/users\/1"}],"replies":[{"embeddable":true,"href":"https:\/\/www.vicpuntzero.cat\/fr\/wp-json\/wp\/v2\/comments?post=355"}],"version-history":[{"count":12,"href":"https:\/\/www.vicpuntzero.cat\/fr\/wp-json\/wp\/v2\/pages\/355\/revisions"}],"predecessor-version":[{"id":27717,"href":"https:\/\/www.vicpuntzero.cat\/fr\/wp-json\/wp\/v2\/pages\/355\/revisions\/27717"}],"wp:attachment":[{"href":"https:\/\/www.vicpuntzero.cat\/fr\/wp-json\/wp\/v2\/media?parent=355"}],"curies":[{"name":"wp","href":"https:\/\/api.w.org\/{rel}","templated":true}]}}