{"id":2655,"date":"2021-01-29T08:38:57","date_gmt":"2021-01-29T08:38:57","guid":{"rendered":"https:\/\/www.vicpuntzero.cat\/?page_id=2655"},"modified":"2025-04-08T13:51:47","modified_gmt":"2025-04-08T11:51:47","slug":"origine-dune-histoire","status":"publish","type":"page","link":"https:\/\/www.vicpuntzero.cat\/fr\/origine-dune-histoire\/","title":{"rendered":"L&rsquo;origine d&rsquo;une histoire"},"content":{"rendered":"\t\t<div data-elementor-type=\"wp-post\" data-elementor-id=\"2655\" class=\"elementor elementor-2655\" data-elementor-post-type=\"page\">\n\t\t\t\t\t\t<section class=\"elementor-section elementor-top-section elementor-element elementor-element-1fda3359 elementor-section-height-min-height elementor-section-items-stretch elementor-section-boxed elementor-section-height-default\" data-id=\"1fda3359\" data-element_type=\"section\" data-e-type=\"section\" id=\"uppage\" data-settings=\"{&quot;background_background&quot;:&quot;classic&quot;}\">\n\t\t\t\t\t\t\t<div class=\"elementor-background-overlay\"><\/div>\n\t\t\t\t\t\t\t<div class=\"elementor-container elementor-column-gap-default\">\n\t\t\t\t\t<div class=\"elementor-column elementor-col-50 elementor-top-column elementor-element elementor-element-42220562\" data-id=\"42220562\" data-element_type=\"column\" data-e-type=\"column\">\n\t\t\t<div class=\"elementor-widget-wrap elementor-element-populated\">\n\t\t\t\t\t\t<div class=\"elementor-element elementor-element-642dddb5 elementor-widget elementor-widget-heading\" data-id=\"642dddb5\" data-element_type=\"widget\" data-e-type=\"widget\" data-widget_type=\"heading.default\">\n\t\t\t\t<div class=\"elementor-widget-container\">\n\t\t\t\t\t<h1 class=\"elementor-heading-title elementor-size-default\">L'origine d'une histoire<\/h1>\t\t\t\t<\/div>\n\t\t\t\t<\/div>\n\t\t\t\t\t<\/div>\n\t\t<\/div>\n\t\t\t\t<div class=\"elementor-column elementor-col-50 elementor-top-column elementor-element elementor-element-3cd3a600\" data-id=\"3cd3a600\" data-element_type=\"column\" data-e-type=\"column\">\n\t\t\t<div class=\"elementor-widget-wrap elementor-element-populated\">\n\t\t\t\t\t\t<div class=\"elementor-element elementor-element-7aa2bf5f elementor-widget elementor-widget-text-editor\" data-id=\"7aa2bf5f\" data-element_type=\"widget\" data-e-type=\"widget\" data-widget_type=\"text-editor.default\">\n\t\t\t\t<div class=\"elementor-widget-container\">\n\t\t\t\t\t\t\t\t\t<h3>Visiter le Vicpuntzero, c\u2019est profiter d\u2019une exp\u00e9rience d\u2019immersion qui nous situe \u00e0 l\u2019endroit le plus haut du centre historique, l\u00e0 o\u00f9 est n\u00e9e Vic il y a maintenant 2\u00a0000 ans, avec la cr\u00e9ation de la ville romaine d\u2019Auso. Aujourd\u2019hui, ce m\u00eame \u00e9picentre est devenu le point de d\u00e9part permettant au visiteur de d\u00e9couvrir la ville de Vic et d\u2019interpr\u00e9ter son pass\u00e9 et de comprendre ainsi son pr\u00e9sent.\u00a0<\/h3><h3>C\u2019est ici que commence notre histoire\u2026<\/h3>\t\t\t\t\t\t\t\t<\/div>\n\t\t\t\t<\/div>\n\t\t\t\t<div class=\"elementor-element elementor-element-63eaf3b elementor-align-center elementor-widget elementor-widget-button\" data-id=\"63eaf3b\" data-element_type=\"widget\" data-e-type=\"widget\" data-widget_type=\"button.default\">\n\t\t\t\t<div class=\"elementor-widget-container\">\n\t\t\t\t\t\t\t\t\t<div class=\"elementor-button-wrapper\">\n\t\t\t\t\t<a class=\"elementor-button elementor-button-link elementor-size-lg\" href=\"https:\/\/www.vicpuntzero.cat\/fr\/vicpuntzero\/\">\n\t\t\t\t\t\t<span class=\"elementor-button-content-wrapper\">\n\t\t\t\t\t\t<span class=\"elementor-button-icon\">\n\t\t\t\t<i aria-hidden=\"true\" class=\"fas fa-arrow-right\"><\/i>\t\t\t<\/span>\n\t\t\t\t\t\t\t\t\t<span class=\"elementor-button-text\">Visitez l'espace<\/span>\n\t\t\t\t\t<\/span>\n\t\t\t\t\t<\/a>\n\t\t\t\t<\/div>\n\t\t\t\t\t\t\t\t<\/div>\n\t\t\t\t<\/div>\n\t\t\t\t\t<\/div>\n\t\t<\/div>\n\t\t\t\t\t<\/div>\n\t\t<\/section>\n\t\t\t\t<section class=\"elementor-section elementor-top-section elementor-element elementor-element-a3b961d elementor-section-full_width elementor-section-height-min-height elementor-section-items-stretch elementor-section-height-default\" data-id=\"a3b961d\" data-element_type=\"section\" data-e-type=\"section\" id=\"uppage\" data-settings=\"{&quot;background_background&quot;:&quot;classic&quot;}\">\n\t\t\t\t\t\t<div class=\"elementor-container elementor-column-gap-default\">\n\t\t\t\t\t<div class=\"elementor-column elementor-col-50 elementor-top-column elementor-element elementor-element-1e41b845\" data-id=\"1e41b845\" data-element_type=\"column\" data-e-type=\"column\" data-settings=\"{&quot;background_background&quot;:&quot;classic&quot;}\">\n\t\t\t<div class=\"elementor-widget-wrap elementor-element-populated\">\n\t\t\t\t\t\t<div class=\"elementor-element elementor-element-4c75f6a8 elementor-widget elementor-widget-spacer\" data-id=\"4c75f6a8\" data-element_type=\"widget\" data-e-type=\"widget\" data-widget_type=\"spacer.default\">\n\t\t\t\t<div class=\"elementor-widget-container\">\n\t\t\t\t\t\t\t<div class=\"elementor-spacer\">\n\t\t\t<div class=\"elementor-spacer-inner\"><\/div>\n\t\t<\/div>\n\t\t\t\t\t\t<\/div>\n\t\t\t\t<\/div>\n\t\t\t\t\t<\/div>\n\t\t<\/div>\n\t\t\t\t<div class=\"elementor-column elementor-col-50 elementor-top-column elementor-element elementor-element-13212576\" data-id=\"13212576\" data-element_type=\"column\" data-e-type=\"column\" data-settings=\"{&quot;background_background&quot;:&quot;classic&quot;}\">\n\t\t\t<div class=\"elementor-widget-wrap elementor-element-populated\">\n\t\t\t\t\t\t<div class=\"elementor-element elementor-element-2c5c69a8 elementor-widget elementor-widget-text-editor\" data-id=\"2c5c69a8\" data-element_type=\"widget\" data-e-type=\"widget\" data-widget_type=\"text-editor.default\">\n\t\t\t\t<div class=\"elementor-widget-container\">\n\t\t\t\t\t\t\t\t\t<p>L\u2019exp\u00e9rience Vicpuntzero est une visite guid\u00e9e qui r\u00e9interpr\u00e8te pour nous l\u2019ensemble architectural de l\u2019\u00e9glise baroque de la Pietat avec son clocher et le site arch\u00e9ologique de la Capella Fonda, et ses vestiges de l\u2019Antiquit\u00e9 tardive et m\u00e9di\u00e9vaux.\u00a0<span style=\"letter-spacing: 0.4px;\">Enfin, le visiteur peut profiter d\u2019une immersion audiovisuelle intitul\u00e9e \u00ab\u00a0Vic, un voyage dans le temps et l\u2019art\u00a0\u00bb<\/span><em style=\"letter-spacing: 0.4px;\">, <\/em><span style=\"letter-spacing: 0.4px;\">o\u00f9 il nous est propos\u00e9 de parcourir l\u2019histoire de la ville avec, comme fil conducteur, l\u2019art \u00e0 travers une proposition technologique puissante et novatrice.<\/span><\/p><p>Il faut souligner l\u2019intervention architecturale qui a mis en valeur cet ensemble patrimonial, men\u00e9e par l\u2019architecte Toni Giron\u00e8s et qui est finaliste des prix Foment de les Arts i el Disseny (FAD) dans la cat\u00e9gorie Ville et Paysage 2021.<\/p>\t\t\t\t\t\t\t\t<\/div>\n\t\t\t\t<\/div>\n\t\t\t\t\t<\/div>\n\t\t<\/div>\n\t\t\t\t\t<\/div>\n\t\t<\/section>\n\t\t\t\t<section class=\"elementor-section elementor-top-section elementor-element elementor-element-11fd47c elementor-section-full_width elementor-section-height-min-height elementor-section-items-stretch elementor-section-height-default\" data-id=\"11fd47c\" data-element_type=\"section\" data-e-type=\"section\" data-settings=\"{&quot;background_background&quot;:&quot;classic&quot;}\">\n\t\t\t\t\t\t<div class=\"elementor-container elementor-column-gap-default\">\n\t\t\t\t\t<div class=\"elementor-column elementor-col-50 elementor-top-column elementor-element elementor-element-9c52755\" data-id=\"9c52755\" data-element_type=\"column\" data-e-type=\"column\" data-settings=\"{&quot;background_background&quot;:&quot;classic&quot;}\">\n\t\t\t<div class=\"elementor-widget-wrap elementor-element-populated\">\n\t\t\t\t\t\t<div class=\"elementor-element elementor-element-c04787e elementor-widget elementor-widget-text-editor\" data-id=\"c04787e\" data-element_type=\"widget\" data-e-type=\"widget\" data-widget_type=\"text-editor.default\">\n\t\t\t\t<div class=\"elementor-widget-container\">\n\t\t\t\t\t\t\t\t\t<p>Cet ensemble architectural est situ\u00e9 \u00e0 c\u00f4t\u00e9 du temple romain et les vestiges du ch\u00e2teau des Montcada qui nous indiquent l\u2019importance de cet espace. C\u2019est pourquoi l\u2019exp\u00e9rience a \u00e9t\u00e9 appel\u00e9e Vicpuntzero, parce qu\u2019elle se situe \u00e0 l\u2019\u00e9picentre de la fondation de Vic.<\/p>\t\t\t\t\t\t\t\t<\/div>\n\t\t\t\t<\/div>\n\t\t\t\t\t<\/div>\n\t\t<\/div>\n\t\t\t\t<div class=\"elementor-column elementor-col-50 elementor-top-column elementor-element elementor-element-7da78d2\" data-id=\"7da78d2\" data-element_type=\"column\" data-e-type=\"column\">\n\t\t\t<div class=\"elementor-widget-wrap elementor-element-populated\">\n\t\t\t\t\t\t<div class=\"elementor-element elementor-element-8b44f82 elementor-widget elementor-widget-spacer\" data-id=\"8b44f82\" data-element_type=\"widget\" data-e-type=\"widget\" data-widget_type=\"spacer.default\">\n\t\t\t\t<div class=\"elementor-widget-container\">\n\t\t\t\t\t\t\t<div class=\"elementor-spacer\">\n\t\t\t<div class=\"elementor-spacer-inner\"><\/div>\n\t\t<\/div>\n\t\t\t\t\t\t<\/div>\n\t\t\t\t<\/div>\n\t\t\t\t\t<\/div>\n\t\t<\/div>\n\t\t\t\t\t<\/div>\n\t\t<\/section>\n\t\t\t\t<section class=\"elementor-section elementor-top-section elementor-element elementor-element-e884c21 elementor-section-full_width elementor-section-height-min-height elementor-section-items-stretch elementor-section-height-default\" data-id=\"e884c21\" data-element_type=\"section\" data-e-type=\"section\" data-settings=\"{&quot;background_background&quot;:&quot;classic&quot;}\">\n\t\t\t\t\t\t<div class=\"elementor-container elementor-column-gap-default\">\n\t\t\t\t\t<div class=\"elementor-column elementor-col-50 elementor-top-column elementor-element elementor-element-78ff659\" data-id=\"78ff659\" data-element_type=\"column\" data-e-type=\"column\">\n\t\t\t<div class=\"elementor-widget-wrap elementor-element-populated\">\n\t\t\t\t\t\t<div class=\"elementor-element elementor-element-d6ad0af elementor-widget elementor-widget-spacer\" data-id=\"d6ad0af\" data-element_type=\"widget\" data-e-type=\"widget\" data-widget_type=\"spacer.default\">\n\t\t\t\t<div class=\"elementor-widget-container\">\n\t\t\t\t\t\t\t<div class=\"elementor-spacer\">\n\t\t\t<div class=\"elementor-spacer-inner\"><\/div>\n\t\t<\/div>\n\t\t\t\t\t\t<\/div>\n\t\t\t\t<\/div>\n\t\t\t\t\t<\/div>\n\t\t<\/div>\n\t\t\t\t<div class=\"elementor-column elementor-col-50 elementor-top-column elementor-element elementor-element-4b9a83d\" data-id=\"4b9a83d\" data-element_type=\"column\" data-e-type=\"column\" data-settings=\"{&quot;background_background&quot;:&quot;classic&quot;}\">\n\t\t\t<div class=\"elementor-widget-wrap elementor-element-populated\">\n\t\t\t\t\t\t<div class=\"elementor-element elementor-element-470fe4b elementor-widget elementor-widget-text-editor\" data-id=\"470fe4b\" data-element_type=\"widget\" data-e-type=\"widget\" data-widget_type=\"text-editor.default\">\n\t\t\t\t<div class=\"elementor-widget-container\">\n\t\t\t\t\t\t\t\t\t<p>Ainsi, visiter le Vicpuntzero c\u2019est vivre au rythme de la ville de Vic \u00e0 travers le temps, l\u2019histoire et l\u2019art.&nbsp;<\/p><p>Nous vous attendons ici, au Vicpuntzero, l\u00e0 o\u00f9 la ville commence!<\/p>\t\t\t\t\t\t\t\t<\/div>\n\t\t\t\t<\/div>\n\t\t\t\t\t<\/div>\n\t\t<\/div>\n\t\t\t\t\t<\/div>\n\t\t<\/section>\n\t\t\t\t<\/div>\n\t\t","protected":false},"excerpt":{"rendered":"<p>L&rsquo;origine d&rsquo;une histoire Visiter le Vicpuntzero, c\u2019est profiter d\u2019une exp\u00e9rience d\u2019immersion qui nous situe \u00e0 l\u2019endroit le plus haut du centre historique, l\u00e0 o\u00f9 est n\u00e9e Vic il y a maintenant 2\u00a0000 ans, avec la cr\u00e9ation de la ville romaine d\u2019Auso. Aujourd\u2019hui, ce m\u00eame \u00e9picentre est devenu le point de d\u00e9part permettant au visiteur de [&hellip;]<\/p>\n","protected":false},"author":8,"featured_media":4607,"parent":0,"menu_order":0,"comment_status":"closed","ping_status":"closed","template":"","meta":{"footnotes":""},"class_list":["post-2655","page","type-page","status-publish","has-post-thumbnail","hentry"],"yoast_head":"<!-- This site is optimized with the Yoast SEO plugin v23.9 - https:\/\/yoast.com\/wordpress\/plugins\/seo\/ -->\n<title>L&#039;origine d&#039;une histoire | Vic<\/title>\n<meta name=\"description\" content=\"Visiter le Vicpuntzero, c\u2019est profiter d\u2019une exp\u00e9rience d\u2019immersion qui nous situe \u00e0 l\u2019endroit le plus haut du centre historique, l\u00e0 o\u00f9 est n\u00e9e Vic il y a maintenant 2 000 ans, avec la cr\u00e9ation de la ville romaine d\u2019Auso. Aujourd\u2019hui, ce m\u00eame \u00e9picentre est devenu le point de d\u00e9part permettant au visiteur de d\u00e9couvrir la ville de Vic et d\u2019interpr\u00e9ter son pass\u00e9 et de comprendre ainsi son pr\u00e9sent. C\u2019est ici que commence notre histoire\u2026\" \/>\n<meta name=\"robots\" content=\"index, follow, max-snippet:-1, max-image-preview:large, max-video-preview:-1\" \/>\n<link rel=\"canonical\" href=\"https:\/\/www.vicpuntzero.cat\/fr\/origine-dune-histoire\/\" \/>\n<meta property=\"og:locale\" content=\"fr_FR\" \/>\n<meta property=\"og:type\" content=\"article\" \/>\n<meta property=\"og:title\" content=\"L&#039;origine d&#039;une histoire | Vic\" \/>\n<meta property=\"og:description\" content=\"Visiter le Vicpuntzero, c\u2019est profiter d\u2019une exp\u00e9rience d\u2019immersion qui nous situe \u00e0 l\u2019endroit le plus haut du centre historique, l\u00e0 o\u00f9 est n\u00e9e Vic il y a maintenant 2 000 ans, avec la cr\u00e9ation de la ville romaine d\u2019Auso. Aujourd\u2019hui, ce m\u00eame \u00e9picentre est devenu le point de d\u00e9part permettant au visiteur de d\u00e9couvrir la ville de Vic et d\u2019interpr\u00e9ter son pass\u00e9 et de comprendre ainsi son pr\u00e9sent. C\u2019est ici que commence notre histoire\u2026\" \/>\n<meta property=\"og:url\" content=\"https:\/\/www.vicpuntzero.cat\/fr\/origine-dune-histoire\/\" \/>\n<meta property=\"og:site_name\" content=\"Vic\" \/>\n<meta property=\"article:modified_time\" content=\"2025-04-08T11:51:47+00:00\" \/>\n<meta property=\"og:image\" content=\"https:\/\/www.vicpuntzero.cat\/wp-content\/uploads\/2021\/03\/1920px-Templo_Romano_de_Vic.jpg\" \/>\n\t<meta property=\"og:image:width\" content=\"1920\" \/>\n\t<meta property=\"og:image:height\" content=\"1440\" \/>\n\t<meta property=\"og:image:type\" content=\"image\/jpeg\" \/>\n<meta name=\"twitter:card\" content=\"summary_large_image\" \/>\n<meta name=\"twitter:label1\" content=\"Dur\u00e9e de lecture estim\u00e9e\" \/>\n\t<meta name=\"twitter:data1\" content=\"2 minutes\" \/>\n<script type=\"application\/ld+json\" class=\"yoast-schema-graph\">{\"@context\":\"https:\/\/schema.org\",\"@graph\":[{\"@type\":\"WebPage\",\"@id\":\"https:\/\/www.vicpuntzero.cat\/fr\/origine-dune-histoire\/\",\"url\":\"https:\/\/www.vicpuntzero.cat\/fr\/origine-dune-histoire\/\",\"name\":\"L'origine d'une histoire | Vic\",\"isPartOf\":{\"@id\":\"https:\/\/www.vicpuntzero.cat\/#website\"},\"primaryImageOfPage\":{\"@id\":\"https:\/\/www.vicpuntzero.cat\/fr\/origine-dune-histoire\/#primaryimage\"},\"image\":{\"@id\":\"https:\/\/www.vicpuntzero.cat\/fr\/origine-dune-histoire\/#primaryimage\"},\"thumbnailUrl\":\"https:\/\/www.vicpuntzero.cat\/wp-content\/uploads\/2021\/03\/1920px-Templo_Romano_de_Vic.jpg\",\"datePublished\":\"2021-01-29T08:38:57+00:00\",\"dateModified\":\"2025-04-08T11:51:47+00:00\",\"description\":\"Visiter le Vicpuntzero, c\u2019est profiter d\u2019une exp\u00e9rience d\u2019immersion qui nous situe \u00e0 l\u2019endroit le plus haut du centre historique, l\u00e0 o\u00f9 est n\u00e9e Vic il y a maintenant 2 000 ans, avec la cr\u00e9ation de la ville romaine d\u2019Auso. Aujourd\u2019hui, ce m\u00eame \u00e9picentre est devenu le point de d\u00e9part permettant au visiteur de d\u00e9couvrir la ville de Vic et d\u2019interpr\u00e9ter son pass\u00e9 et de comprendre ainsi son pr\u00e9sent. C\u2019est ici que commence notre histoire\u2026\",\"breadcrumb\":{\"@id\":\"https:\/\/www.vicpuntzero.cat\/fr\/origine-dune-histoire\/#breadcrumb\"},\"inLanguage\":\"fr-FR\",\"potentialAction\":[{\"@type\":\"ReadAction\",\"target\":[\"https:\/\/www.vicpuntzero.cat\/fr\/origine-dune-histoire\/\"]}]},{\"@type\":\"ImageObject\",\"inLanguage\":\"fr-FR\",\"@id\":\"https:\/\/www.vicpuntzero.cat\/fr\/origine-dune-histoire\/#primaryimage\",\"url\":\"https:\/\/www.vicpuntzero.cat\/wp-content\/uploads\/2021\/03\/1920px-Templo_Romano_de_Vic.jpg\",\"contentUrl\":\"https:\/\/www.vicpuntzero.cat\/wp-content\/uploads\/2021\/03\/1920px-Templo_Romano_de_Vic.jpg\",\"width\":1920,\"height\":1440},{\"@type\":\"BreadcrumbList\",\"@id\":\"https:\/\/www.vicpuntzero.cat\/fr\/origine-dune-histoire\/#breadcrumb\",\"itemListElement\":[{\"@type\":\"ListItem\",\"position\":1,\"name\":\"Inici\",\"item\":\"https:\/\/www.vicpuntzero.cat\/en\/\"},{\"@type\":\"ListItem\",\"position\":2,\"name\":\"L&#8217;origine d&#8217;une histoire\"}]},{\"@type\":\"WebSite\",\"@id\":\"https:\/\/www.vicpuntzero.cat\/#website\",\"url\":\"https:\/\/www.vicpuntzero.cat\/\",\"name\":\"Vic\",\"description\":\"L&#039;origen d&#039;una hist\u00f2ria\",\"publisher\":{\"@id\":\"https:\/\/www.vicpuntzero.cat\/#organization\"},\"potentialAction\":[{\"@type\":\"SearchAction\",\"target\":{\"@type\":\"EntryPoint\",\"urlTemplate\":\"https:\/\/www.vicpuntzero.cat\/?s={search_term_string}\"},\"query-input\":{\"@type\":\"PropertyValueSpecification\",\"valueRequired\":true,\"valueName\":\"search_term_string\"}}],\"inLanguage\":\"fr-FR\"},{\"@type\":\"Organization\",\"@id\":\"https:\/\/www.vicpuntzero.cat\/#organization\",\"name\":\"Vicpuntzero\",\"url\":\"https:\/\/www.vicpuntzero.cat\/\",\"logo\":{\"@type\":\"ImageObject\",\"inLanguage\":\"fr-FR\",\"@id\":\"https:\/\/www.vicpuntzero.cat\/#\/schema\/logo\/image\/\",\"url\":\"https:\/\/www.vicpuntzero.cat\/wp-content\/uploads\/2020\/12\/cropped-COLOR_POSITIU_HORITZONTAL.png\",\"contentUrl\":\"https:\/\/www.vicpuntzero.cat\/wp-content\/uploads\/2020\/12\/cropped-COLOR_POSITIU_HORITZONTAL.png\",\"width\":1920,\"height\":640,\"caption\":\"Vicpuntzero\"},\"image\":{\"@id\":\"https:\/\/www.vicpuntzero.cat\/#\/schema\/logo\/image\/\"}}]}<\/script>\n<!-- \/ Yoast SEO plugin. -->","yoast_head_json":{"title":"L'origine d'une histoire | Vic","description":"Visiter le Vicpuntzero, c\u2019est profiter d\u2019une exp\u00e9rience d\u2019immersion qui nous situe \u00e0 l\u2019endroit le plus haut du centre historique, l\u00e0 o\u00f9 est n\u00e9e Vic il y a maintenant 2 000 ans, avec la cr\u00e9ation de la ville romaine d\u2019Auso. Aujourd\u2019hui, ce m\u00eame \u00e9picentre est devenu le point de d\u00e9part permettant au visiteur de d\u00e9couvrir la ville de Vic et d\u2019interpr\u00e9ter son pass\u00e9 et de comprendre ainsi son pr\u00e9sent. C\u2019est ici que commence notre histoire\u2026","robots":{"index":"index","follow":"follow","max-snippet":"max-snippet:-1","max-image-preview":"max-image-preview:large","max-video-preview":"max-video-preview:-1"},"canonical":"https:\/\/www.vicpuntzero.cat\/fr\/origine-dune-histoire\/","og_locale":"fr_FR","og_type":"article","og_title":"L'origine d'une histoire | Vic","og_description":"Visiter le Vicpuntzero, c\u2019est profiter d\u2019une exp\u00e9rience d\u2019immersion qui nous situe \u00e0 l\u2019endroit le plus haut du centre historique, l\u00e0 o\u00f9 est n\u00e9e Vic il y a maintenant 2 000 ans, avec la cr\u00e9ation de la ville romaine d\u2019Auso. Aujourd\u2019hui, ce m\u00eame \u00e9picentre est devenu le point de d\u00e9part permettant au visiteur de d\u00e9couvrir la ville de Vic et d\u2019interpr\u00e9ter son pass\u00e9 et de comprendre ainsi son pr\u00e9sent. C\u2019est ici que commence notre histoire\u2026","og_url":"https:\/\/www.vicpuntzero.cat\/fr\/origine-dune-histoire\/","og_site_name":"Vic","article_modified_time":"2025-04-08T11:51:47+00:00","og_image":[{"width":1920,"height":1440,"url":"https:\/\/www.vicpuntzero.cat\/wp-content\/uploads\/2021\/03\/1920px-Templo_Romano_de_Vic.jpg","type":"image\/jpeg"}],"twitter_card":"summary_large_image","twitter_misc":{"Dur\u00e9e de lecture estim\u00e9e":"2 minutes"},"schema":{"@context":"https:\/\/schema.org","@graph":[{"@type":"WebPage","@id":"https:\/\/www.vicpuntzero.cat\/fr\/origine-dune-histoire\/","url":"https:\/\/www.vicpuntzero.cat\/fr\/origine-dune-histoire\/","name":"L'origine d'une histoire | Vic","isPartOf":{"@id":"https:\/\/www.vicpuntzero.cat\/#website"},"primaryImageOfPage":{"@id":"https:\/\/www.vicpuntzero.cat\/fr\/origine-dune-histoire\/#primaryimage"},"image":{"@id":"https:\/\/www.vicpuntzero.cat\/fr\/origine-dune-histoire\/#primaryimage"},"thumbnailUrl":"https:\/\/www.vicpuntzero.cat\/wp-content\/uploads\/2021\/03\/1920px-Templo_Romano_de_Vic.jpg","datePublished":"2021-01-29T08:38:57+00:00","dateModified":"2025-04-08T11:51:47+00:00","description":"Visiter le Vicpuntzero, c\u2019est profiter d\u2019une exp\u00e9rience d\u2019immersion qui nous situe \u00e0 l\u2019endroit le plus haut du centre historique, l\u00e0 o\u00f9 est n\u00e9e Vic il y a maintenant 2 000 ans, avec la cr\u00e9ation de la ville romaine d\u2019Auso. Aujourd\u2019hui, ce m\u00eame \u00e9picentre est devenu le point de d\u00e9part permettant au visiteur de d\u00e9couvrir la ville de Vic et d\u2019interpr\u00e9ter son pass\u00e9 et de comprendre ainsi son pr\u00e9sent. C\u2019est ici que commence notre histoire\u2026","breadcrumb":{"@id":"https:\/\/www.vicpuntzero.cat\/fr\/origine-dune-histoire\/#breadcrumb"},"inLanguage":"fr-FR","potentialAction":[{"@type":"ReadAction","target":["https:\/\/www.vicpuntzero.cat\/fr\/origine-dune-histoire\/"]}]},{"@type":"ImageObject","inLanguage":"fr-FR","@id":"https:\/\/www.vicpuntzero.cat\/fr\/origine-dune-histoire\/#primaryimage","url":"https:\/\/www.vicpuntzero.cat\/wp-content\/uploads\/2021\/03\/1920px-Templo_Romano_de_Vic.jpg","contentUrl":"https:\/\/www.vicpuntzero.cat\/wp-content\/uploads\/2021\/03\/1920px-Templo_Romano_de_Vic.jpg","width":1920,"height":1440},{"@type":"BreadcrumbList","@id":"https:\/\/www.vicpuntzero.cat\/fr\/origine-dune-histoire\/#breadcrumb","itemListElement":[{"@type":"ListItem","position":1,"name":"Inici","item":"https:\/\/www.vicpuntzero.cat\/en\/"},{"@type":"ListItem","position":2,"name":"L&#8217;origine d&#8217;une histoire"}]},{"@type":"WebSite","@id":"https:\/\/www.vicpuntzero.cat\/#website","url":"https:\/\/www.vicpuntzero.cat\/","name":"Vic","description":"L&#039;origen d&#039;una hist\u00f2ria","publisher":{"@id":"https:\/\/www.vicpuntzero.cat\/#organization"},"potentialAction":[{"@type":"SearchAction","target":{"@type":"EntryPoint","urlTemplate":"https:\/\/www.vicpuntzero.cat\/?s={search_term_string}"},"query-input":{"@type":"PropertyValueSpecification","valueRequired":true,"valueName":"search_term_string"}}],"inLanguage":"fr-FR"},{"@type":"Organization","@id":"https:\/\/www.vicpuntzero.cat\/#organization","name":"Vicpuntzero","url":"https:\/\/www.vicpuntzero.cat\/","logo":{"@type":"ImageObject","inLanguage":"fr-FR","@id":"https:\/\/www.vicpuntzero.cat\/#\/schema\/logo\/image\/","url":"https:\/\/www.vicpuntzero.cat\/wp-content\/uploads\/2020\/12\/cropped-COLOR_POSITIU_HORITZONTAL.png","contentUrl":"https:\/\/www.vicpuntzero.cat\/wp-content\/uploads\/2020\/12\/cropped-COLOR_POSITIU_HORITZONTAL.png","width":1920,"height":640,"caption":"Vicpuntzero"},"image":{"@id":"https:\/\/www.vicpuntzero.cat\/#\/schema\/logo\/image\/"}}]}},"_links":{"self":[{"href":"https:\/\/www.vicpuntzero.cat\/fr\/wp-json\/wp\/v2\/pages\/2655","targetHints":{"allow":["GET"]}}],"collection":[{"href":"https:\/\/www.vicpuntzero.cat\/fr\/wp-json\/wp\/v2\/pages"}],"about":[{"href":"https:\/\/www.vicpuntzero.cat\/fr\/wp-json\/wp\/v2\/types\/page"}],"author":[{"embeddable":true,"href":"https:\/\/www.vicpuntzero.cat\/fr\/wp-json\/wp\/v2\/users\/8"}],"replies":[{"embeddable":true,"href":"https:\/\/www.vicpuntzero.cat\/fr\/wp-json\/wp\/v2\/comments?post=2655"}],"version-history":[{"count":48,"href":"https:\/\/www.vicpuntzero.cat\/fr\/wp-json\/wp\/v2\/pages\/2655\/revisions"}],"predecessor-version":[{"id":27721,"href":"https:\/\/www.vicpuntzero.cat\/fr\/wp-json\/wp\/v2\/pages\/2655\/revisions\/27721"}],"wp:featuredmedia":[{"embeddable":true,"href":"https:\/\/www.vicpuntzero.cat\/fr\/wp-json\/wp\/v2\/media\/4607"}],"wp:attachment":[{"href":"https:\/\/www.vicpuntzero.cat\/fr\/wp-json\/wp\/v2\/media?parent=2655"}],"curies":[{"name":"wp","href":"https:\/\/api.w.org\/{rel}","templated":true}]}}