{"id":12131,"date":"2023-07-04T12:04:15","date_gmt":"2023-07-04T10:04:15","guid":{"rendered":"https:\/\/www.vicpuntzero.cat\/?page_id=12131"},"modified":"2025-04-08T14:00:02","modified_gmt":"2025-04-08T12:00:02","slug":"mapping-dans-le-temple-romain","status":"publish","type":"page","link":"https:\/\/www.vicpuntzero.cat\/fr\/mapping-dans-le-temple-romain\/","title":{"rendered":"Mapping dans le temple romain"},"content":{"rendered":"\t\t<div data-elementor-type=\"wp-page\" data-elementor-id=\"12131\" class=\"elementor elementor-12131 elementor-11981\" data-elementor-post-type=\"page\">\n\t\t\t\t\t\t<section class=\"elementor-section elementor-top-section elementor-element elementor-element-b21537b elementor-section-boxed elementor-section-height-default elementor-section-height-default\" data-id=\"b21537b\" data-element_type=\"section\" data-e-type=\"section\" data-settings=\"{&quot;background_background&quot;:&quot;classic&quot;}\">\n\t\t\t\t\t\t\t<div class=\"elementor-background-overlay\"><\/div>\n\t\t\t\t\t\t\t<div class=\"elementor-container elementor-column-gap-default\">\n\t\t\t\t\t<div class=\"elementor-column elementor-col-100 elementor-top-column elementor-element elementor-element-b0c8aae\" data-id=\"b0c8aae\" data-element_type=\"column\" data-e-type=\"column\">\n\t\t\t<div class=\"elementor-widget-wrap elementor-element-populated\">\n\t\t\t\t\t\t<div class=\"elementor-element elementor-element-1df03c9 elementor-widget elementor-widget-heading\" data-id=\"1df03c9\" data-element_type=\"widget\" data-e-type=\"widget\" data-widget_type=\"heading.default\">\n\t\t\t\t<div class=\"elementor-widget-container\">\n\t\t\t\t\t<h2 class=\"elementor-heading-title elementor-size-xxl\">Mapping au Temple Romain de Vic<\/h2>\t\t\t\t<\/div>\n\t\t\t\t<\/div>\n\t\t\t\t<div class=\"elementor-element elementor-element-ff1784d elementor-widget elementor-widget-text-editor\" data-id=\"ff1784d\" data-element_type=\"widget\" data-e-type=\"widget\" data-widget_type=\"text-editor.default\">\n\t\t\t\t<div class=\"elementor-widget-container\">\n\t\t\t\t\t\t\t\t\t<h5 style=\"font-weight: 500;\">Un espace, deux mille ans d&rsquo;histoire.<\/h5><h5 style=\"font-weight: 500;\">Nous vous expliquons l&rsquo;histoire de l&rsquo;enceinte du Temple Romain avec des techniques vid\u00e9o cartographiques. Au point le plus haut du centre historique, le mur sud du Temple Romain nous sert de toile pour expliquer cet endroit qui a chang\u00e9 au fil du temps.<\/h5><h5 style=\"font-weight: 500;\">Le mapping s&rsquo;inscrit dans le projet VICPUNTZERO, un projet qui met en valeur l&rsquo;importance de ce lieu o\u00f9 nous nous trouvons, non seulement l&rsquo;enceinte du temple romain, mais toute ce bloc de maisons que nous appelons l&rsquo;<em>Illa de la Pietat<\/em>, situ\u00e9e au point le plus haut du centre historique, et qui a \u00e9t\u00e9 un des points \u00e0 partir desquels la ville a \u00e9t\u00e9 structur\u00e9e.<\/h5><h5 style=\"font-weight: 500;\">Sur ce bloc de maisons appara\u00eet plus que sur toute autre, la longue histoire de Vic. On y trouve le Temple Romain, du Ier si\u00e8cle, le vestige arch\u00e9ologique le plus ancien de la ville, et au m\u00eame endroit, autour de lui, les vestiges du ch\u00e2teau m\u00e9di\u00e9val depuis lequel une partie de la ville a \u00e9t\u00e9 gouvern\u00e9e pendant des si\u00e8cles. Adoss\u00e9e au ch\u00e2teau se trouvait l&rsquo;\u00e9glise romane de St. Sadurn\u00ed, dont on peut voir plusieurs restes et qui, au fil des si\u00e8cles, s&rsquo;est agrandie et est devenue l&rsquo;\u00e9glise de la Pietat, ce grand b\u00e2timent baroque construit au XVIIe si\u00e8cle.<\/h5><h5 style=\"font-weight: 500;\">Il s&rsquo;agit donc d&rsquo;un ensemble de b\u00e2timents intimement li\u00e9s entre eux et qui forment un ensemble patrimonial de grande valeur pour Vic, dans un lieu que nous consid\u00e9rons comme un espace fondateur du fait qu&rsquo;il y a le vestige le plus ancien de la ville &#8211; le Temple Romain &#8211; qui se trouvait dans un lieu pr\u00e9\u00e9minent de la ville, qui a \u00e9t\u00e9 fond\u00e9e par les Romains.<\/h5><h5 style=\"font-weight: 500;\">Deux mille ans d&rsquo;histoire dans un m\u00eame espace, deux \u00e9difices en un, \u00e0 l&rsquo;endroit o\u00f9 Vic a commenc\u00e9.<\/h5><div>Activit\u00e9 gratuite en soir\u00e9e.<br \/>Dur\u00e9e : 6 minutes.<br \/>Programmation \u00e0 des dates sp\u00e9ciales<\/div>\t\t\t\t\t\t\t\t<\/div>\n\t\t\t\t<\/div>\n\t\t\t\t\t<\/div>\n\t\t<\/div>\n\t\t\t\t\t<\/div>\n\t\t<\/section>\n\t\t\t\t<\/div>\n\t\t","protected":false},"excerpt":{"rendered":"<p>Mapping au Temple Romain de Vic Un espace, deux mille ans d&rsquo;histoire. Nous vous expliquons l&rsquo;histoire de l&rsquo;enceinte du Temple Romain avec des techniques vid\u00e9o cartographiques. Au point le plus haut du centre historique, le mur sud du Temple Romain nous sert de toile pour expliquer cet endroit qui a chang\u00e9 au fil du temps. [&hellip;]<\/p>\n","protected":false},"author":93,"featured_media":0,"parent":0,"menu_order":0,"comment_status":"closed","ping_status":"closed","template":"","meta":{"footnotes":""},"class_list":["post-12131","page","type-page","status-publish","hentry"],"yoast_head":"<!-- This site is optimized with the Yoast SEO plugin v23.9 - https:\/\/yoast.com\/wordpress\/plugins\/seo\/ -->\n<title>Mapping dans le temple romain | Vic<\/title>\n<meta name=\"robots\" content=\"index, follow, max-snippet:-1, max-image-preview:large, max-video-preview:-1\" \/>\n<link rel=\"canonical\" href=\"https:\/\/www.vicpuntzero.cat\/fr\/mapping-dans-le-temple-romain\/\" \/>\n<meta property=\"og:locale\" content=\"fr_FR\" \/>\n<meta property=\"og:type\" content=\"article\" \/>\n<meta property=\"og:title\" content=\"Mapping dans le temple romain | Vic\" \/>\n<meta property=\"og:description\" content=\"Mapping au Temple Romain de Vic Un espace, deux mille ans d&rsquo;histoire. Nous vous expliquons l&rsquo;histoire de l&rsquo;enceinte du Temple Romain avec des techniques vid\u00e9o cartographiques. Au point le plus haut du centre historique, le mur sud du Temple Romain nous sert de toile pour expliquer cet endroit qui a chang\u00e9 au fil du temps. [&hellip;]\" \/>\n<meta property=\"og:url\" content=\"https:\/\/www.vicpuntzero.cat\/fr\/mapping-dans-le-temple-romain\/\" \/>\n<meta property=\"og:site_name\" content=\"Vic\" \/>\n<meta property=\"article:modified_time\" content=\"2025-04-08T12:00:02+00:00\" \/>\n<meta name=\"twitter:card\" content=\"summary_large_image\" \/>\n<meta name=\"twitter:label1\" content=\"Dur\u00e9e de lecture estim\u00e9e\" \/>\n\t<meta name=\"twitter:data1\" content=\"2 minutes\" \/>\n<script type=\"application\/ld+json\" class=\"yoast-schema-graph\">{\"@context\":\"https:\/\/schema.org\",\"@graph\":[{\"@type\":\"WebPage\",\"@id\":\"https:\/\/www.vicpuntzero.cat\/fr\/mapping-dans-le-temple-romain\/\",\"url\":\"https:\/\/www.vicpuntzero.cat\/fr\/mapping-dans-le-temple-romain\/\",\"name\":\"Mapping dans le temple romain | Vic\",\"isPartOf\":{\"@id\":\"https:\/\/www.vicpuntzero.cat\/#website\"},\"datePublished\":\"2023-07-04T10:04:15+00:00\",\"dateModified\":\"2025-04-08T12:00:02+00:00\",\"breadcrumb\":{\"@id\":\"https:\/\/www.vicpuntzero.cat\/fr\/mapping-dans-le-temple-romain\/#breadcrumb\"},\"inLanguage\":\"fr-FR\",\"potentialAction\":[{\"@type\":\"ReadAction\",\"target\":[\"https:\/\/www.vicpuntzero.cat\/fr\/mapping-dans-le-temple-romain\/\"]}]},{\"@type\":\"BreadcrumbList\",\"@id\":\"https:\/\/www.vicpuntzero.cat\/fr\/mapping-dans-le-temple-romain\/#breadcrumb\",\"itemListElement\":[{\"@type\":\"ListItem\",\"position\":1,\"name\":\"Inici\",\"item\":\"https:\/\/www.vicpuntzero.cat\/en\/\"},{\"@type\":\"ListItem\",\"position\":2,\"name\":\"Mapping dans le temple romain\"}]},{\"@type\":\"WebSite\",\"@id\":\"https:\/\/www.vicpuntzero.cat\/#website\",\"url\":\"https:\/\/www.vicpuntzero.cat\/\",\"name\":\"Vic\",\"description\":\"L&#039;origen d&#039;una hist\u00f2ria\",\"publisher\":{\"@id\":\"https:\/\/www.vicpuntzero.cat\/#organization\"},\"potentialAction\":[{\"@type\":\"SearchAction\",\"target\":{\"@type\":\"EntryPoint\",\"urlTemplate\":\"https:\/\/www.vicpuntzero.cat\/?s={search_term_string}\"},\"query-input\":{\"@type\":\"PropertyValueSpecification\",\"valueRequired\":true,\"valueName\":\"search_term_string\"}}],\"inLanguage\":\"fr-FR\"},{\"@type\":\"Organization\",\"@id\":\"https:\/\/www.vicpuntzero.cat\/#organization\",\"name\":\"Vicpuntzero\",\"url\":\"https:\/\/www.vicpuntzero.cat\/\",\"logo\":{\"@type\":\"ImageObject\",\"inLanguage\":\"fr-FR\",\"@id\":\"https:\/\/www.vicpuntzero.cat\/#\/schema\/logo\/image\/\",\"url\":\"https:\/\/www.vicpuntzero.cat\/wp-content\/uploads\/2020\/12\/cropped-COLOR_POSITIU_HORITZONTAL.png\",\"contentUrl\":\"https:\/\/www.vicpuntzero.cat\/wp-content\/uploads\/2020\/12\/cropped-COLOR_POSITIU_HORITZONTAL.png\",\"width\":1920,\"height\":640,\"caption\":\"Vicpuntzero\"},\"image\":{\"@id\":\"https:\/\/www.vicpuntzero.cat\/#\/schema\/logo\/image\/\"}}]}<\/script>\n<!-- \/ Yoast SEO plugin. -->","yoast_head_json":{"title":"Mapping dans le temple romain | Vic","robots":{"index":"index","follow":"follow","max-snippet":"max-snippet:-1","max-image-preview":"max-image-preview:large","max-video-preview":"max-video-preview:-1"},"canonical":"https:\/\/www.vicpuntzero.cat\/fr\/mapping-dans-le-temple-romain\/","og_locale":"fr_FR","og_type":"article","og_title":"Mapping dans le temple romain | Vic","og_description":"Mapping au Temple Romain de Vic Un espace, deux mille ans d&rsquo;histoire. Nous vous expliquons l&rsquo;histoire de l&rsquo;enceinte du Temple Romain avec des techniques vid\u00e9o cartographiques. Au point le plus haut du centre historique, le mur sud du Temple Romain nous sert de toile pour expliquer cet endroit qui a chang\u00e9 au fil du temps. [&hellip;]","og_url":"https:\/\/www.vicpuntzero.cat\/fr\/mapping-dans-le-temple-romain\/","og_site_name":"Vic","article_modified_time":"2025-04-08T12:00:02+00:00","twitter_card":"summary_large_image","twitter_misc":{"Dur\u00e9e de lecture estim\u00e9e":"2 minutes"},"schema":{"@context":"https:\/\/schema.org","@graph":[{"@type":"WebPage","@id":"https:\/\/www.vicpuntzero.cat\/fr\/mapping-dans-le-temple-romain\/","url":"https:\/\/www.vicpuntzero.cat\/fr\/mapping-dans-le-temple-romain\/","name":"Mapping dans le temple romain | Vic","isPartOf":{"@id":"https:\/\/www.vicpuntzero.cat\/#website"},"datePublished":"2023-07-04T10:04:15+00:00","dateModified":"2025-04-08T12:00:02+00:00","breadcrumb":{"@id":"https:\/\/www.vicpuntzero.cat\/fr\/mapping-dans-le-temple-romain\/#breadcrumb"},"inLanguage":"fr-FR","potentialAction":[{"@type":"ReadAction","target":["https:\/\/www.vicpuntzero.cat\/fr\/mapping-dans-le-temple-romain\/"]}]},{"@type":"BreadcrumbList","@id":"https:\/\/www.vicpuntzero.cat\/fr\/mapping-dans-le-temple-romain\/#breadcrumb","itemListElement":[{"@type":"ListItem","position":1,"name":"Inici","item":"https:\/\/www.vicpuntzero.cat\/en\/"},{"@type":"ListItem","position":2,"name":"Mapping dans le temple romain"}]},{"@type":"WebSite","@id":"https:\/\/www.vicpuntzero.cat\/#website","url":"https:\/\/www.vicpuntzero.cat\/","name":"Vic","description":"L&#039;origen d&#039;una hist\u00f2ria","publisher":{"@id":"https:\/\/www.vicpuntzero.cat\/#organization"},"potentialAction":[{"@type":"SearchAction","target":{"@type":"EntryPoint","urlTemplate":"https:\/\/www.vicpuntzero.cat\/?s={search_term_string}"},"query-input":{"@type":"PropertyValueSpecification","valueRequired":true,"valueName":"search_term_string"}}],"inLanguage":"fr-FR"},{"@type":"Organization","@id":"https:\/\/www.vicpuntzero.cat\/#organization","name":"Vicpuntzero","url":"https:\/\/www.vicpuntzero.cat\/","logo":{"@type":"ImageObject","inLanguage":"fr-FR","@id":"https:\/\/www.vicpuntzero.cat\/#\/schema\/logo\/image\/","url":"https:\/\/www.vicpuntzero.cat\/wp-content\/uploads\/2020\/12\/cropped-COLOR_POSITIU_HORITZONTAL.png","contentUrl":"https:\/\/www.vicpuntzero.cat\/wp-content\/uploads\/2020\/12\/cropped-COLOR_POSITIU_HORITZONTAL.png","width":1920,"height":640,"caption":"Vicpuntzero"},"image":{"@id":"https:\/\/www.vicpuntzero.cat\/#\/schema\/logo\/image\/"}}]}},"_links":{"self":[{"href":"https:\/\/www.vicpuntzero.cat\/fr\/wp-json\/wp\/v2\/pages\/12131","targetHints":{"allow":["GET"]}}],"collection":[{"href":"https:\/\/www.vicpuntzero.cat\/fr\/wp-json\/wp\/v2\/pages"}],"about":[{"href":"https:\/\/www.vicpuntzero.cat\/fr\/wp-json\/wp\/v2\/types\/page"}],"author":[{"embeddable":true,"href":"https:\/\/www.vicpuntzero.cat\/fr\/wp-json\/wp\/v2\/users\/93"}],"replies":[{"embeddable":true,"href":"https:\/\/www.vicpuntzero.cat\/fr\/wp-json\/wp\/v2\/comments?post=12131"}],"version-history":[{"count":37,"href":"https:\/\/www.vicpuntzero.cat\/fr\/wp-json\/wp\/v2\/pages\/12131\/revisions"}],"predecessor-version":[{"id":27740,"href":"https:\/\/www.vicpuntzero.cat\/fr\/wp-json\/wp\/v2\/pages\/12131\/revisions\/27740"}],"wp:attachment":[{"href":"https:\/\/www.vicpuntzero.cat\/fr\/wp-json\/wp\/v2\/media?parent=12131"}],"curies":[{"name":"wp","href":"https:\/\/api.w.org\/{rel}","templated":true}]}}