{"id":8510,"date":"2021-07-14T10:29:01","date_gmt":"2021-07-14T08:29:01","guid":{"rendered":"https:\/\/www.vicpuntzero.cat\/?page_id=8510"},"modified":"2021-07-14T10:35:56","modified_gmt":"2021-07-14T08:35:56","slug":"politica-de-cookies","status":"publish","type":"page","link":"https:\/\/www.vicpuntzero.cat\/es\/politica-de-cookies\/","title":{"rendered":"Pol\u00edtica de cookies"},"content":{"rendered":"<h3 class=\"wp-block-heading\">1. \u00bfQu\u00e9 son las cookies y por qu\u00e9 las utilizamos en la Web?<\/h3><p><br>Una cookie es un archivo que se descarga en el dispositivo del usuario al acceder a determinados sitio web para almacenar y recuperar informaci\u00f3n sobre la navegaci\u00f3n que se efect\u00faa desde su equipo.<\/p><p>Las cookies permiten a esta web, entre otras cosas, almacenar y recuperar informaci\u00f3n sobre las decisiones y h\u00e1bitos del usuario. Al presente web las cookies que existen son necesarias para el funcionamiento de \u00e9sta.<\/p><p>Es importante destacar que el uso de cookies no proporciona datos personales del usuario.<\/p><h3 class=\"wp-block-heading\">2. \u00bfQu\u00e9 tipo de cookies existen?<\/h3><p><br>Les cookies, en funci\u00f3 del&nbsp;temps que romanen activades, poden dividir-se en cookies de sessi\u00f3 o permanents:<\/p><ul class=\"wp-block-list\"><li><strong>Cookies de sesi\u00f3n y persistentes: <\/strong>Las cookies de sesi\u00f3n son dise\u00f1adas para recaudar y almacenar datos mientras el usuario accede a una p\u00e1gina web. Se suelen emplear para almacenar informaci\u00f3n que solamente interesa conservar para la prestaci\u00f3n del servicio solicitado por el usuario en una sola ocasi\u00f3n. En el caso de las persistentes, los datos siguen almacenados en el dispositivo durante un periodo de tiempo determinado, facilitando as\u00ed el control de las preferencias elegidas sin volver que repetir ciertos par\u00e1metros cada vez que se visita el sitio web.<\/li><\/ul><p>Adicionalmente, seg\u00fan la entidad que las gestione, las cookies pueden clasificarse en propias o de tercero:<\/p><ul class=\"wp-block-list\"><li><strong>Cookies propias o de terceros: <\/strong>Las cookies propias son aquellas que se env\u00edan al equipo terminal del usuario desde un equipo o dominio gestionado por el propio editor y desde el que se presta el servicio solicitado por el usuario . En cambio, las cookies de terceros son aquellas que se env\u00edan al terminal del usuario desde un equipo o dominio que no es gestionado por el editor, sino por un otra entidad que trata los datos obtenidos a trav\u00e9s de las cookies.<\/li><\/ul><p>En cuanto a ello, las cookies pueden ser:<\/p><ul class=\"wp-block-list\"><li><strong>Cookies t\u00e9cnicas \/ personalizaci\u00f3n \/ an\u00e1lisis \/ publicitarias: <\/strong>las cookies t\u00e9cnicas ser\u00edan las que permiten controlar el tr\u00e1fico y la comunicaci\u00f3n de datos; las de personalizaci\u00f3n, las que dejan a los usuarios acceder seg\u00fan algunas caracter\u00edsticas propias que se recogen (navegador, idioma, etc.). Las de an\u00e1lisis son aquellas que permiten al responsable de las mismas, el seguimiento y el tama\u00f1o del comportamiento de los usuarios de los sitios web a los que est\u00e1n vinculadas, recogen datos sobre el comportamiento de los usuarios y permiten elaborar un perfil de usuario. Finalmente, las publicitarias recogen datos sobre la gesti\u00f3n de los espacios publicitarios.<\/li><\/ul><h3 class=\"wp-block-heading\">3. \u00bfQu\u00e9 tipo de cookies utiliza la p\u00e1gina web?<\/h3><figure class=\"wp-block-table\"><table><thead><tr><td><strong>Nombre<\/strong><\/td><td><strong>Dominio<\/strong><\/td><td><strong>Finalidad<\/strong><\/td><td><strong>Caducidad<\/strong><\/td><\/tr><\/thead><tbody><tr><td>NID<\/td><td>.google.com<\/td><td>Esta cookie se utiliza para un perfil basado en el inter\u00e9s del usuario y mostrar anuncios personalizados a los usuarios.<\/td><td>6 meses<\/td><\/tr><tr><td>cookielawinfo-checkbox-others<\/td><td>www.vicpuntzero.cat<\/td><td><\/td><td>1 a\u00f1o<\/td><\/tr><tr><td>cookielawinfo-checkbox-advertisement<\/td><td>www.vicpuntzero.cat<\/td><td>La cookie la define el consentimiento de cookies de GDPR para registrar el consentimiento del usuario para las cookies de la categor\u00eda \u00abPublicidad\u00bb.<\/td><td>1 a\u00f1o<\/td><\/tr><tr><td>cookielawinfo-checkbox-performance<\/td><td>www.vicpuntzero.cat<\/td><td>Esta cookie la define el complemento de consentimiento de cookies de GDPR. La cookie se utiliza para almacenar el consentimiento del usuario para las cookies de la categor\u00eda \u00abRendimiento\u00bb.<\/td><td>1 a\u00f1o<\/td><\/tr><tr><td>cookielawinfo-checkbox-analytics<\/td><td>www.vicpuntzero.cat<\/td><td>Estas cookies est\u00e1n establecidas por el complemento de WordPress de consentimiento de cookies GDPR. La cookie se utiliza para recordar el consentimiento del usuario para las cookies de la categor\u00eda \u00abAnalytics\u00bb.<\/td><td>1 a\u00f1o<\/td><\/tr><tr><td>&nbsp;viewed_cookie_policy<\/td><td>www.vicpuntzero.cat<\/td><td>La cookie la define el consentimiento de cookies de GDPR para registrar el consentimiento del usuario para las cookies de la categor\u00eda \u00abFuncionales\u00bb.<\/td><td>1 a\u00f1o<\/td><\/tr><tr><td>cookielawinfo-checkbox-functional<\/td><td>www.vicpuntzero.cat<\/td><td>La cookie la define el consentimiento de cookies de GDPR para registrar el consentimiento del usuario para las cookies de la categor\u00eda \u00abFuncionales\u00bb.<\/td><td>1 a\u00f1o<\/td><\/tr><tr><td>_gid<\/td><td>.vicpuntzero.cat<\/td><td>Esta cookie lo instala Google Analytics. La cookie se utiliza para almacenar informaci\u00f3n sobre c\u00f3mo los visitantes utilizan un sitio web y ayuda a crear un informe de an\u00e1lisis de c\u00f3mo funciona el sitio web. Los datos recopilados incluyen el n\u00famero de visitantes, la fuente de donde provienen y las p\u00e1ginas visitadas de forma an\u00f3nima.<\/td><td>24 horas<\/td><\/tr><tr><td>cookielawinfo-checkbox-necessary<\/td><td>www.vicpuntzero.cat<\/td><td>Esta cookie la define el complemento de consentimiento de cookies de GDPR. Las cookies se utilizan para almacenar el consentimiento del usuario para las cookies de la categor\u00eda \u00abNecesarias\u00bb.<\/td><td>1 a\u00f1o<\/td><\/tr><tr><td>_ga<\/td><td>.vicpuntzero.cat<\/td><td>Esta cookie lo instala Google Analytics. La cookie se utiliza para calcular los datos de visitantes, sesiones, campa\u00f1as y hacer un seguimiento del uso del sitio para el informe de an\u00e1lisis del sitio. Las cookies almacenan informaci\u00f3n de forma an\u00f3nima y asignan un n\u00famero generado aleatoriamente para identificar visitantes \u00fanicos.<\/td><td>2 a\u00f1os<\/td><\/tr><\/tbody><\/table><\/figure><h3 class=\"wp-block-heading\">4. C\u00f3mo deshabilitar las cookies del navegador?<\/h3><p>El usuario puede configurar su navegador para no aceptar el uso de cookies, en este caso la personalizaci\u00f3n de la experiencia no se aplicar\u00eda. Si se selecciona esta configuraci\u00f3n puede que no se pueda acceder a ciertas partes del sitio web, ya que puede causar una navegaci\u00f3n menos eficaz.<\/p><p>La mayor\u00eda de navegadores actualmente permiten al usuario configurar si desean aceptar cookies y cu\u00e1les de estas. Estos par\u00e1metros normalmente se encuentran en los \u00abpar\u00e1metros\u00bb o \u00abpreferencias\u00bb del men\u00fa de su navegador.<\/p>","protected":false},"excerpt":{"rendered":"<p>1. \u00bfQu\u00e9 son las cookies y por qu\u00e9 las utilizamos en la Web? Una cookie es un archivo que se descarga en el dispositivo del usuario al acceder a determinados sitio web para almacenar y recuperar informaci\u00f3n sobre la navegaci\u00f3n que se efect\u00faa desde su equipo. Las cookies permiten a esta web, entre otras cosas, [&hellip;]<\/p>\n","protected":false},"author":1,"featured_media":0,"parent":0,"menu_order":0,"comment_status":"closed","ping_status":"closed","template":"","meta":{"footnotes":""},"class_list":["post-8510","page","type-page","status-publish","hentry"],"yoast_head":"<!-- This site is optimized with the Yoast SEO plugin v23.9 - https:\/\/yoast.com\/wordpress\/plugins\/seo\/ -->\n<title>Pol\u00edtica de cookies | Vic<\/title>\n<meta name=\"robots\" content=\"index, follow, max-snippet:-1, max-image-preview:large, max-video-preview:-1\" \/>\n<link rel=\"canonical\" href=\"https:\/\/www.vicpuntzero.cat\/es\/politica-de-cookies\/\" \/>\n<meta property=\"og:locale\" content=\"es_ES\" \/>\n<meta property=\"og:type\" content=\"article\" \/>\n<meta property=\"og:title\" content=\"Pol\u00edtica de cookies | Vic\" \/>\n<meta property=\"og:description\" content=\"1. \u00bfQu\u00e9 son las cookies y por qu\u00e9 las utilizamos en la Web? Una cookie es un archivo que se descarga en el dispositivo del usuario al acceder a determinados sitio web para almacenar y recuperar informaci\u00f3n sobre la navegaci\u00f3n que se efect\u00faa desde su equipo. Las cookies permiten a esta web, entre otras cosas, [&hellip;]\" \/>\n<meta property=\"og:url\" content=\"https:\/\/www.vicpuntzero.cat\/es\/politica-de-cookies\/\" \/>\n<meta property=\"og:site_name\" content=\"Vic\" \/>\n<meta property=\"article:modified_time\" content=\"2021-07-14T08:35:56+00:00\" \/>\n<meta name=\"twitter:card\" content=\"summary_large_image\" \/>\n<meta name=\"twitter:label1\" content=\"Tiempo de lectura\" \/>\n\t<meta name=\"twitter:data1\" content=\"4 minutos\" \/>\n<script type=\"application\/ld+json\" class=\"yoast-schema-graph\">{\"@context\":\"https:\/\/schema.org\",\"@graph\":[{\"@type\":\"WebPage\",\"@id\":\"https:\/\/www.vicpuntzero.cat\/es\/politica-de-cookies\/\",\"url\":\"https:\/\/www.vicpuntzero.cat\/es\/politica-de-cookies\/\",\"name\":\"Pol\u00edtica de cookies | Vic\",\"isPartOf\":{\"@id\":\"https:\/\/www.vicpuntzero.cat\/#website\"},\"datePublished\":\"2021-07-14T08:29:01+00:00\",\"dateModified\":\"2021-07-14T08:35:56+00:00\",\"breadcrumb\":{\"@id\":\"https:\/\/www.vicpuntzero.cat\/es\/politica-de-cookies\/#breadcrumb\"},\"inLanguage\":\"es\",\"potentialAction\":[{\"@type\":\"ReadAction\",\"target\":[\"https:\/\/www.vicpuntzero.cat\/es\/politica-de-cookies\/\"]}]},{\"@type\":\"BreadcrumbList\",\"@id\":\"https:\/\/www.vicpuntzero.cat\/es\/politica-de-cookies\/#breadcrumb\",\"itemListElement\":[{\"@type\":\"ListItem\",\"position\":1,\"name\":\"Inici\",\"item\":\"https:\/\/www.vicpuntzero.cat\/\"},{\"@type\":\"ListItem\",\"position\":2,\"name\":\"Pol\u00edtica de cookies\"}]},{\"@type\":\"WebSite\",\"@id\":\"https:\/\/www.vicpuntzero.cat\/#website\",\"url\":\"https:\/\/www.vicpuntzero.cat\/\",\"name\":\"Vic\",\"description\":\"L&#039;origen d&#039;una hist\u00f2ria\",\"publisher\":{\"@id\":\"https:\/\/www.vicpuntzero.cat\/#organization\"},\"potentialAction\":[{\"@type\":\"SearchAction\",\"target\":{\"@type\":\"EntryPoint\",\"urlTemplate\":\"https:\/\/www.vicpuntzero.cat\/?s={search_term_string}\"},\"query-input\":{\"@type\":\"PropertyValueSpecification\",\"valueRequired\":true,\"valueName\":\"search_term_string\"}}],\"inLanguage\":\"es\"},{\"@type\":\"Organization\",\"@id\":\"https:\/\/www.vicpuntzero.cat\/#organization\",\"name\":\"Vicpuntzero\",\"url\":\"https:\/\/www.vicpuntzero.cat\/\",\"logo\":{\"@type\":\"ImageObject\",\"inLanguage\":\"es\",\"@id\":\"https:\/\/www.vicpuntzero.cat\/#\/schema\/logo\/image\/\",\"url\":\"https:\/\/www.vicpuntzero.cat\/wp-content\/uploads\/2020\/12\/cropped-COLOR_POSITIU_HORITZONTAL.png\",\"contentUrl\":\"https:\/\/www.vicpuntzero.cat\/wp-content\/uploads\/2020\/12\/cropped-COLOR_POSITIU_HORITZONTAL.png\",\"width\":1920,\"height\":640,\"caption\":\"Vicpuntzero\"},\"image\":{\"@id\":\"https:\/\/www.vicpuntzero.cat\/#\/schema\/logo\/image\/\"}}]}<\/script>\n<!-- \/ Yoast SEO plugin. -->","yoast_head_json":{"title":"Pol\u00edtica de cookies | Vic","robots":{"index":"index","follow":"follow","max-snippet":"max-snippet:-1","max-image-preview":"max-image-preview:large","max-video-preview":"max-video-preview:-1"},"canonical":"https:\/\/www.vicpuntzero.cat\/es\/politica-de-cookies\/","og_locale":"es_ES","og_type":"article","og_title":"Pol\u00edtica de cookies | Vic","og_description":"1. \u00bfQu\u00e9 son las cookies y por qu\u00e9 las utilizamos en la Web? Una cookie es un archivo que se descarga en el dispositivo del usuario al acceder a determinados sitio web para almacenar y recuperar informaci\u00f3n sobre la navegaci\u00f3n que se efect\u00faa desde su equipo. Las cookies permiten a esta web, entre otras cosas, [&hellip;]","og_url":"https:\/\/www.vicpuntzero.cat\/es\/politica-de-cookies\/","og_site_name":"Vic","article_modified_time":"2021-07-14T08:35:56+00:00","twitter_card":"summary_large_image","twitter_misc":{"Tiempo de lectura":"4 minutos"},"schema":{"@context":"https:\/\/schema.org","@graph":[{"@type":"WebPage","@id":"https:\/\/www.vicpuntzero.cat\/es\/politica-de-cookies\/","url":"https:\/\/www.vicpuntzero.cat\/es\/politica-de-cookies\/","name":"Pol\u00edtica de cookies | Vic","isPartOf":{"@id":"https:\/\/www.vicpuntzero.cat\/#website"},"datePublished":"2021-07-14T08:29:01+00:00","dateModified":"2021-07-14T08:35:56+00:00","breadcrumb":{"@id":"https:\/\/www.vicpuntzero.cat\/es\/politica-de-cookies\/#breadcrumb"},"inLanguage":"es","potentialAction":[{"@type":"ReadAction","target":["https:\/\/www.vicpuntzero.cat\/es\/politica-de-cookies\/"]}]},{"@type":"BreadcrumbList","@id":"https:\/\/www.vicpuntzero.cat\/es\/politica-de-cookies\/#breadcrumb","itemListElement":[{"@type":"ListItem","position":1,"name":"Inici","item":"https:\/\/www.vicpuntzero.cat\/"},{"@type":"ListItem","position":2,"name":"Pol\u00edtica de cookies"}]},{"@type":"WebSite","@id":"https:\/\/www.vicpuntzero.cat\/#website","url":"https:\/\/www.vicpuntzero.cat\/","name":"Vic","description":"L&#039;origen d&#039;una hist\u00f2ria","publisher":{"@id":"https:\/\/www.vicpuntzero.cat\/#organization"},"potentialAction":[{"@type":"SearchAction","target":{"@type":"EntryPoint","urlTemplate":"https:\/\/www.vicpuntzero.cat\/?s={search_term_string}"},"query-input":{"@type":"PropertyValueSpecification","valueRequired":true,"valueName":"search_term_string"}}],"inLanguage":"es"},{"@type":"Organization","@id":"https:\/\/www.vicpuntzero.cat\/#organization","name":"Vicpuntzero","url":"https:\/\/www.vicpuntzero.cat\/","logo":{"@type":"ImageObject","inLanguage":"es","@id":"https:\/\/www.vicpuntzero.cat\/#\/schema\/logo\/image\/","url":"https:\/\/www.vicpuntzero.cat\/wp-content\/uploads\/2020\/12\/cropped-COLOR_POSITIU_HORITZONTAL.png","contentUrl":"https:\/\/www.vicpuntzero.cat\/wp-content\/uploads\/2020\/12\/cropped-COLOR_POSITIU_HORITZONTAL.png","width":1920,"height":640,"caption":"Vicpuntzero"},"image":{"@id":"https:\/\/www.vicpuntzero.cat\/#\/schema\/logo\/image\/"}}]}},"_links":{"self":[{"href":"https:\/\/www.vicpuntzero.cat\/es\/wp-json\/wp\/v2\/pages\/8510","targetHints":{"allow":["GET"]}}],"collection":[{"href":"https:\/\/www.vicpuntzero.cat\/es\/wp-json\/wp\/v2\/pages"}],"about":[{"href":"https:\/\/www.vicpuntzero.cat\/es\/wp-json\/wp\/v2\/types\/page"}],"author":[{"embeddable":true,"href":"https:\/\/www.vicpuntzero.cat\/es\/wp-json\/wp\/v2\/users\/1"}],"replies":[{"embeddable":true,"href":"https:\/\/www.vicpuntzero.cat\/es\/wp-json\/wp\/v2\/comments?post=8510"}],"version-history":[{"count":3,"href":"https:\/\/www.vicpuntzero.cat\/es\/wp-json\/wp\/v2\/pages\/8510\/revisions"}],"predecessor-version":[{"id":8515,"href":"https:\/\/www.vicpuntzero.cat\/es\/wp-json\/wp\/v2\/pages\/8510\/revisions\/8515"}],"wp:attachment":[{"href":"https:\/\/www.vicpuntzero.cat\/es\/wp-json\/wp\/v2\/media?parent=8510"}],"curies":[{"name":"wp","href":"https:\/\/api.w.org\/{rel}","templated":true}]}}