{"id":541,"date":"2020-11-30T10:05:08","date_gmt":"2020-11-30T10:05:08","guid":{"rendered":"https:\/\/www.vicpuntzero.cat\/contingut-loc-audiovisual\/"},"modified":"2021-03-26T09:43:55","modified_gmt":"2021-03-26T07:43:55","slug":"contenido-loc6","status":"publish","type":"page","link":"https:\/\/www.vicpuntzero.cat\/es\/contenido-loc6\/","title":{"rendered":"Contenido LOC AUDIOVISUAL"},"content":{"rendered":"<p align=\"left\"><span style=\"font-size: medium;\"><b>GUI\u00d3N EXPOSITIVO ESPECT\u00c1CULO AUDIOVISUAL \u201cISLA DE LA PIEDAD\u201d<\/b><\/span><\/p>\n<p align=\"left\"><span style=\"font-size: medium;\"><u>(VIC: UN VIAJE POR EL TIEMPO Y EL ARTE)<\/u><\/span><\/p>\n<p align=\"left\"><span style=\"font-size: medium;\">Estamos aqu\u00ed&#8230;<br \/>\nEn Vic, Osona\u2026 y en su coraz\u00f3n:<br \/>\nEn el punto m\u00e1s alto de su centro hist\u00f3rico&#8230;<br \/>\nDonde se fund\u00f3 la ciudad.<br \/>\nEn este punto preciso confluyen todas las \u00e9pocas&#8230; En esta ciudad se encuentran todas las historias&#8230;<br \/>\nBuscamos sus huellas en el arte&#8230;<br \/>\nCada estilo nos proporciona pistas de un instante de la historia.<br \/>\nEl arte nos guiar\u00e1 en este viaje&#8230;<br \/>\nRetrocedamos dos mil a\u00f1os&#8230;<br \/>\n<\/span><\/p>\n<p align=\"left\"><span style=\"font-size: medium;\"><u>(AUSA, CIUDAD TRIBUTARIA DE ROMA \u2013 ARTE CL\u00c1SICO)<\/u><\/span><\/p>\n<p align=\"left\"><span style=\"font-size: medium;\">Nos encontramos en el siglo I d. de C&#8230;<br \/>\n\u00bfQui\u00e9n habita este lugar?<br \/>\nEn este territorio vive, desde hace siglos, el pueblo \u00edbero de los ausetanos.<br \/>\nM\u00e1s tarde se instala la civilizaci\u00f3n romana: comerciantes, soldados y ciudadanos que adoran a sus dioses.<br \/>\nAqu\u00ed, en el punto m\u00e1s alto, se funda Auso.<br \/>\nY aqu\u00ed mismo se erige el templo&#8230;<br \/>\nEs una ciudad importante en la jurisdicci\u00f3n romana.<br \/>\nPor aqu\u00ed pasa una de las v\u00edas que comunica la Galia y Barcino, Barcelona.<br \/>\nOsona guarda secretos del pasado \u00edbero\u2026<br \/>\n&#8230;y del pasado romano que han sobrevivido hasta nuestros d\u00edas.<br \/>\nPero vienen tiempos dif\u00edciles. El imperio cae y los siglos se suceden entre culturas: carolingios, visigodos, sarracenos&#8230;, todos quieren hacerse un lugar aqu\u00ed.<\/span><\/p>\n<p align=\"left\"><span style=\"font-size: medium;\">(VIC EN EL A\u00d1O 1000: ENTRE LOS MONCADA Y EL OBISPO OLIBA \u2013 ARTE ROM\u00c1NICO LOMBARDO)<\/span><\/p>\n<p align=\"left\"><span style=\"font-size: medium;\">Hemos llegado al siglo IX.<br \/>\n\u00a1Mirad! Es el conde Guifr\u00e9.<br \/>\nBaja de los Pirineos y est\u00e1 a punto de decidir d\u00f3nde construir\u00e1 su castillo condal para repoblar la plana de Vic&#8230;<br \/>\nJusto aqu\u00ed.<br \/>\nDonde se erig\u00eda el templo romano\u2026, claro&#8230;<br \/>\nEl castillo se construye justo donde nos encontramos ahora.<br \/>\nEl Vic medieval es, pues, un Vic con dos jurisdicciones.<br \/>\nUna regida por el conde\u2026 y la otra por el obispo.<br \/>\nEl conde domina la parte alta de la ciudad y en la parte baja se refunda la sede episcopal.<br \/>\nLa antigua Auso se convierte en un Vic dividido:<br \/>\nEn ella habitan damas, caballeros, \u2026 y los condes en el castillo de los Montcada.<br \/>\nAlrededor de la sede del obispado tambi\u00e9n habitan cl\u00e9rigos y can\u00f3nigos.<br \/>\nY entre ellos hay tensiones y conflictos.<br \/>\nDesde su origen y a lo largo de la historia, el obispado ha tenido un papel fundamental en la vida cultural de Vic.<br \/>\nFiguras como Gerbert d\u2019Orlhac, el estudiante que se convirti\u00f3 en el Papa Silvestre II, o el obispo At\u00f3 y el obispo Oliba ser\u00e1n importantes en esta \u00e9poca.<br \/>\nSe ampl\u00eda la catedral y se crea el Escritorio, que da origen a los futuros estudios superiores.<br \/>\nPensamiento, ciencia y arte penetran en la ciudad de la mano de la Iglesia, y ya no la abandonan nunca.<br \/>\nVic se convertir\u00e1 en un centro de poder y de cultura, y en una de las ciudades m\u00e1s importantes de Catalu\u00f1a.<br \/>\nEl arte rom\u00e1nico lombardo se extiende por todo el condado de Osona y la Catalu\u00f1a Vieja.<br \/>\nHoy en d\u00eda a\u00fan es posible apreciar la riqueza art\u00edstica medieval en la mayor\u00eda de parroquias de la comarca.<br \/>\nPero tambi\u00e9n un recorrido emocionante por las calles del centro hist\u00f3rico de la ciudad de Vic.<br \/>\nEn los siglos siguientes todo crecer\u00e1 y Vic recibir\u00e1 el t\u00edtulo de ciudad.<br \/>\nLas torres y las murallas proteger\u00e1n el castillo, la catedral y entre ellos, una gran explanada donde se celebra el mercado semanal y que se convertir\u00e1 en todo un icono: la plaza del Mercadal.<br \/>\nLas calles se llenan de artesanos, mercaderes, y tambi\u00e9n de cambistas y prestamistas&#8230; Y durante casi dos siglos, incluso se constituye un peque\u00f1o barrio jud\u00edo con su sinagoga.<\/span><\/p>\n<p>Pero tambi\u00e9n vendr\u00e1n tiempos oscuros, con luchas entre los se\u00f1ores feudales,&#8230; Y con la peste negra, la desolaci\u00f3n.<\/p>\n<p align=\"left\"><span style=\"font-size: medium;\"><u>(LA UNIFICACI\u00d3N DE LA CIUDAD \u2013 ARTE G\u00d3TICO)<\/u><\/span><\/p>\n<p align=\"left\"><span style=\"font-size: medium;\">Nos encontramos en el siglo XV.<br \/>\nNos recibe un rey: Alfonso IV el Magn\u00e1nimo.<br \/>\n\u00c9l firma el privilegio que unifica la ciudad en un solo consejo municipal.<br \/>\nLos vicenses y las vicenses son un solo pueblo.<br \/>\nSe acaban los viejos conflictos y el esplendor de la ciudad crece.<br \/>\nVic renueva espacios dentro de murallas bajo la influencia del estilo g\u00f3tico.<br \/>\nLas ventanas se abren hacia el cielo, tanto en la arquitectura eclesi\u00e1stica como en la civil.<br \/>\nExtramuros crecen los antiguos arrabales.<br \/>\nHace un siglo que un nuevo puente abre una nueva entrada a la ciudad.<br \/>\nEl g\u00f3tico de las formas esbeltas todav\u00eda tiene representaci\u00f3n en la ciudad &#8230;, basta con saberlo encontrar.<br \/>\nTocamos el cielo, y nos dejamos llevar adelante.<\/span><\/p>\n<p align=\"left\"><span style=\"font-size: medium;\"><u>(DINAMISMO URBANO Y ECLESI\u00c1STICO \u2013 ARTE BARROCO)<\/u><\/span><\/p>\n<p align=\"left\"><span style=\"font-size: medium;\">El cambio de la ciudad barroca empieza con una demolici\u00f3n.<br \/>\nAterrizamos en una \u00e9poca nueva, despu\u00e9s de un renacimiento que ha dejado pocas huellas en la ciudad.<br \/>\nDurante mucho tiempo, diferentes generaciones de maestros de obra y escultores de la familia Morat\u00f3 de Vic, junto con talleres de artesanos altamente cualificados, trabajan al servicio del arte civil y eclesi\u00e1stico.<br \/>\nEstudiantes y artistas se mezclan con artesanos y comerciantes.<br \/>\nPero, \u00bfcu\u00e1l es el motivo de la demolici\u00f3n?<br \/>\nResulta que, en el siglo XVII, se derriban gran parte de los arrabales de la ciudad siguiendo un plan de fortificaci\u00f3n que no se llega nunca a materializar.<br \/>\nSe pierden muchas muestras de arte rom\u00e1nico y g\u00f3tico.<br \/>\nPero esto da lugar a una nueva planificaci\u00f3n urbana.<br \/>\nAlrededor del n\u00facleo medieval se construyen nuevos conventos.<br \/>\nLas \u00f3rdenes religiosas forman parte de la vida cultural moderna de Vic.<br \/>\nEl perfil de la ciudad cambia con una nueva v\u00eda que la circunvala y con el primer barrio de trazado lineal: el Ensanche Morat\u00f3.<br \/>\nEs una \u00e9poca de bonanza y esplendor.<br \/>\nEl Mercadal sigue siendo el pulm\u00f3n econ\u00f3mico de la ciudad, pero ahora la plaza se ennoblece.<br \/>\nLas casas de invierno de los grandes propietarios rurales de la comarca se levantan aqu\u00ed y por toda la ciudad.<br \/>\nSon casas construidas para ostentar su patrimonio, con balcones para dejarse ver y observar la vida desde sus privilegios.<br \/>\nEl barroco vicense es un estilo propio que se encuentra por toda la ciudad. Tras las fachadas austeras, los interiores rezuman teatralidad, arte, luz y dinamismo.<br \/>\nEs el s\u00edmbolo de una ciudad que crece y gana peso cultural en todo el territorio.<br \/>\nPero no os dej\u00e9is deslumbrar, ha llegado la hora de dejar el barroco y avanzar.<\/span><\/p>\n<p align=\"left\"><span style=\"font-size: medium;\"><u>(EL VIGATANISMO, A CABALLO ENTRE LOS SIGLOS XIX Y XX \u2013 El ARTE DEL MODERNISMO A LAS VANGUARDIAS.)<\/u><\/span><\/p>\n<p align=\"left\"><span style=\"font-size: medium;\">Chss\u2026<br \/>\nPara entender esta nueva etapa del viaje, primero debemos pasar por la Biblioteca Episcopal&#8230;<br \/>\nEl camino iniciado por el Escritorio ha seguido vivo a lo largo del tiempo con la Universidad Literaria de los siglos XVI y XVII y ahora con el Seminario y con esta biblioteca impulsada por el obispo Francesc de Veyan&#8230;<br \/>\nEntre estos libros se formar\u00e1n generaciones de intelectuales, eclesi\u00e1sticos y profesionales relevantes de los siglos XIX y XX.<br \/>\nUno de ellos fue el pensador y pol\u00edtico Jaume Balmes&#8230;<br \/>\n&#8230; otro el poeta Jacint Verdaguer&#8230;<br \/>\nY a\u00f1os m\u00e1s tarde, el obispo y pensador Torras y Bages&#8230;<br \/>\nAdem\u00e1s, ser\u00e1 de vital importancia para un artista reconocido internacionalmente: el pintor Josep Mar\u00eda Sert.<br \/>\n\u00bfOs imagin\u00e1is la vida cultural de la ciudad con todos estos personajes y muchos otros?<br \/>\nEl impulso art\u00edstico entre finales del siglo XIX y principios del XX coloca a la ciudad de Vic en el primer plano de la vida cultural catalana.<br \/>\nCorrientes como el vigatanismo, la Renaixen\u00e7a y el modernismo se suceden dejando un rastro espl\u00e9ndido en la ciudad.<br \/>\nLa influencia de las instituciones eclesi\u00e1sticas marc\u00f3 la sociedad: estudiantes, seminaristas, nuevas congregaciones&#8230; El retrato de un ambiente que identificar\u00e1 a Vic como la ciudad de los santos.<br \/>\nPodemos descubrir un nuevo paisaje urbano de arquitectura civil<br \/>\ne industrial, con dos sectores en crecimiento: la industria de la piel y la de la elaboraci\u00f3n de embutidos.<br \/>\n<\/span><\/p>\n<p align=\"left\"><span style=\"font-size: medium;\"><u>(VIC AHORA \u2013 VIC CIUDAD DE ARTE)<\/u><\/span><\/p>\n<p align=\"left\"><span style=\"font-size: medium;\">Volvemos.<br \/>\nEstamos de nuevo aqu\u00ed.<br \/>\nEn el Vic actual&#8230;<br \/>\n\u00bfA qui\u00e9n encontramos?<br \/>\nA artistas&#8230;<br \/>\nComerciantes&#8230;<br \/>\nEstudiantes&#8230;<br \/>\n\u00a1Vida!<br \/>\nNos dejamos seducir por el arte y la cultura&#8230;<br \/>\nVic conserva el patrimonio para explicarlo&#8230;<br \/>\nDifunde y genera conocimiento&#8230;<br \/>\nPromueve la expresi\u00f3n art\u00edstica&#8230;<br \/>\nVic tiene un coraz\u00f3n que atrae.<br \/>\nLa plaza es icono y fuerza.<br \/>\nPaseamos por los mercados y las ferias todo el a\u00f1o.<br \/>\nLa energ\u00eda de la plaza irradia hacia todas las calles.<br \/>\nVic es comercio de proximidad y de calidad.<br \/>\nArte, Cultura, Vida&#8230;<br \/>\nHemos viajado por Vic durando siglos.<br \/>\nPero lo tenemos todo al alcance&#8230;<br \/>\n\u00bfSalimos a descubrirlo?<br \/>\nSalgamos a disfrutar de ello<\/span><\/p>\n<p align=\"center\"><span style=\"font-size: medium;\">***********************<\/span><\/p>\n","protected":false},"excerpt":{"rendered":"<p>GUI\u00d3N EXPOSITIVO ESPECT\u00c1CULO AUDIOVISUAL \u201cISLA DE LA PIEDAD\u201d (VIC: UN VIAJE POR EL TIEMPO Y EL ARTE) Estamos aqu\u00ed&#8230; En Vic, Osona\u2026 y en su coraz\u00f3n: En el punto m\u00e1s alto de su centro hist\u00f3rico&#8230; Donde se fund\u00f3 la ciudad. En este punto preciso confluyen todas las \u00e9pocas&#8230; En esta ciudad se encuentran todas las [&hellip;]<\/p>\n","protected":false},"author":1,"featured_media":0,"parent":0,"menu_order":0,"comment_status":"closed","ping_status":"closed","template":"","meta":{"footnotes":""},"class_list":["post-541","page","type-page","status-publish","hentry"],"yoast_head":"<!-- This site is optimized with the Yoast SEO plugin v23.9 - https:\/\/yoast.com\/wordpress\/plugins\/seo\/ -->\n<title>Contenido LOC AUDIOVISUAL | Vic<\/title>\n<meta name=\"robots\" content=\"index, follow, max-snippet:-1, max-image-preview:large, max-video-preview:-1\" \/>\n<link rel=\"canonical\" href=\"https:\/\/www.vicpuntzero.cat\/es\/contenido-loc6\/\" \/>\n<meta property=\"og:locale\" content=\"es_ES\" \/>\n<meta property=\"og:type\" content=\"article\" \/>\n<meta property=\"og:title\" content=\"Contenido LOC AUDIOVISUAL | Vic\" \/>\n<meta property=\"og:description\" content=\"GUI\u00d3N EXPOSITIVO ESPECT\u00c1CULO AUDIOVISUAL \u201cISLA DE LA PIEDAD\u201d (VIC: UN VIAJE POR EL TIEMPO Y EL ARTE) Estamos aqu\u00ed&#8230; En Vic, Osona\u2026 y en su coraz\u00f3n: En el punto m\u00e1s alto de su centro hist\u00f3rico&#8230; Donde se fund\u00f3 la ciudad. En este punto preciso confluyen todas las \u00e9pocas&#8230; En esta ciudad se encuentran todas las [&hellip;]\" \/>\n<meta property=\"og:url\" content=\"https:\/\/www.vicpuntzero.cat\/es\/contenido-loc6\/\" \/>\n<meta property=\"og:site_name\" content=\"Vic\" \/>\n<meta property=\"article:modified_time\" content=\"2021-03-26T07:43:55+00:00\" \/>\n<meta name=\"twitter:card\" content=\"summary_large_image\" \/>\n<meta name=\"twitter:label1\" content=\"Tiempo de lectura\" \/>\n\t<meta name=\"twitter:data1\" content=\"7 minutos\" \/>\n<script type=\"application\/ld+json\" class=\"yoast-schema-graph\">{\"@context\":\"https:\/\/schema.org\",\"@graph\":[{\"@type\":\"WebPage\",\"@id\":\"https:\/\/www.vicpuntzero.cat\/es\/contenido-loc6\/\",\"url\":\"https:\/\/www.vicpuntzero.cat\/es\/contenido-loc6\/\",\"name\":\"Contenido LOC AUDIOVISUAL | Vic\",\"isPartOf\":{\"@id\":\"https:\/\/www.vicpuntzero.cat\/#website\"},\"datePublished\":\"2020-11-30T10:05:08+00:00\",\"dateModified\":\"2021-03-26T07:43:55+00:00\",\"breadcrumb\":{\"@id\":\"https:\/\/www.vicpuntzero.cat\/es\/contenido-loc6\/#breadcrumb\"},\"inLanguage\":\"es\",\"potentialAction\":[{\"@type\":\"ReadAction\",\"target\":[\"https:\/\/www.vicpuntzero.cat\/es\/contenido-loc6\/\"]}]},{\"@type\":\"BreadcrumbList\",\"@id\":\"https:\/\/www.vicpuntzero.cat\/es\/contenido-loc6\/#breadcrumb\",\"itemListElement\":[{\"@type\":\"ListItem\",\"position\":1,\"name\":\"Inici\",\"item\":\"https:\/\/www.vicpuntzero.cat\/\"},{\"@type\":\"ListItem\",\"position\":2,\"name\":\"Contenido LOC AUDIOVISUAL\"}]},{\"@type\":\"WebSite\",\"@id\":\"https:\/\/www.vicpuntzero.cat\/#website\",\"url\":\"https:\/\/www.vicpuntzero.cat\/\",\"name\":\"Vic\",\"description\":\"L&#039;origen d&#039;una hist\u00f2ria\",\"publisher\":{\"@id\":\"https:\/\/www.vicpuntzero.cat\/#organization\"},\"potentialAction\":[{\"@type\":\"SearchAction\",\"target\":{\"@type\":\"EntryPoint\",\"urlTemplate\":\"https:\/\/www.vicpuntzero.cat\/?s={search_term_string}\"},\"query-input\":{\"@type\":\"PropertyValueSpecification\",\"valueRequired\":true,\"valueName\":\"search_term_string\"}}],\"inLanguage\":\"es\"},{\"@type\":\"Organization\",\"@id\":\"https:\/\/www.vicpuntzero.cat\/#organization\",\"name\":\"Vicpuntzero\",\"url\":\"https:\/\/www.vicpuntzero.cat\/\",\"logo\":{\"@type\":\"ImageObject\",\"inLanguage\":\"es\",\"@id\":\"https:\/\/www.vicpuntzero.cat\/#\/schema\/logo\/image\/\",\"url\":\"https:\/\/www.vicpuntzero.cat\/wp-content\/uploads\/2020\/12\/cropped-COLOR_POSITIU_HORITZONTAL.png\",\"contentUrl\":\"https:\/\/www.vicpuntzero.cat\/wp-content\/uploads\/2020\/12\/cropped-COLOR_POSITIU_HORITZONTAL.png\",\"width\":1920,\"height\":640,\"caption\":\"Vicpuntzero\"},\"image\":{\"@id\":\"https:\/\/www.vicpuntzero.cat\/#\/schema\/logo\/image\/\"}}]}<\/script>\n<!-- \/ Yoast SEO plugin. -->","yoast_head_json":{"title":"Contenido LOC AUDIOVISUAL | Vic","robots":{"index":"index","follow":"follow","max-snippet":"max-snippet:-1","max-image-preview":"max-image-preview:large","max-video-preview":"max-video-preview:-1"},"canonical":"https:\/\/www.vicpuntzero.cat\/es\/contenido-loc6\/","og_locale":"es_ES","og_type":"article","og_title":"Contenido LOC AUDIOVISUAL | Vic","og_description":"GUI\u00d3N EXPOSITIVO ESPECT\u00c1CULO AUDIOVISUAL \u201cISLA DE LA PIEDAD\u201d (VIC: UN VIAJE POR EL TIEMPO Y EL ARTE) Estamos aqu\u00ed&#8230; En Vic, Osona\u2026 y en su coraz\u00f3n: En el punto m\u00e1s alto de su centro hist\u00f3rico&#8230; Donde se fund\u00f3 la ciudad. En este punto preciso confluyen todas las \u00e9pocas&#8230; En esta ciudad se encuentran todas las [&hellip;]","og_url":"https:\/\/www.vicpuntzero.cat\/es\/contenido-loc6\/","og_site_name":"Vic","article_modified_time":"2021-03-26T07:43:55+00:00","twitter_card":"summary_large_image","twitter_misc":{"Tiempo de lectura":"7 minutos"},"schema":{"@context":"https:\/\/schema.org","@graph":[{"@type":"WebPage","@id":"https:\/\/www.vicpuntzero.cat\/es\/contenido-loc6\/","url":"https:\/\/www.vicpuntzero.cat\/es\/contenido-loc6\/","name":"Contenido LOC AUDIOVISUAL | Vic","isPartOf":{"@id":"https:\/\/www.vicpuntzero.cat\/#website"},"datePublished":"2020-11-30T10:05:08+00:00","dateModified":"2021-03-26T07:43:55+00:00","breadcrumb":{"@id":"https:\/\/www.vicpuntzero.cat\/es\/contenido-loc6\/#breadcrumb"},"inLanguage":"es","potentialAction":[{"@type":"ReadAction","target":["https:\/\/www.vicpuntzero.cat\/es\/contenido-loc6\/"]}]},{"@type":"BreadcrumbList","@id":"https:\/\/www.vicpuntzero.cat\/es\/contenido-loc6\/#breadcrumb","itemListElement":[{"@type":"ListItem","position":1,"name":"Inici","item":"https:\/\/www.vicpuntzero.cat\/"},{"@type":"ListItem","position":2,"name":"Contenido LOC AUDIOVISUAL"}]},{"@type":"WebSite","@id":"https:\/\/www.vicpuntzero.cat\/#website","url":"https:\/\/www.vicpuntzero.cat\/","name":"Vic","description":"L&#039;origen d&#039;una hist\u00f2ria","publisher":{"@id":"https:\/\/www.vicpuntzero.cat\/#organization"},"potentialAction":[{"@type":"SearchAction","target":{"@type":"EntryPoint","urlTemplate":"https:\/\/www.vicpuntzero.cat\/?s={search_term_string}"},"query-input":{"@type":"PropertyValueSpecification","valueRequired":true,"valueName":"search_term_string"}}],"inLanguage":"es"},{"@type":"Organization","@id":"https:\/\/www.vicpuntzero.cat\/#organization","name":"Vicpuntzero","url":"https:\/\/www.vicpuntzero.cat\/","logo":{"@type":"ImageObject","inLanguage":"es","@id":"https:\/\/www.vicpuntzero.cat\/#\/schema\/logo\/image\/","url":"https:\/\/www.vicpuntzero.cat\/wp-content\/uploads\/2020\/12\/cropped-COLOR_POSITIU_HORITZONTAL.png","contentUrl":"https:\/\/www.vicpuntzero.cat\/wp-content\/uploads\/2020\/12\/cropped-COLOR_POSITIU_HORITZONTAL.png","width":1920,"height":640,"caption":"Vicpuntzero"},"image":{"@id":"https:\/\/www.vicpuntzero.cat\/#\/schema\/logo\/image\/"}}]}},"_links":{"self":[{"href":"https:\/\/www.vicpuntzero.cat\/es\/wp-json\/wp\/v2\/pages\/541","targetHints":{"allow":["GET"]}}],"collection":[{"href":"https:\/\/www.vicpuntzero.cat\/es\/wp-json\/wp\/v2\/pages"}],"about":[{"href":"https:\/\/www.vicpuntzero.cat\/es\/wp-json\/wp\/v2\/types\/page"}],"author":[{"embeddable":true,"href":"https:\/\/www.vicpuntzero.cat\/es\/wp-json\/wp\/v2\/users\/1"}],"replies":[{"embeddable":true,"href":"https:\/\/www.vicpuntzero.cat\/es\/wp-json\/wp\/v2\/comments?post=541"}],"version-history":[{"count":4,"href":"https:\/\/www.vicpuntzero.cat\/es\/wp-json\/wp\/v2\/pages\/541\/revisions"}],"predecessor-version":[{"id":766,"href":"https:\/\/www.vicpuntzero.cat\/es\/wp-json\/wp\/v2\/pages\/541\/revisions\/766"}],"wp:attachment":[{"href":"https:\/\/www.vicpuntzero.cat\/es\/wp-json\/wp\/v2\/media?parent=541"}],"curies":[{"name":"wp","href":"https:\/\/api.w.org\/{rel}","templated":true}]}}