{"id":2663,"date":"2021-01-29T08:38:57","date_gmt":"2021-01-29T08:38:57","guid":{"rendered":"https:\/\/www.vicpuntzero.cat\/?page_id=2663"},"modified":"2024-05-08T13:26:22","modified_gmt":"2024-05-08T11:26:22","slug":"un-poco-de-historia","status":"publish","type":"page","link":"https:\/\/www.vicpuntzero.cat\/es\/un-poco-de-historia\/","title":{"rendered":"Un poco de Historia&#8230;"},"content":{"rendered":"\t\t<div data-elementor-type=\"wp-post\" data-elementor-id=\"2663\" class=\"elementor elementor-2663 elementor-1972\" data-elementor-post-type=\"page\">\n\t\t\t\t\t\t<section class=\"elementor-section elementor-top-section elementor-element elementor-element-1fda3359 elementor-section-height-min-height elementor-section-items-stretch elementor-section-boxed elementor-section-height-default\" data-id=\"1fda3359\" data-element_type=\"section\" data-e-type=\"section\" id=\"uppage\" data-settings=\"{&quot;background_background&quot;:&quot;classic&quot;}\">\n\t\t\t\t\t\t\t<div class=\"elementor-background-overlay\"><\/div>\n\t\t\t\t\t\t\t<div class=\"elementor-container elementor-column-gap-default\">\n\t\t\t\t\t<div class=\"elementor-column elementor-col-50 elementor-top-column elementor-element elementor-element-42220562\" data-id=\"42220562\" data-element_type=\"column\" data-e-type=\"column\">\n\t\t\t<div class=\"elementor-widget-wrap elementor-element-populated\">\n\t\t\t\t\t\t<div class=\"elementor-element elementor-element-642dddb5 elementor-widget elementor-widget-heading\" data-id=\"642dddb5\" data-element_type=\"widget\" data-e-type=\"widget\" data-widget_type=\"heading.default\">\n\t\t\t\t<div class=\"elementor-widget-container\">\n\t\t\t\t\t<h1 class=\"elementor-heading-title elementor-size-default\">El origen de una historia<\/h1>\t\t\t\t<\/div>\n\t\t\t\t<\/div>\n\t\t\t\t\t<\/div>\n\t\t<\/div>\n\t\t\t\t<div class=\"elementor-column elementor-col-50 elementor-top-column elementor-element elementor-element-3cd3a600\" data-id=\"3cd3a600\" data-element_type=\"column\" data-e-type=\"column\">\n\t\t\t<div class=\"elementor-widget-wrap elementor-element-populated\">\n\t\t\t\t\t\t<div class=\"elementor-element elementor-element-7aa2bf5f elementor-widget elementor-widget-text-editor\" data-id=\"7aa2bf5f\" data-element_type=\"widget\" data-e-type=\"widget\" data-widget_type=\"text-editor.default\">\n\t\t\t\t<div class=\"elementor-widget-container\">\n\t\t\t\t\t\t\t\t\t<p>Visitar el\u00a0<span class=\"hiddenSpellError\">Vicpuntzero<\/span>\u00a0es vivir una experiencia que nos sumerge en el punto m\u00e1s alto del centro hist\u00f3rico, donde Vic empez\u00f3 hace 2.000 a\u00f1os con la creaci\u00f3n de la ciudad romana de\u00a0<span class=\"hiddenSpellError\">Auso<\/span>.<\/p><p>Actualmente, en este mismo epicentro se\u00a0sit\u00faa el punto de partida para el visitante para descubrir la ciudad de Vic, y poder interpretar su pasado y entender su presente. Es aqu\u00ed donde empieza nuestra, y ahora, vuestra historia&#8230;<\/p>\t\t\t\t\t\t\t\t<\/div>\n\t\t\t\t<\/div>\n\t\t\t\t\t<\/div>\n\t\t<\/div>\n\t\t\t\t\t<\/div>\n\t\t<\/section>\n\t\t\t\t<section class=\"elementor-section elementor-top-section elementor-element elementor-element-a3b961d elementor-section-full_width elementor-section-height-min-height elementor-section-items-stretch elementor-section-height-default\" data-id=\"a3b961d\" data-element_type=\"section\" data-e-type=\"section\" id=\"uppage\" data-settings=\"{&quot;background_background&quot;:&quot;classic&quot;}\">\n\t\t\t\t\t\t<div class=\"elementor-container elementor-column-gap-default\">\n\t\t\t\t\t<div class=\"elementor-column elementor-col-50 elementor-top-column elementor-element elementor-element-1e41b845\" data-id=\"1e41b845\" data-element_type=\"column\" data-e-type=\"column\" data-settings=\"{&quot;background_background&quot;:&quot;classic&quot;}\">\n\t\t\t<div class=\"elementor-widget-wrap elementor-element-populated\">\n\t\t\t\t\t\t<div class=\"elementor-element elementor-element-4c75f6a8 elementor-widget elementor-widget-spacer\" data-id=\"4c75f6a8\" data-element_type=\"widget\" data-e-type=\"widget\" data-widget_type=\"spacer.default\">\n\t\t\t\t<div class=\"elementor-widget-container\">\n\t\t\t\t\t\t\t<div class=\"elementor-spacer\">\n\t\t\t<div class=\"elementor-spacer-inner\"><\/div>\n\t\t<\/div>\n\t\t\t\t\t\t<\/div>\n\t\t\t\t<\/div>\n\t\t\t\t\t<\/div>\n\t\t<\/div>\n\t\t\t\t<div class=\"elementor-column elementor-col-50 elementor-top-column elementor-element elementor-element-13212576\" data-id=\"13212576\" data-element_type=\"column\" data-e-type=\"column\" data-settings=\"{&quot;background_background&quot;:&quot;classic&quot;}\">\n\t\t\t<div class=\"elementor-widget-wrap elementor-element-populated\">\n\t\t\t\t\t\t<div class=\"elementor-element elementor-element-2c5c69a8 elementor-widget elementor-widget-text-editor\" data-id=\"2c5c69a8\" data-element_type=\"widget\" data-e-type=\"widget\" data-widget_type=\"text-editor.default\">\n\t\t\t\t<div class=\"elementor-widget-container\">\n\t\t\t\t\t\t\t\t\t<p>La experiencia\u00a0<span class=\"hiddenSpellError\">Vicpuntzero<\/span>\u00a0es una visita guiada que nos reinterpreta el conjunto arquitect\u00f3nico de la iglesia barroca de la\u00a0<span class=\"hiddenSpellError\">Pietat<\/span>\u00a0con su campanario y el yacimiento arqueol\u00f3gico de la Capilla Fonda, con restos tardo antiguos y medievales.<\/p><p>Finalmente, el visitante va a vibrar con el audiovisual titulado: \u00abVic, un viaje por el tiempo y el arte\u00bb, d\u00f3nde se nos propone un recorrido por la historia de la ciudad con el arte como hilo conductor, con una potente e innovadora propuesta tecnol\u00f3gica.<\/p><p>De especial inter\u00e9s es la intervenci\u00f3n arquitect\u00f3nica, que ha puesto en valor este conjunto patrimonial, creada por el arquitecto Toni Giron\u00e8s, el cual ha sido finalista de los premios por el Fomento de las Artes y el Dise\u00f1o (FAD) en la categor\u00eda de Ciudad y Paisaje 2021.<\/p>\t\t\t\t\t\t\t\t<\/div>\n\t\t\t\t<\/div>\n\t\t\t\t\t<\/div>\n\t\t<\/div>\n\t\t\t\t\t<\/div>\n\t\t<\/section>\n\t\t\t\t<section class=\"elementor-section elementor-top-section elementor-element elementor-element-11fd47c elementor-section-full_width elementor-section-height-min-height elementor-section-items-stretch elementor-section-height-default\" data-id=\"11fd47c\" data-element_type=\"section\" data-e-type=\"section\" data-settings=\"{&quot;background_background&quot;:&quot;classic&quot;}\">\n\t\t\t\t\t\t<div class=\"elementor-container elementor-column-gap-default\">\n\t\t\t\t\t<div class=\"elementor-column elementor-col-50 elementor-top-column elementor-element elementor-element-9c52755\" data-id=\"9c52755\" data-element_type=\"column\" data-e-type=\"column\" data-settings=\"{&quot;background_background&quot;:&quot;classic&quot;}\">\n\t\t\t<div class=\"elementor-widget-wrap elementor-element-populated\">\n\t\t\t\t\t\t<div class=\"elementor-element elementor-element-c04787e elementor-widget elementor-widget-text-editor\" data-id=\"c04787e\" data-element_type=\"widget\" data-e-type=\"widget\" data-widget_type=\"text-editor.default\">\n\t\t\t\t<div class=\"elementor-widget-container\">\n\t\t\t\t\t\t\t\t\t<p>Este conjunto arquitect\u00f3nico est\u00e1 situado al lado del Templo Romano y los restos del Castillo de los Montcada, que nos indican la importancia de este espacio.\u00a0 Por este motivo, la experiencia recibe el nombre de Vicpuntzero porque se sit\u00faa en el epicentro fundacional de la ciudad.<\/p>\t\t\t\t\t\t\t\t<\/div>\n\t\t\t\t<\/div>\n\t\t\t\t\t<\/div>\n\t\t<\/div>\n\t\t\t\t<div class=\"elementor-column elementor-col-50 elementor-top-column elementor-element elementor-element-7da78d2\" data-id=\"7da78d2\" data-element_type=\"column\" data-e-type=\"column\">\n\t\t\t<div class=\"elementor-widget-wrap elementor-element-populated\">\n\t\t\t\t\t\t<div class=\"elementor-element elementor-element-8b44f82 elementor-widget elementor-widget-spacer\" data-id=\"8b44f82\" data-element_type=\"widget\" data-e-type=\"widget\" data-widget_type=\"spacer.default\">\n\t\t\t\t<div class=\"elementor-widget-container\">\n\t\t\t\t\t\t\t<div class=\"elementor-spacer\">\n\t\t\t<div class=\"elementor-spacer-inner\"><\/div>\n\t\t<\/div>\n\t\t\t\t\t\t<\/div>\n\t\t\t\t<\/div>\n\t\t\t\t\t<\/div>\n\t\t<\/div>\n\t\t\t\t\t<\/div>\n\t\t<\/section>\n\t\t\t\t<section class=\"elementor-section elementor-top-section elementor-element elementor-element-e884c21 elementor-section-full_width elementor-section-height-min-height elementor-section-items-stretch elementor-section-height-default\" data-id=\"e884c21\" data-element_type=\"section\" data-e-type=\"section\" data-settings=\"{&quot;background_background&quot;:&quot;classic&quot;}\">\n\t\t\t\t\t\t<div class=\"elementor-container elementor-column-gap-default\">\n\t\t\t\t\t<div class=\"elementor-column elementor-col-50 elementor-top-column elementor-element elementor-element-78ff659\" data-id=\"78ff659\" data-element_type=\"column\" data-e-type=\"column\">\n\t\t\t<div class=\"elementor-widget-wrap elementor-element-populated\">\n\t\t\t\t\t\t<div class=\"elementor-element elementor-element-d6ad0af elementor-widget elementor-widget-spacer\" data-id=\"d6ad0af\" data-element_type=\"widget\" data-e-type=\"widget\" data-widget_type=\"spacer.default\">\n\t\t\t\t<div class=\"elementor-widget-container\">\n\t\t\t\t\t\t\t<div class=\"elementor-spacer\">\n\t\t\t<div class=\"elementor-spacer-inner\"><\/div>\n\t\t<\/div>\n\t\t\t\t\t\t<\/div>\n\t\t\t\t<\/div>\n\t\t\t\t\t<\/div>\n\t\t<\/div>\n\t\t\t\t<div class=\"elementor-column elementor-col-50 elementor-top-column elementor-element elementor-element-4b9a83d\" data-id=\"4b9a83d\" data-element_type=\"column\" data-e-type=\"column\" data-settings=\"{&quot;background_background&quot;:&quot;classic&quot;}\">\n\t\t\t<div class=\"elementor-widget-wrap elementor-element-populated\">\n\t\t\t\t\t\t<div class=\"elementor-element elementor-element-470fe4b elementor-widget elementor-widget-text-editor\" data-id=\"470fe4b\" data-element_type=\"widget\" data-e-type=\"widget\" data-widget_type=\"text-editor.default\">\n\t\t\t\t<div class=\"elementor-widget-container\">\n\t\t\t\t\t\t\t\t\t<p>As\u00ed pues, visitar el Vicpuntzero es vivir el latido de la ciudad de Vic a trav\u00e9s del tiempo, de la historia y del arte.<\/p><p>Os esperamos aqu\u00ed, en el Vicpuntzero, \u00a1donde la ciudad empieza!\u00a0\u00a0<\/p>\t\t\t\t\t\t\t\t<\/div>\n\t\t\t\t<\/div>\n\t\t\t\t\t<\/div>\n\t\t<\/div>\n\t\t\t\t\t<\/div>\n\t\t<\/section>\n\t\t\t\t<\/div>\n\t\t","protected":false},"excerpt":{"rendered":"<p>El origen de una historia Visitar el\u00a0Vicpuntzero\u00a0es vivir una experiencia que nos sumerge en el punto m\u00e1s alto del centro hist\u00f3rico, donde Vic empez\u00f3 hace 2.000 a\u00f1os con la creaci\u00f3n de la ciudad romana de\u00a0Auso. Actualmente, en este mismo epicentro se\u00a0sit\u00faa el punto de partida para el visitante para descubrir la ciudad de Vic, y [&hellip;]<\/p>\n","protected":false},"author":1,"featured_media":3445,"parent":0,"menu_order":0,"comment_status":"closed","ping_status":"closed","template":"","meta":{"footnotes":""},"class_list":["post-2663","page","type-page","status-publish","has-post-thumbnail","hentry"],"yoast_head":"<!-- This site is optimized with the Yoast SEO plugin v23.9 - https:\/\/yoast.com\/wordpress\/plugins\/seo\/ -->\n<title>Un poco de Historia... | Vic<\/title>\n<meta name=\"description\" content=\"Visitar el Vicpuntzero es vivir una experiencia que nos sumerge en el punto m\u00e1s alto del centro hist\u00f3rico, donde Vic empez\u00f3 hace 2.000 a\u00f1os con la creaci\u00f3n de la ciudad romana de Auso.Actualmente, en este mismo epicentro se sit\u00faa el punto de partida para el visitante para descubrir la ciudad de Vic, y poder interpretar su pasado y entender su presente. Es aqu\u00ed donde empieza nuestra, y ahora, vuestra historia\u2026\" \/>\n<meta name=\"robots\" content=\"index, follow, max-snippet:-1, max-image-preview:large, max-video-preview:-1\" \/>\n<link rel=\"canonical\" href=\"https:\/\/www.vicpuntzero.cat\/es\/un-poco-de-historia\/\" \/>\n<meta property=\"og:locale\" content=\"es_ES\" \/>\n<meta property=\"og:type\" content=\"article\" \/>\n<meta property=\"og:title\" content=\"Un poco de Historia... | Vic\" \/>\n<meta property=\"og:description\" content=\"Visitar el Vicpuntzero es vivir una experiencia que nos sumerge en el punto m\u00e1s alto del centro hist\u00f3rico, donde Vic empez\u00f3 hace 2.000 a\u00f1os con la creaci\u00f3n de la ciudad romana de Auso.Actualmente, en este mismo epicentro se sit\u00faa el punto de partida para el visitante para descubrir la ciudad de Vic, y poder interpretar su pasado y entender su presente. Es aqu\u00ed donde empieza nuestra, y ahora, vuestra historia\u2026\" \/>\n<meta property=\"og:url\" content=\"https:\/\/www.vicpuntzero.cat\/es\/un-poco-de-historia\/\" \/>\n<meta property=\"og:site_name\" content=\"Vic\" \/>\n<meta property=\"article:modified_time\" content=\"2024-05-08T11:26:22+00:00\" \/>\n<meta property=\"og:image\" content=\"https:\/\/www.vicpuntzero.cat\/wp-content\/uploads\/2021\/03\/AU8A2912.jpg\" \/>\n\t<meta property=\"og:image:width\" content=\"1280\" \/>\n\t<meta property=\"og:image:height\" content=\"1920\" \/>\n\t<meta property=\"og:image:type\" content=\"image\/jpeg\" \/>\n<meta name=\"twitter:card\" content=\"summary_large_image\" \/>\n<meta name=\"twitter:label1\" content=\"Tiempo de lectura\" \/>\n\t<meta name=\"twitter:data1\" content=\"2 minutos\" \/>\n<script type=\"application\/ld+json\" class=\"yoast-schema-graph\">{\"@context\":\"https:\/\/schema.org\",\"@graph\":[{\"@type\":\"WebPage\",\"@id\":\"https:\/\/www.vicpuntzero.cat\/es\/un-poco-de-historia\/\",\"url\":\"https:\/\/www.vicpuntzero.cat\/es\/un-poco-de-historia\/\",\"name\":\"Un poco de Historia... | Vic\",\"isPartOf\":{\"@id\":\"https:\/\/www.vicpuntzero.cat\/#website\"},\"primaryImageOfPage\":{\"@id\":\"https:\/\/www.vicpuntzero.cat\/es\/un-poco-de-historia\/#primaryimage\"},\"image\":{\"@id\":\"https:\/\/www.vicpuntzero.cat\/es\/un-poco-de-historia\/#primaryimage\"},\"thumbnailUrl\":\"https:\/\/www.vicpuntzero.cat\/wp-content\/uploads\/2021\/03\/AU8A2912.jpg\",\"datePublished\":\"2021-01-29T08:38:57+00:00\",\"dateModified\":\"2024-05-08T11:26:22+00:00\",\"description\":\"Visitar el Vicpuntzero es vivir una experiencia que nos sumerge en el punto m\u00e1s alto del centro hist\u00f3rico, donde Vic empez\u00f3 hace 2.000 a\u00f1os con la creaci\u00f3n de la ciudad romana de Auso.Actualmente, en este mismo epicentro se sit\u00faa el punto de partida para el visitante para descubrir la ciudad de Vic, y poder interpretar su pasado y entender su presente. Es aqu\u00ed donde empieza nuestra, y ahora, vuestra historia\u2026\",\"breadcrumb\":{\"@id\":\"https:\/\/www.vicpuntzero.cat\/es\/un-poco-de-historia\/#breadcrumb\"},\"inLanguage\":\"es\",\"potentialAction\":[{\"@type\":\"ReadAction\",\"target\":[\"https:\/\/www.vicpuntzero.cat\/es\/un-poco-de-historia\/\"]}]},{\"@type\":\"ImageObject\",\"inLanguage\":\"es\",\"@id\":\"https:\/\/www.vicpuntzero.cat\/es\/un-poco-de-historia\/#primaryimage\",\"url\":\"https:\/\/www.vicpuntzero.cat\/wp-content\/uploads\/2021\/03\/AU8A2912.jpg\",\"contentUrl\":\"https:\/\/www.vicpuntzero.cat\/wp-content\/uploads\/2021\/03\/AU8A2912.jpg\",\"width\":1280,\"height\":1920},{\"@type\":\"BreadcrumbList\",\"@id\":\"https:\/\/www.vicpuntzero.cat\/es\/un-poco-de-historia\/#breadcrumb\",\"itemListElement\":[{\"@type\":\"ListItem\",\"position\":1,\"name\":\"Inici\",\"item\":\"https:\/\/www.vicpuntzero.cat\/\"},{\"@type\":\"ListItem\",\"position\":2,\"name\":\"Un poco de Historia&#8230;\"}]},{\"@type\":\"WebSite\",\"@id\":\"https:\/\/www.vicpuntzero.cat\/#website\",\"url\":\"https:\/\/www.vicpuntzero.cat\/\",\"name\":\"Vic\",\"description\":\"L&#039;origen d&#039;una hist\u00f2ria\",\"publisher\":{\"@id\":\"https:\/\/www.vicpuntzero.cat\/#organization\"},\"potentialAction\":[{\"@type\":\"SearchAction\",\"target\":{\"@type\":\"EntryPoint\",\"urlTemplate\":\"https:\/\/www.vicpuntzero.cat\/?s={search_term_string}\"},\"query-input\":{\"@type\":\"PropertyValueSpecification\",\"valueRequired\":true,\"valueName\":\"search_term_string\"}}],\"inLanguage\":\"es\"},{\"@type\":\"Organization\",\"@id\":\"https:\/\/www.vicpuntzero.cat\/#organization\",\"name\":\"Vicpuntzero\",\"url\":\"https:\/\/www.vicpuntzero.cat\/\",\"logo\":{\"@type\":\"ImageObject\",\"inLanguage\":\"es\",\"@id\":\"https:\/\/www.vicpuntzero.cat\/#\/schema\/logo\/image\/\",\"url\":\"https:\/\/www.vicpuntzero.cat\/wp-content\/uploads\/2020\/12\/cropped-COLOR_POSITIU_HORITZONTAL.png\",\"contentUrl\":\"https:\/\/www.vicpuntzero.cat\/wp-content\/uploads\/2020\/12\/cropped-COLOR_POSITIU_HORITZONTAL.png\",\"width\":1920,\"height\":640,\"caption\":\"Vicpuntzero\"},\"image\":{\"@id\":\"https:\/\/www.vicpuntzero.cat\/#\/schema\/logo\/image\/\"}}]}<\/script>\n<!-- \/ Yoast SEO plugin. -->","yoast_head_json":{"title":"Un poco de Historia... | Vic","description":"Visitar el Vicpuntzero es vivir una experiencia que nos sumerge en el punto m\u00e1s alto del centro hist\u00f3rico, donde Vic empez\u00f3 hace 2.000 a\u00f1os con la creaci\u00f3n de la ciudad romana de Auso.Actualmente, en este mismo epicentro se sit\u00faa el punto de partida para el visitante para descubrir la ciudad de Vic, y poder interpretar su pasado y entender su presente. Es aqu\u00ed donde empieza nuestra, y ahora, vuestra historia\u2026","robots":{"index":"index","follow":"follow","max-snippet":"max-snippet:-1","max-image-preview":"max-image-preview:large","max-video-preview":"max-video-preview:-1"},"canonical":"https:\/\/www.vicpuntzero.cat\/es\/un-poco-de-historia\/","og_locale":"es_ES","og_type":"article","og_title":"Un poco de Historia... | Vic","og_description":"Visitar el Vicpuntzero es vivir una experiencia que nos sumerge en el punto m\u00e1s alto del centro hist\u00f3rico, donde Vic empez\u00f3 hace 2.000 a\u00f1os con la creaci\u00f3n de la ciudad romana de Auso.Actualmente, en este mismo epicentro se sit\u00faa el punto de partida para el visitante para descubrir la ciudad de Vic, y poder interpretar su pasado y entender su presente. Es aqu\u00ed donde empieza nuestra, y ahora, vuestra historia\u2026","og_url":"https:\/\/www.vicpuntzero.cat\/es\/un-poco-de-historia\/","og_site_name":"Vic","article_modified_time":"2024-05-08T11:26:22+00:00","og_image":[{"width":1280,"height":1920,"url":"https:\/\/www.vicpuntzero.cat\/wp-content\/uploads\/2021\/03\/AU8A2912.jpg","type":"image\/jpeg"}],"twitter_card":"summary_large_image","twitter_misc":{"Tiempo de lectura":"2 minutos"},"schema":{"@context":"https:\/\/schema.org","@graph":[{"@type":"WebPage","@id":"https:\/\/www.vicpuntzero.cat\/es\/un-poco-de-historia\/","url":"https:\/\/www.vicpuntzero.cat\/es\/un-poco-de-historia\/","name":"Un poco de Historia... | Vic","isPartOf":{"@id":"https:\/\/www.vicpuntzero.cat\/#website"},"primaryImageOfPage":{"@id":"https:\/\/www.vicpuntzero.cat\/es\/un-poco-de-historia\/#primaryimage"},"image":{"@id":"https:\/\/www.vicpuntzero.cat\/es\/un-poco-de-historia\/#primaryimage"},"thumbnailUrl":"https:\/\/www.vicpuntzero.cat\/wp-content\/uploads\/2021\/03\/AU8A2912.jpg","datePublished":"2021-01-29T08:38:57+00:00","dateModified":"2024-05-08T11:26:22+00:00","description":"Visitar el Vicpuntzero es vivir una experiencia que nos sumerge en el punto m\u00e1s alto del centro hist\u00f3rico, donde Vic empez\u00f3 hace 2.000 a\u00f1os con la creaci\u00f3n de la ciudad romana de Auso.Actualmente, en este mismo epicentro se sit\u00faa el punto de partida para el visitante para descubrir la ciudad de Vic, y poder interpretar su pasado y entender su presente. Es aqu\u00ed donde empieza nuestra, y ahora, vuestra historia\u2026","breadcrumb":{"@id":"https:\/\/www.vicpuntzero.cat\/es\/un-poco-de-historia\/#breadcrumb"},"inLanguage":"es","potentialAction":[{"@type":"ReadAction","target":["https:\/\/www.vicpuntzero.cat\/es\/un-poco-de-historia\/"]}]},{"@type":"ImageObject","inLanguage":"es","@id":"https:\/\/www.vicpuntzero.cat\/es\/un-poco-de-historia\/#primaryimage","url":"https:\/\/www.vicpuntzero.cat\/wp-content\/uploads\/2021\/03\/AU8A2912.jpg","contentUrl":"https:\/\/www.vicpuntzero.cat\/wp-content\/uploads\/2021\/03\/AU8A2912.jpg","width":1280,"height":1920},{"@type":"BreadcrumbList","@id":"https:\/\/www.vicpuntzero.cat\/es\/un-poco-de-historia\/#breadcrumb","itemListElement":[{"@type":"ListItem","position":1,"name":"Inici","item":"https:\/\/www.vicpuntzero.cat\/"},{"@type":"ListItem","position":2,"name":"Un poco de Historia&#8230;"}]},{"@type":"WebSite","@id":"https:\/\/www.vicpuntzero.cat\/#website","url":"https:\/\/www.vicpuntzero.cat\/","name":"Vic","description":"L&#039;origen d&#039;una hist\u00f2ria","publisher":{"@id":"https:\/\/www.vicpuntzero.cat\/#organization"},"potentialAction":[{"@type":"SearchAction","target":{"@type":"EntryPoint","urlTemplate":"https:\/\/www.vicpuntzero.cat\/?s={search_term_string}"},"query-input":{"@type":"PropertyValueSpecification","valueRequired":true,"valueName":"search_term_string"}}],"inLanguage":"es"},{"@type":"Organization","@id":"https:\/\/www.vicpuntzero.cat\/#organization","name":"Vicpuntzero","url":"https:\/\/www.vicpuntzero.cat\/","logo":{"@type":"ImageObject","inLanguage":"es","@id":"https:\/\/www.vicpuntzero.cat\/#\/schema\/logo\/image\/","url":"https:\/\/www.vicpuntzero.cat\/wp-content\/uploads\/2020\/12\/cropped-COLOR_POSITIU_HORITZONTAL.png","contentUrl":"https:\/\/www.vicpuntzero.cat\/wp-content\/uploads\/2020\/12\/cropped-COLOR_POSITIU_HORITZONTAL.png","width":1920,"height":640,"caption":"Vicpuntzero"},"image":{"@id":"https:\/\/www.vicpuntzero.cat\/#\/schema\/logo\/image\/"}}]}},"_links":{"self":[{"href":"https:\/\/www.vicpuntzero.cat\/es\/wp-json\/wp\/v2\/pages\/2663","targetHints":{"allow":["GET"]}}],"collection":[{"href":"https:\/\/www.vicpuntzero.cat\/es\/wp-json\/wp\/v2\/pages"}],"about":[{"href":"https:\/\/www.vicpuntzero.cat\/es\/wp-json\/wp\/v2\/types\/page"}],"author":[{"embeddable":true,"href":"https:\/\/www.vicpuntzero.cat\/es\/wp-json\/wp\/v2\/users\/1"}],"replies":[{"embeddable":true,"href":"https:\/\/www.vicpuntzero.cat\/es\/wp-json\/wp\/v2\/comments?post=2663"}],"version-history":[{"count":46,"href":"https:\/\/www.vicpuntzero.cat\/es\/wp-json\/wp\/v2\/pages\/2663\/revisions"}],"predecessor-version":[{"id":18986,"href":"https:\/\/www.vicpuntzero.cat\/es\/wp-json\/wp\/v2\/pages\/2663\/revisions\/18986"}],"wp:featuredmedia":[{"embeddable":true,"href":"https:\/\/www.vicpuntzero.cat\/es\/wp-json\/wp\/v2\/media\/3445"}],"wp:attachment":[{"href":"https:\/\/www.vicpuntzero.cat\/es\/wp-json\/wp\/v2\/media?parent=2663"}],"curies":[{"name":"wp","href":"https:\/\/api.w.org\/{rel}","templated":true}]}}