{"id":2639,"date":"2018-02-23T12:15:24","date_gmt":"2018-02-23T12:15:24","guid":{"rendered":"https:\/\/www.vicpuntzero.cat\/?page_id=2639"},"modified":"2025-04-08T12:22:43","modified_gmt":"2025-04-08T10:22:43","slug":"servicio-educativo","status":"publish","type":"page","link":"https:\/\/www.vicpuntzero.cat\/es\/servicio-educativo\/","title":{"rendered":"Actividades educativas"},"content":{"rendered":"\t\t<div data-elementor-type=\"wp-post\" data-elementor-id=\"2639\" class=\"elementor elementor-2639 elementor-7\" data-elementor-post-type=\"page\">\n\t\t\t\t\t\t<section class=\"elementor-section elementor-top-section elementor-element elementor-element-119b8b91 elementor-section-height-min-height elementor-section-items-stretch elementor-section-boxed elementor-section-height-default\" data-id=\"119b8b91\" data-element_type=\"section\" data-e-type=\"section\" id=\"uppage\" data-settings=\"{&quot;background_background&quot;:&quot;classic&quot;}\">\n\t\t\t\t\t\t\t<div class=\"elementor-background-overlay\"><\/div>\n\t\t\t\t\t\t\t<div class=\"elementor-container elementor-column-gap-default\">\n\t\t\t\t\t<div class=\"elementor-column elementor-col-50 elementor-top-column elementor-element elementor-element-58efeeb9\" data-id=\"58efeeb9\" data-element_type=\"column\" data-e-type=\"column\">\n\t\t\t<div class=\"elementor-widget-wrap elementor-element-populated\">\n\t\t\t\t\t\t<div class=\"elementor-element elementor-element-220cea12 elementor-widget elementor-widget-heading\" data-id=\"220cea12\" data-element_type=\"widget\" data-e-type=\"widget\" data-widget_type=\"heading.default\">\n\t\t\t\t<div class=\"elementor-widget-container\">\n\t\t\t\t\t<h1 class=\"elementor-heading-title elementor-size-default\">Actividades  educativas<\/h1>\t\t\t\t<\/div>\n\t\t\t\t<\/div>\n\t\t\t\t\t<\/div>\n\t\t<\/div>\n\t\t\t\t<div class=\"elementor-column elementor-col-50 elementor-top-column elementor-element elementor-element-100d2eb0\" data-id=\"100d2eb0\" data-element_type=\"column\" data-e-type=\"column\">\n\t\t\t<div class=\"elementor-widget-wrap elementor-element-populated\">\n\t\t\t\t\t\t<div class=\"elementor-element elementor-element-41e5fe6 elementor-widget elementor-widget-text-editor\" data-id=\"41e5fe6\" data-element_type=\"widget\" data-e-type=\"widget\" data-widget_type=\"text-editor.default\">\n\t\t\t\t<div class=\"elementor-widget-container\">\n\t\t\t\t\t\t\t\t\t<p>El <span class=\"hiddenSpellError\">Vicpuntzero<\/span> en colaboraci\u00f3n con el Museo de Arte Medieval de Vic (<span class=\"hiddenSpellError\">MEV<\/span>) proponen una visitada adaptada, competencial y curricular para las etapas de primaria y secundaria, junto con dos talleres. Estas tres propuestas educativas tienen como principal objetivo desvelar el inter\u00e9s por la propia historia, facilitando las herramientas para conocer el pasado, entender el presente y participar activamente en la construcci\u00f3n del futuro.<\/p><p>En este sentido, las actividades educativas que planteamos inciden en la formaci\u00f3n significativa, dando el protagonismo a las diferentes comunidades de aprendizaje en la construcci\u00f3n del conocimiento y aportan herramientas necesarias para desarrollar el esp\u00edritu cr\u00edtico de los ni\u00f1os, ni\u00f1as y j\u00f3venes.<\/p><p>Por este motivo, partimos de la interrogaci\u00f3n y no de la certidumbre, de la reflexi\u00f3n en la acci\u00f3n y no de la simple transmisi\u00f3n de conocimientos, de la revisi\u00f3n de las fuentes\u00a0hist\u00f3ricas\u00a0y no de las miradas un\u00edvocas, del cuestionamiento y no del prejuicio. Todo esto es posible aplicando una metodolog\u00eda participativa y cr\u00edtica, que establece un di\u00e1logo entre el pasado y el presente.<\/p><p>Actividades educativas:<\/p><p>Visita guiada: Vic, arte\u00a0e\u00a0historia.\u00a0\u00a1Un\u00a0viaje\u00a0fant\u00e1stico\u00a0en el tiempo!<\/p><p>Taller de arqueolog\u00eda: Siguiendo el latido de las piedras.<\/p><p>Taller de arte: \u00a1Revelamos! Huellas de arte e historia.<\/p><p>Estas actividades se llevan a cabo en el espacio del\u00a0<span class=\"hiddenSpellError\">Vicpuntzero<\/span>\u00a0y del\u00a0<span class=\"hiddenSpellError\">MEV<\/span>.<\/p><p>Precio por grupo 95\u20ac<br \/>M\u00e1s informaci\u00f3n y reservas en el MEV: reserves@museuartmedieval.cat, o bien al tel\u00e9fono 93 886 93 60.<\/p>\t\t\t\t\t\t\t\t<\/div>\n\t\t\t\t<\/div>\n\t\t\t\t<div class=\"elementor-element elementor-element-a7aecc8 elementor-align-center elementor-widget elementor-widget-button\" data-id=\"a7aecc8\" data-element_type=\"widget\" data-e-type=\"widget\" data-widget_type=\"button.default\">\n\t\t\t\t<div class=\"elementor-widget-container\">\n\t\t\t\t\t\t\t\t\t<div class=\"elementor-button-wrapper\">\n\t\t\t\t\t<a class=\"elementor-button elementor-button-link elementor-size-md\" href=\"https:\/\/www.vicpuntzero.cat\/es\/servicios-educativos-curso-2021-2022\/\">\n\t\t\t\t\t\t<span class=\"elementor-button-content-wrapper\">\n\t\t\t\t\t\t\t\t\t<span class=\"elementor-button-text\">Clicar aqu\u00ed para ver actividades educativas<\/span>\n\t\t\t\t\t<\/span>\n\t\t\t\t\t<\/a>\n\t\t\t\t<\/div>\n\t\t\t\t\t\t\t\t<\/div>\n\t\t\t\t<\/div>\n\t\t\t\t\t<\/div>\n\t\t<\/div>\n\t\t\t\t\t<\/div>\n\t\t<\/section>\n\t\t\t\t<section class=\"elementor-section elementor-inner-section elementor-element elementor-element-bc18c9b elementor-section-boxed elementor-section-height-default elementor-section-height-default\" data-id=\"bc18c9b\" data-element_type=\"section\" data-e-type=\"section\" data-settings=\"{&quot;background_background&quot;:&quot;classic&quot;}\">\n\t\t\t\t\t\t\t<div class=\"elementor-background-overlay\"><\/div>\n\t\t\t\t\t\t\t<div class=\"elementor-container elementor-column-gap-wider\">\n\t\t\t\t\t<div class=\"elementor-column elementor-col-100 elementor-inner-column elementor-element elementor-element-24a449d\" data-id=\"24a449d\" data-element_type=\"column\" data-e-type=\"column\">\n\t\t\t<div class=\"elementor-widget-wrap\">\n\t\t\t\t\t\t\t<\/div>\n\t\t<\/div>\n\t\t\t\t\t<\/div>\n\t\t<\/section>\n\t\t\t\t<\/div>\n\t\t","protected":false},"excerpt":{"rendered":"<p>Actividades educativas El Vicpuntzero en colaboraci\u00f3n con el Museo de Arte Medieval de Vic (MEV) proponen una visitada adaptada, competencial y curricular para las etapas de primaria y secundaria, junto con dos talleres. Estas tres propuestas educativas tienen como principal objetivo desvelar el inter\u00e9s por la propia historia, facilitando las herramientas para conocer el pasado, [&hellip;]<\/p>\n","protected":false},"author":1,"featured_media":8192,"parent":0,"menu_order":0,"comment_status":"closed","ping_status":"open","template":"","meta":{"footnotes":""},"class_list":["post-2639","page","type-page","status-publish","has-post-thumbnail","hentry"],"yoast_head":"<!-- This site is optimized with the Yoast SEO plugin v23.9 - https:\/\/yoast.com\/wordpress\/plugins\/seo\/ -->\n<title>Actividades educativas | Vic<\/title>\n<meta name=\"robots\" content=\"index, follow, max-snippet:-1, max-image-preview:large, max-video-preview:-1\" \/>\n<link rel=\"canonical\" href=\"https:\/\/www.vicpuntzero.cat\/es\/servicio-educativo\/\" \/>\n<meta property=\"og:locale\" content=\"es_ES\" \/>\n<meta property=\"og:type\" content=\"article\" \/>\n<meta property=\"og:title\" content=\"Actividades educativas | Vic\" \/>\n<meta property=\"og:description\" content=\"Actividades educativas El Vicpuntzero en colaboraci\u00f3n con el Museo de Arte Medieval de Vic (MEV) proponen una visitada adaptada, competencial y curricular para las etapas de primaria y secundaria, junto con dos talleres. Estas tres propuestas educativas tienen como principal objetivo desvelar el inter\u00e9s por la propia historia, facilitando las herramientas para conocer el pasado, [&hellip;]\" \/>\n<meta property=\"og:url\" content=\"https:\/\/www.vicpuntzero.cat\/es\/servicio-educativo\/\" \/>\n<meta property=\"og:site_name\" content=\"Vic\" \/>\n<meta property=\"article:modified_time\" content=\"2025-04-08T10:22:43+00:00\" \/>\n<meta property=\"og:image\" content=\"https:\/\/www.vicpuntzero.cat\/wp-content\/uploads\/2021\/06\/AU8A1396.jpg\" \/>\n\t<meta property=\"og:image:width\" content=\"1920\" \/>\n\t<meta property=\"og:image:height\" content=\"1273\" \/>\n\t<meta property=\"og:image:type\" content=\"image\/jpeg\" \/>\n<meta name=\"twitter:card\" content=\"summary_large_image\" \/>\n<meta name=\"twitter:label1\" content=\"Tiempo de lectura\" \/>\n\t<meta name=\"twitter:data1\" content=\"2 minutos\" \/>\n<script type=\"application\/ld+json\" class=\"yoast-schema-graph\">{\"@context\":\"https:\/\/schema.org\",\"@graph\":[{\"@type\":\"WebPage\",\"@id\":\"https:\/\/www.vicpuntzero.cat\/es\/servicio-educativo\/\",\"url\":\"https:\/\/www.vicpuntzero.cat\/es\/servicio-educativo\/\",\"name\":\"Actividades educativas | Vic\",\"isPartOf\":{\"@id\":\"https:\/\/www.vicpuntzero.cat\/#website\"},\"primaryImageOfPage\":{\"@id\":\"https:\/\/www.vicpuntzero.cat\/es\/servicio-educativo\/#primaryimage\"},\"image\":{\"@id\":\"https:\/\/www.vicpuntzero.cat\/es\/servicio-educativo\/#primaryimage\"},\"thumbnailUrl\":\"https:\/\/www.vicpuntzero.cat\/wp-content\/uploads\/2021\/06\/AU8A1396.jpg\",\"datePublished\":\"2018-02-23T12:15:24+00:00\",\"dateModified\":\"2025-04-08T10:22:43+00:00\",\"breadcrumb\":{\"@id\":\"https:\/\/www.vicpuntzero.cat\/es\/servicio-educativo\/#breadcrumb\"},\"inLanguage\":\"es\",\"potentialAction\":[{\"@type\":\"ReadAction\",\"target\":[\"https:\/\/www.vicpuntzero.cat\/es\/servicio-educativo\/\"]}]},{\"@type\":\"ImageObject\",\"inLanguage\":\"es\",\"@id\":\"https:\/\/www.vicpuntzero.cat\/es\/servicio-educativo\/#primaryimage\",\"url\":\"https:\/\/www.vicpuntzero.cat\/wp-content\/uploads\/2021\/06\/AU8A1396.jpg\",\"contentUrl\":\"https:\/\/www.vicpuntzero.cat\/wp-content\/uploads\/2021\/06\/AU8A1396.jpg\",\"width\":1920,\"height\":1273,\"caption\":\"S\"},{\"@type\":\"BreadcrumbList\",\"@id\":\"https:\/\/www.vicpuntzero.cat\/es\/servicio-educativo\/#breadcrumb\",\"itemListElement\":[{\"@type\":\"ListItem\",\"position\":1,\"name\":\"Inici\",\"item\":\"https:\/\/www.vicpuntzero.cat\/\"},{\"@type\":\"ListItem\",\"position\":2,\"name\":\"Actividades educativas\"}]},{\"@type\":\"WebSite\",\"@id\":\"https:\/\/www.vicpuntzero.cat\/#website\",\"url\":\"https:\/\/www.vicpuntzero.cat\/\",\"name\":\"Vic\",\"description\":\"L&#039;origen d&#039;una hist\u00f2ria\",\"publisher\":{\"@id\":\"https:\/\/www.vicpuntzero.cat\/#organization\"},\"potentialAction\":[{\"@type\":\"SearchAction\",\"target\":{\"@type\":\"EntryPoint\",\"urlTemplate\":\"https:\/\/www.vicpuntzero.cat\/?s={search_term_string}\"},\"query-input\":{\"@type\":\"PropertyValueSpecification\",\"valueRequired\":true,\"valueName\":\"search_term_string\"}}],\"inLanguage\":\"es\"},{\"@type\":\"Organization\",\"@id\":\"https:\/\/www.vicpuntzero.cat\/#organization\",\"name\":\"Vicpuntzero\",\"url\":\"https:\/\/www.vicpuntzero.cat\/\",\"logo\":{\"@type\":\"ImageObject\",\"inLanguage\":\"es\",\"@id\":\"https:\/\/www.vicpuntzero.cat\/#\/schema\/logo\/image\/\",\"url\":\"https:\/\/www.vicpuntzero.cat\/wp-content\/uploads\/2020\/12\/cropped-COLOR_POSITIU_HORITZONTAL.png\",\"contentUrl\":\"https:\/\/www.vicpuntzero.cat\/wp-content\/uploads\/2020\/12\/cropped-COLOR_POSITIU_HORITZONTAL.png\",\"width\":1920,\"height\":640,\"caption\":\"Vicpuntzero\"},\"image\":{\"@id\":\"https:\/\/www.vicpuntzero.cat\/#\/schema\/logo\/image\/\"}}]}<\/script>\n<!-- \/ Yoast SEO plugin. -->","yoast_head_json":{"title":"Actividades educativas | Vic","robots":{"index":"index","follow":"follow","max-snippet":"max-snippet:-1","max-image-preview":"max-image-preview:large","max-video-preview":"max-video-preview:-1"},"canonical":"https:\/\/www.vicpuntzero.cat\/es\/servicio-educativo\/","og_locale":"es_ES","og_type":"article","og_title":"Actividades educativas | Vic","og_description":"Actividades educativas El Vicpuntzero en colaboraci\u00f3n con el Museo de Arte Medieval de Vic (MEV) proponen una visitada adaptada, competencial y curricular para las etapas de primaria y secundaria, junto con dos talleres. Estas tres propuestas educativas tienen como principal objetivo desvelar el inter\u00e9s por la propia historia, facilitando las herramientas para conocer el pasado, [&hellip;]","og_url":"https:\/\/www.vicpuntzero.cat\/es\/servicio-educativo\/","og_site_name":"Vic","article_modified_time":"2025-04-08T10:22:43+00:00","og_image":[{"width":1920,"height":1273,"url":"https:\/\/www.vicpuntzero.cat\/wp-content\/uploads\/2021\/06\/AU8A1396.jpg","type":"image\/jpeg"}],"twitter_card":"summary_large_image","twitter_misc":{"Tiempo de lectura":"2 minutos"},"schema":{"@context":"https:\/\/schema.org","@graph":[{"@type":"WebPage","@id":"https:\/\/www.vicpuntzero.cat\/es\/servicio-educativo\/","url":"https:\/\/www.vicpuntzero.cat\/es\/servicio-educativo\/","name":"Actividades educativas | Vic","isPartOf":{"@id":"https:\/\/www.vicpuntzero.cat\/#website"},"primaryImageOfPage":{"@id":"https:\/\/www.vicpuntzero.cat\/es\/servicio-educativo\/#primaryimage"},"image":{"@id":"https:\/\/www.vicpuntzero.cat\/es\/servicio-educativo\/#primaryimage"},"thumbnailUrl":"https:\/\/www.vicpuntzero.cat\/wp-content\/uploads\/2021\/06\/AU8A1396.jpg","datePublished":"2018-02-23T12:15:24+00:00","dateModified":"2025-04-08T10:22:43+00:00","breadcrumb":{"@id":"https:\/\/www.vicpuntzero.cat\/es\/servicio-educativo\/#breadcrumb"},"inLanguage":"es","potentialAction":[{"@type":"ReadAction","target":["https:\/\/www.vicpuntzero.cat\/es\/servicio-educativo\/"]}]},{"@type":"ImageObject","inLanguage":"es","@id":"https:\/\/www.vicpuntzero.cat\/es\/servicio-educativo\/#primaryimage","url":"https:\/\/www.vicpuntzero.cat\/wp-content\/uploads\/2021\/06\/AU8A1396.jpg","contentUrl":"https:\/\/www.vicpuntzero.cat\/wp-content\/uploads\/2021\/06\/AU8A1396.jpg","width":1920,"height":1273,"caption":"S"},{"@type":"BreadcrumbList","@id":"https:\/\/www.vicpuntzero.cat\/es\/servicio-educativo\/#breadcrumb","itemListElement":[{"@type":"ListItem","position":1,"name":"Inici","item":"https:\/\/www.vicpuntzero.cat\/"},{"@type":"ListItem","position":2,"name":"Actividades educativas"}]},{"@type":"WebSite","@id":"https:\/\/www.vicpuntzero.cat\/#website","url":"https:\/\/www.vicpuntzero.cat\/","name":"Vic","description":"L&#039;origen d&#039;una hist\u00f2ria","publisher":{"@id":"https:\/\/www.vicpuntzero.cat\/#organization"},"potentialAction":[{"@type":"SearchAction","target":{"@type":"EntryPoint","urlTemplate":"https:\/\/www.vicpuntzero.cat\/?s={search_term_string}"},"query-input":{"@type":"PropertyValueSpecification","valueRequired":true,"valueName":"search_term_string"}}],"inLanguage":"es"},{"@type":"Organization","@id":"https:\/\/www.vicpuntzero.cat\/#organization","name":"Vicpuntzero","url":"https:\/\/www.vicpuntzero.cat\/","logo":{"@type":"ImageObject","inLanguage":"es","@id":"https:\/\/www.vicpuntzero.cat\/#\/schema\/logo\/image\/","url":"https:\/\/www.vicpuntzero.cat\/wp-content\/uploads\/2020\/12\/cropped-COLOR_POSITIU_HORITZONTAL.png","contentUrl":"https:\/\/www.vicpuntzero.cat\/wp-content\/uploads\/2020\/12\/cropped-COLOR_POSITIU_HORITZONTAL.png","width":1920,"height":640,"caption":"Vicpuntzero"},"image":{"@id":"https:\/\/www.vicpuntzero.cat\/#\/schema\/logo\/image\/"}}]}},"_links":{"self":[{"href":"https:\/\/www.vicpuntzero.cat\/es\/wp-json\/wp\/v2\/pages\/2639","targetHints":{"allow":["GET"]}}],"collection":[{"href":"https:\/\/www.vicpuntzero.cat\/es\/wp-json\/wp\/v2\/pages"}],"about":[{"href":"https:\/\/www.vicpuntzero.cat\/es\/wp-json\/wp\/v2\/types\/page"}],"author":[{"embeddable":true,"href":"https:\/\/www.vicpuntzero.cat\/es\/wp-json\/wp\/v2\/users\/1"}],"replies":[{"embeddable":true,"href":"https:\/\/www.vicpuntzero.cat\/es\/wp-json\/wp\/v2\/comments?post=2639"}],"version-history":[{"count":60,"href":"https:\/\/www.vicpuntzero.cat\/es\/wp-json\/wp\/v2\/pages\/2639\/revisions"}],"predecessor-version":[{"id":27650,"href":"https:\/\/www.vicpuntzero.cat\/es\/wp-json\/wp\/v2\/pages\/2639\/revisions\/27650"}],"wp:featuredmedia":[{"embeddable":true,"href":"https:\/\/www.vicpuntzero.cat\/es\/wp-json\/wp\/v2\/media\/8192"}],"wp:attachment":[{"href":"https:\/\/www.vicpuntzero.cat\/es\/wp-json\/wp\/v2\/media?parent=2639"}],"curies":[{"name":"wp","href":"https:\/\/api.w.org\/{rel}","templated":true}]}}