{"id":12136,"date":"2023-07-04T12:05:55","date_gmt":"2023-07-04T10:05:55","guid":{"rendered":"https:\/\/www.vicpuntzero.cat\/?page_id=12136"},"modified":"2025-04-08T12:29:39","modified_gmt":"2025-04-08T10:29:39","slug":"mapping-al-templo-romano","status":"publish","type":"page","link":"https:\/\/www.vicpuntzero.cat\/es\/mapping-al-templo-romano\/","title":{"rendered":"Mapping\u00a0al templo romano"},"content":{"rendered":"\t\t<div data-elementor-type=\"wp-page\" data-elementor-id=\"12136\" class=\"elementor elementor-12136 elementor-11981\" data-elementor-post-type=\"page\">\n\t\t\t\t\t\t<section class=\"elementor-section elementor-top-section elementor-element elementor-element-b21537b elementor-section-boxed elementor-section-height-default elementor-section-height-default\" data-id=\"b21537b\" data-element_type=\"section\" data-e-type=\"section\" data-settings=\"{&quot;background_background&quot;:&quot;classic&quot;}\">\n\t\t\t\t\t\t\t<div class=\"elementor-background-overlay\"><\/div>\n\t\t\t\t\t\t\t<div class=\"elementor-container elementor-column-gap-default\">\n\t\t\t\t\t<div class=\"elementor-column elementor-col-100 elementor-top-column elementor-element elementor-element-b0c8aae\" data-id=\"b0c8aae\" data-element_type=\"column\" data-e-type=\"column\">\n\t\t\t<div class=\"elementor-widget-wrap elementor-element-populated\">\n\t\t\t\t\t\t<div class=\"elementor-element elementor-element-86f8708 elementor-widget elementor-widget-heading\" data-id=\"86f8708\" data-element_type=\"widget\" data-e-type=\"widget\" data-widget_type=\"heading.default\">\n\t\t\t\t<div class=\"elementor-widget-container\">\n\t\t\t\t\t<h2 class=\"elementor-heading-title elementor-size-xxl\">Mapping en el Templo Romano de Vic<\/h2>\t\t\t\t<\/div>\n\t\t\t\t<\/div>\n\t\t\t\t<div class=\"elementor-element elementor-element-ff1784d elementor-widget elementor-widget-text-editor\" data-id=\"ff1784d\" data-element_type=\"widget\" data-e-type=\"widget\" data-widget_type=\"text-editor.default\">\n\t\t\t\t<div class=\"elementor-widget-container\">\n\t\t\t\t\t\t\t\t\t<h5>Un espacio, dos mil a\u00f1os de historia.<\/h5><h5>Os explicamos la historia del recinto del Templo Romano con t\u00e9cnicas de video mapeo. En el punto m\u00e1s alto del centro hist\u00f3rico, la pared sur del Templo Romano nos sirve como lienzo para explicar este lugar que ha cambiado a lo largo del tiempo.<\/h5><h5>El mapping se enmarca en el proyecto VICPUNTZERO, un proyecto que pone en valor la importancia de este lugar donde nos encontramos, no solo el recinto del Templo Romano, sino toda una isla de casas que denominamos la Isla de la Pietat, situada en el punto m\u00e1s alto del centro hist\u00f3rico, y que ha sido uno de los puntos a partir de los cuales se estructur\u00f3 la ciudad.<\/h5><h5>En esta isla de casas se hace patente, m\u00e1s que en otra, la larga historia de Vic. Aqu\u00ed encontramos el Templo Romano, del siglo I, en el mismo lugar, a su alrededor, los restos del castillo medieval desde donde se gobern\u00f3 parte de la ciudad durante siglos. Adosada en el castillo hab\u00eda la iglesia rom\u00e1nica de Sant Sadurn\u00ed, de la cual podemos ver varios restos y que con los siglos se ampli\u00f3 y se convirti\u00f3 en la iglesia de la Pietat, este gran edificio barroco construido en el siglo XVII.<\/h5><h5>Se trata, pues, de un conjunto de edificios \u00edntimamente relacionados entre ellos y que forman un conjunto patrimonial de gran valor para la ciudad de Vic, en un lugar que consideramos el espacio fundacional de la ciudad, que fue fundada por los romanos.<\/h5><h5>Dos mil a\u00f1os de historia en un mismo espacio, dos edificios en uno, el lugar donde Vic empez\u00f3.<\/h5><h5>\u00a0<\/h5><h5>Actividad nocturna gratuita.<\/h5><h5>Duraci\u00f3n 6 minutos (Consulte pr\u00f3ximas fechas).<\/h5>\t\t\t\t\t\t\t\t<\/div>\n\t\t\t\t<\/div>\n\t\t\t\t\t<\/div>\n\t\t<\/div>\n\t\t\t\t\t<\/div>\n\t\t<\/section>\n\t\t\t\t<\/div>\n\t\t","protected":false},"excerpt":{"rendered":"<p>Mapping en el Templo Romano de Vic Un espacio, dos mil a\u00f1os de historia. Os explicamos la historia del recinto del Templo Romano con t\u00e9cnicas de video mapeo. En el punto m\u00e1s alto del centro hist\u00f3rico, la pared sur del Templo Romano nos sirve como lienzo para explicar este lugar que ha cambiado a lo [&hellip;]<\/p>\n","protected":false},"author":93,"featured_media":0,"parent":0,"menu_order":0,"comment_status":"closed","ping_status":"closed","template":"","meta":{"footnotes":""},"class_list":["post-12136","page","type-page","status-publish","hentry"],"yoast_head":"<!-- This site is optimized with the Yoast SEO plugin v23.9 - https:\/\/yoast.com\/wordpress\/plugins\/seo\/ -->\n<title>Mapping\u00a0al templo romano | Vic<\/title>\n<meta name=\"robots\" content=\"index, follow, max-snippet:-1, max-image-preview:large, max-video-preview:-1\" \/>\n<link rel=\"canonical\" href=\"https:\/\/www.vicpuntzero.cat\/es\/mapping-al-templo-romano\/\" \/>\n<meta property=\"og:locale\" content=\"es_ES\" \/>\n<meta property=\"og:type\" content=\"article\" \/>\n<meta property=\"og:title\" content=\"Mapping\u00a0al templo romano | Vic\" \/>\n<meta property=\"og:description\" content=\"Mapping en el Templo Romano de Vic Un espacio, dos mil a\u00f1os de historia. Os explicamos la historia del recinto del Templo Romano con t\u00e9cnicas de video mapeo. En el punto m\u00e1s alto del centro hist\u00f3rico, la pared sur del Templo Romano nos sirve como lienzo para explicar este lugar que ha cambiado a lo [&hellip;]\" \/>\n<meta property=\"og:url\" content=\"https:\/\/www.vicpuntzero.cat\/es\/mapping-al-templo-romano\/\" \/>\n<meta property=\"og:site_name\" content=\"Vic\" \/>\n<meta property=\"article:modified_time\" content=\"2025-04-08T10:29:39+00:00\" \/>\n<meta name=\"twitter:card\" content=\"summary_large_image\" \/>\n<meta name=\"twitter:label1\" content=\"Tiempo de lectura\" \/>\n\t<meta name=\"twitter:data1\" content=\"2 minutos\" \/>\n<script type=\"application\/ld+json\" class=\"yoast-schema-graph\">{\"@context\":\"https:\/\/schema.org\",\"@graph\":[{\"@type\":\"WebPage\",\"@id\":\"https:\/\/www.vicpuntzero.cat\/es\/mapping-al-templo-romano\/\",\"url\":\"https:\/\/www.vicpuntzero.cat\/es\/mapping-al-templo-romano\/\",\"name\":\"Mapping\u00a0al templo romano | Vic\",\"isPartOf\":{\"@id\":\"https:\/\/www.vicpuntzero.cat\/#website\"},\"datePublished\":\"2023-07-04T10:05:55+00:00\",\"dateModified\":\"2025-04-08T10:29:39+00:00\",\"breadcrumb\":{\"@id\":\"https:\/\/www.vicpuntzero.cat\/es\/mapping-al-templo-romano\/#breadcrumb\"},\"inLanguage\":\"es\",\"potentialAction\":[{\"@type\":\"ReadAction\",\"target\":[\"https:\/\/www.vicpuntzero.cat\/es\/mapping-al-templo-romano\/\"]}]},{\"@type\":\"BreadcrumbList\",\"@id\":\"https:\/\/www.vicpuntzero.cat\/es\/mapping-al-templo-romano\/#breadcrumb\",\"itemListElement\":[{\"@type\":\"ListItem\",\"position\":1,\"name\":\"Inici\",\"item\":\"https:\/\/www.vicpuntzero.cat\/\"},{\"@type\":\"ListItem\",\"position\":2,\"name\":\"Mapping\u00a0al templo romano\"}]},{\"@type\":\"WebSite\",\"@id\":\"https:\/\/www.vicpuntzero.cat\/#website\",\"url\":\"https:\/\/www.vicpuntzero.cat\/\",\"name\":\"Vic\",\"description\":\"L&#039;origen d&#039;una hist\u00f2ria\",\"publisher\":{\"@id\":\"https:\/\/www.vicpuntzero.cat\/#organization\"},\"potentialAction\":[{\"@type\":\"SearchAction\",\"target\":{\"@type\":\"EntryPoint\",\"urlTemplate\":\"https:\/\/www.vicpuntzero.cat\/?s={search_term_string}\"},\"query-input\":{\"@type\":\"PropertyValueSpecification\",\"valueRequired\":true,\"valueName\":\"search_term_string\"}}],\"inLanguage\":\"es\"},{\"@type\":\"Organization\",\"@id\":\"https:\/\/www.vicpuntzero.cat\/#organization\",\"name\":\"Vicpuntzero\",\"url\":\"https:\/\/www.vicpuntzero.cat\/\",\"logo\":{\"@type\":\"ImageObject\",\"inLanguage\":\"es\",\"@id\":\"https:\/\/www.vicpuntzero.cat\/#\/schema\/logo\/image\/\",\"url\":\"https:\/\/www.vicpuntzero.cat\/wp-content\/uploads\/2020\/12\/cropped-COLOR_POSITIU_HORITZONTAL.png\",\"contentUrl\":\"https:\/\/www.vicpuntzero.cat\/wp-content\/uploads\/2020\/12\/cropped-COLOR_POSITIU_HORITZONTAL.png\",\"width\":1920,\"height\":640,\"caption\":\"Vicpuntzero\"},\"image\":{\"@id\":\"https:\/\/www.vicpuntzero.cat\/#\/schema\/logo\/image\/\"}}]}<\/script>\n<!-- \/ Yoast SEO plugin. -->","yoast_head_json":{"title":"Mapping\u00a0al templo romano | Vic","robots":{"index":"index","follow":"follow","max-snippet":"max-snippet:-1","max-image-preview":"max-image-preview:large","max-video-preview":"max-video-preview:-1"},"canonical":"https:\/\/www.vicpuntzero.cat\/es\/mapping-al-templo-romano\/","og_locale":"es_ES","og_type":"article","og_title":"Mapping\u00a0al templo romano | Vic","og_description":"Mapping en el Templo Romano de Vic Un espacio, dos mil a\u00f1os de historia. Os explicamos la historia del recinto del Templo Romano con t\u00e9cnicas de video mapeo. En el punto m\u00e1s alto del centro hist\u00f3rico, la pared sur del Templo Romano nos sirve como lienzo para explicar este lugar que ha cambiado a lo [&hellip;]","og_url":"https:\/\/www.vicpuntzero.cat\/es\/mapping-al-templo-romano\/","og_site_name":"Vic","article_modified_time":"2025-04-08T10:29:39+00:00","twitter_card":"summary_large_image","twitter_misc":{"Tiempo de lectura":"2 minutos"},"schema":{"@context":"https:\/\/schema.org","@graph":[{"@type":"WebPage","@id":"https:\/\/www.vicpuntzero.cat\/es\/mapping-al-templo-romano\/","url":"https:\/\/www.vicpuntzero.cat\/es\/mapping-al-templo-romano\/","name":"Mapping\u00a0al templo romano | Vic","isPartOf":{"@id":"https:\/\/www.vicpuntzero.cat\/#website"},"datePublished":"2023-07-04T10:05:55+00:00","dateModified":"2025-04-08T10:29:39+00:00","breadcrumb":{"@id":"https:\/\/www.vicpuntzero.cat\/es\/mapping-al-templo-romano\/#breadcrumb"},"inLanguage":"es","potentialAction":[{"@type":"ReadAction","target":["https:\/\/www.vicpuntzero.cat\/es\/mapping-al-templo-romano\/"]}]},{"@type":"BreadcrumbList","@id":"https:\/\/www.vicpuntzero.cat\/es\/mapping-al-templo-romano\/#breadcrumb","itemListElement":[{"@type":"ListItem","position":1,"name":"Inici","item":"https:\/\/www.vicpuntzero.cat\/"},{"@type":"ListItem","position":2,"name":"Mapping\u00a0al templo romano"}]},{"@type":"WebSite","@id":"https:\/\/www.vicpuntzero.cat\/#website","url":"https:\/\/www.vicpuntzero.cat\/","name":"Vic","description":"L&#039;origen d&#039;una hist\u00f2ria","publisher":{"@id":"https:\/\/www.vicpuntzero.cat\/#organization"},"potentialAction":[{"@type":"SearchAction","target":{"@type":"EntryPoint","urlTemplate":"https:\/\/www.vicpuntzero.cat\/?s={search_term_string}"},"query-input":{"@type":"PropertyValueSpecification","valueRequired":true,"valueName":"search_term_string"}}],"inLanguage":"es"},{"@type":"Organization","@id":"https:\/\/www.vicpuntzero.cat\/#organization","name":"Vicpuntzero","url":"https:\/\/www.vicpuntzero.cat\/","logo":{"@type":"ImageObject","inLanguage":"es","@id":"https:\/\/www.vicpuntzero.cat\/#\/schema\/logo\/image\/","url":"https:\/\/www.vicpuntzero.cat\/wp-content\/uploads\/2020\/12\/cropped-COLOR_POSITIU_HORITZONTAL.png","contentUrl":"https:\/\/www.vicpuntzero.cat\/wp-content\/uploads\/2020\/12\/cropped-COLOR_POSITIU_HORITZONTAL.png","width":1920,"height":640,"caption":"Vicpuntzero"},"image":{"@id":"https:\/\/www.vicpuntzero.cat\/#\/schema\/logo\/image\/"}}]}},"_links":{"self":[{"href":"https:\/\/www.vicpuntzero.cat\/es\/wp-json\/wp\/v2\/pages\/12136","targetHints":{"allow":["GET"]}}],"collection":[{"href":"https:\/\/www.vicpuntzero.cat\/es\/wp-json\/wp\/v2\/pages"}],"about":[{"href":"https:\/\/www.vicpuntzero.cat\/es\/wp-json\/wp\/v2\/types\/page"}],"author":[{"embeddable":true,"href":"https:\/\/www.vicpuntzero.cat\/es\/wp-json\/wp\/v2\/users\/93"}],"replies":[{"embeddable":true,"href":"https:\/\/www.vicpuntzero.cat\/es\/wp-json\/wp\/v2\/comments?post=12136"}],"version-history":[{"count":29,"href":"https:\/\/www.vicpuntzero.cat\/es\/wp-json\/wp\/v2\/pages\/12136\/revisions"}],"predecessor-version":[{"id":28269,"href":"https:\/\/www.vicpuntzero.cat\/es\/wp-json\/wp\/v2\/pages\/12136\/revisions\/28269"}],"wp:attachment":[{"href":"https:\/\/www.vicpuntzero.cat\/es\/wp-json\/wp\/v2\/media?parent=12136"}],"curies":[{"name":"wp","href":"https:\/\/api.w.org\/{rel}","templated":true}]}}